{"id":3163,"date":"2021-03-16T06:45:26","date_gmt":"2021-03-16T05:45:26","guid":{"rendered":"https:\/\/www.camping-var-tomasses.fr\/camping-piscine-var\/"},"modified":"2022-05-25T15:08:27","modified_gmt":"2022-05-25T13:08:27","slug":"camping-zwembad-zuid-frankrijk","status":"publish","type":"page","link":"https:\/\/www.camping-var-tomasses.fr\/nl\/camping-zwembad-zuid-frankrijk\/","title":{"rendered":"Camping : La Piscine"},"content":{"rendered":"<section id=\"section-60506e6b8641a\"\" class=\"section titre-interne bg-white p-b-0\" \/><div class=\"container extralarge\"><h1 class=\"element section-title center\">CAMPING MET ZWEMBAD IN ZUID FRANKRIJK<\/h1><\/div><\/section>\n\n<section id=\"section-60506e6b86538\"\" class=\"section bg-white p-t-0\" \/><div class=\"container extralarge\"><div class=\"element bloc-text center \">\n\t<p><span style=\"font-weight: 400;\">Zoekt u een 4 sterren camping met zwembad in Zuid Frankrijk voor uw familievakantie ?<\/span><\/p>\n<\/div><\/div><\/section>\n\n<section id=\"section-60506e6b86724\"\" class=\"section bg-white p-t-0 p-b-0\" \/><div class=\"container full\"><div class=\"colonnes-wrap valign-middle \"><div class=\"element colonne p-x-6\"><h2 class=\"element section-title justify\">CAMPING MET ZWEMBAD IN HET ZUIDEN AAN ZEE<\/h2><div class=\"element bloc-text justify \">\n\t<p>Onze camping Flower met zwembad, ideaal gelegen aan zee aan de Franse Rivi\u00e8ra, op 23 km van Hy\u00e8res, nodigt u uit om te genieten van de geneugten van het zwemmen in warm water van 27\u00b0C om uw vakantie aan de Franse Rivi\u00e8ra te veraangenamen. Ongeacht het seizoen, geniet van onze stacaravans met verwarmd zwembad in Zuid-Frankrijk om te zwemmen van april tot september.<\/p>\n<p>Onze camping met verwarmd zwembad in het zuidoosten van Frankrijk is een genot voor tieners en volwassenen die kunnen zwemmen in warm water voor een betere zwemervaring in elk seizoen tot het vallen van de avond.<\/p>\n<p>Ons verwarmde peuterbad en het water zijn ideaal voor jonge kinderen. Het is ondiep zodat kinderen zich veilig voelen. Om ze te begeleiden in deze momenten van waterspelletjes, kunt u hun boeien of hun favoriete waterspelletjes meebrengen. Onze camping heeft een zwembad waar kinderen dol op zijn. Spelen in het water is een van hun favoriete bezigheden. Ze brengen uren door in het zwembad en maken nieuwe vriendjes.<\/p>\n<p>Onze camping in Zuid-Frankrijk wacht op u voor een watervakantie met het gezin in de Provence Alpes C\u00f4te d&#8217;Azur.<\/p>\n<\/div><\/div><div class=\"element colonne p-0\"><div class=\"element images scroll-x-mobile\"><div class=\"image\"><img decoding=\"async\" src=\"https:\/\/www.camping-var-tomasses.fr\/wp-content\/uploads\/2021\/03\/piscine-enfants-100x58.jpg\" data-src=\"https:\/\/www.camping-var-tomasses.fr\/wp-content\/uploads\/2021\/03\/piscine-enfants.jpg\" alt=\"piscine enfants\" class=\"images_image\"  loading=\"lazy\"\/><\/div><\/div><\/div><\/div><\/div><\/section>\n\n<section id=\"section-60506e6b86896\"\" class=\"section bg-white p-t-0 p-b-0\" \/><div class=\"container full\"><div class=\"element images scroll-x-mobile\"><div class=\"image\"><img decoding=\"async\" src=\"https:\/\/www.camping-var-tomasses.fr\/wp-content\/uploads\/2021\/03\/bouee-enfant-100x74.jpg\" data-src=\"https:\/\/www.camping-var-tomasses.fr\/wp-content\/uploads\/2021\/03\/bouee-enfant.jpg\" alt=\"bouee enfant\" class=\"images_image\"  loading=\"lazy\"\/><\/div><div class=\"image\"><img decoding=\"async\" src=\"https:\/\/www.camping-var-tomasses.fr\/wp-content\/uploads\/2021\/03\/piscines-decouvertes-100x74.jpg\" data-src=\"https:\/\/www.camping-var-tomasses.fr\/wp-content\/uploads\/2021\/03\/piscines-decouvertes.jpg\" alt=\"piscines decouvertes\" class=\"images_image\"  loading=\"lazy\"\/><\/div><div class=\"image\"><img decoding=\"async\" src=\"https:\/\/www.camping-var-tomasses.fr\/wp-content\/uploads\/2021\/03\/bouee-enfant-nage-100x74.jpg\" data-src=\"https:\/\/www.camping-var-tomasses.fr\/wp-content\/uploads\/2021\/03\/bouee-enfant-nage.jpg\" alt=\"bouee enfant nage\" class=\"images_image\"  loading=\"lazy\"\/><\/div><div class=\"image\"><img decoding=\"async\" src=\"https:\/\/www.camping-var-tomasses.fr\/wp-content\/uploads\/2021\/03\/nage-garcon-100x74.jpg\" data-src=\"https:\/\/www.camping-var-tomasses.fr\/wp-content\/uploads\/2021\/03\/nage-garcon.jpg\" alt=\"nage garcon\" class=\"images_image\"  loading=\"lazy\"\/><\/div><\/div><\/div><\/section>\n\n<section id=\"section-605067bcbc72a\"\" class=\"section bg-white p-t-0 p-b-0\" \/><div class=\"container full\"><div class=\"colonnes-wrap valign-middle \"><div class=\"element colonne p-0\"><div class=\"element images scroll-x-mobile\"><div class=\"image\"><img decoding=\"async\" src=\"https:\/\/www.camping-var-tomasses.fr\/wp-content\/uploads\/2021\/03\/piscine-detente-100x58.jpg\" data-src=\"https:\/\/www.camping-var-tomasses.fr\/wp-content\/uploads\/2021\/03\/piscine-detente.jpg\" alt=\"piscine detente\" class=\"images_image\"  loading=\"lazy\"\/><\/div><\/div><\/div><div class=\"element colonne p-x-6\"><h2 class=\"element section-title justify\">CAMPING MET WATERPARK AAN DE FRANSE RIVIERA BIJ HYERES<\/h2><div class=\"element bloc-text justify \">\n\t<p>Onze Flower camping met waterpark in de Var bij Hy\u00e8res heeft een verwarmd buitenzwembad en peuterbad met vrije toegang. Voor uw comfort is het solarium rond het zwembad en het pierenbad overdekt met kunstgras voor een originele en gezellige inrichting. Leg uw handdoek neer op het zwembadterras en praat met uw buren over uw toeristische uitstapjes rond de camping. In deze groene ruimte kunnen vakantiegangers met hun vrienden afspreken in het pierenbadje. Waar tieners spelen en plezier maken in het grote zwembad. En waar ouders kunnen kletsen en delen met hun buren.<\/p>\n<p>Onze Flower camping met verwarmd waterpark in de Var is geschikt voor gezinnen. De kinderen spelen in het pierenbad terwijl de ouders ontspannen en zonnebaden op een van onze ligbedden onder de zon van de C\u00f4te d Azur voor een puur moment van ontspanning.<\/p>\n<\/div><\/div><\/div><\/div><\/section>\n\n<section id=\"section-la\"\" class=\"section bg-white p-t-0 p-b-0\" \/><div class=\"container full\"><div class=\"colonnes-wrap valign-middle \"><div class=\"element colonne p-x-6\"><h2 class=\"element section-title justify\">CAMPING MET WATERPARK IN HET ZUIDEN VAN FRANKRIJK<\/h2><div class=\"element bloc-text justify \">\n\t<p>Onze Flower camping met verwarmd waterpark in het zuiden van Frankrijk is de place to be voor al onze vakantiegangers. In juli en augustus biedt onze animator u waterpolotoernooien aan. In de zwembaden worden waterpret en waterspelletjes georganiseerd tijdens onze wekelijkse nachtelijke zwembadanimatie tot 23 uur. Ga met uw gezin en veel plezier voor uw nachtelijke zwempartij !<\/p>\n<p>Geniet samen met uw kinderen van ons zwemparadijs in Zuid-Frankrijk om u op te frissen na een uitstapje naar de mooie stranden van Hy\u00e8res.<\/p>\n<p>Kampeervakantie met verwarmd zwembad in Zuid-Frankrijk voor onvergetelijke familieherinneringen.<\/p>\n<p>De regels van ons zwemparadijs:<\/p>\n<ul>\n<li>Het zwembad is elke dag geopend van 10 uur tot 20 uur.<\/li>\n<li>De zwembaden zijn toegankelijk voor zwemmers met een armband die u bij aankomst op de camping wordt overhandigd voor een veilig verblijf. Alleen zwembroeken, slips en boxershorts zijn toegestaan, zwemshorts zijn niet toegestaan.<\/li>\n<li>De afmetingen van het grote zwembad zijn 14m x 8m x 1,65m en het pierenbadje is 8m x 3m x 0,40m. Zwemmen in deze zwembaden is alleen toegestaan onder toezicht van een verantwoordelijke volwassene.<\/li>\n<\/ul>\n<\/div><\/div><div class=\"element colonne p-0\"><div class=\"element images scroll-x-mobile\"><div class=\"image\"><img decoding=\"async\" src=\"https:\/\/www.camping-var-tomasses.fr\/wp-content\/uploads\/2021\/03\/piscine-chauffee-hyeres-100x74.jpg\" data-src=\"https:\/\/www.camping-var-tomasses.fr\/wp-content\/uploads\/2021\/03\/piscine-chauffee-hyeres.jpg\" alt=\"piscine chauff\u00e9e hyeres\" class=\"images_image\"  loading=\"lazy\"\/><\/div><\/div><\/div><\/div><div class=\"element bloc-text center m-t-4\">\n\t<p>Maak van de gelegenheid gebruik om tussen het zwemmen door de Franse Rivi\u00e8ra te ontdekken. Deel de geneugten van het zwemmen in de Middellandse Zee in Hy\u00e8res en op het schiereiland Giens. Rijd langs de Middellandse Zeekust van Sanary sur Mer tot Saint Rapha\u00ebl. Stop aan de Golf van Saint Tropez en bekijk de grote jachten.<\/p>\n<p>Reserveer uw volledig ingerichte stacaravan of uw staanplaats in Zuid-Frankrijk op onze Flower camping les Tomasses voor een droomvakantie met het gezin.<\/p>\n<\/div><\/div><\/section>\n\n<section id=\"section-60506e6b86fe6\"\" class=\"section bg-white\" \/><div class=\"container extralarge\"><div class=\"element section-title center titre-cta\">Onze diensten op de camping<\/div><ul class=\"liste-de-page scroll-x-mobile\"><li class=\"element call-to-action center titre-cta call-to-action--style-1 call-to-action--small\"><a href=\"https:\/\/www.camping-var-tomasses.fr\/nl\/4-sterren-camping-zuid-frankrijk\/\"  class=\"call-to-action_link\" title=\"Lees meer over onze diensten\"><div class=\"call-to-action_image\"><img decoding=\"async\" src=\"https:\/\/www.camping-var-tomasses.fr\/wp-content\/uploads\/2021\/03\/bienvenue-camping-100x56.jpg\" data-src=\"https:\/\/www.camping-var-tomasses.fr\/wp-content\/uploads\/2021\/03\/bienvenue-camping.jpg\" alt=\"bienvenue camping\" class=\"small\"  loading=\"lazy\"\/><\/div><div class=\"call-to-action_contenu\"><div class=\"call-to-action_titre\">Onze diensten<\/div><\/div><\/a><\/li><li class=\"element call-to-action center titre-cta call-to-action--style-1 call-to-action--small call-to-action--style-1 call-to-action--small\"><a href=\"https:\/\/www.camping-var-tomasses.fr\/nl\/camping-animatie-zuid-frankrijk\/\"  class=\"call-to-action_link\" title=\"Lees meer over onze animaties\"><div class=\"call-to-action_image\"><img decoding=\"async\" src=\"https:\/\/www.camping-var-tomasses.fr\/wp-content\/uploads\/2021\/03\/enfants-aire-jeux-100x56.jpg\" data-src=\"https:\/\/www.camping-var-tomasses.fr\/wp-content\/uploads\/2021\/03\/enfants-aire-jeux.jpg\" alt=\"\" class=\"small\"  loading=\"lazy\"\/><\/div><div class=\"call-to-action_contenu\"><div class=\"call-to-action_titre\">Onze animaties<\/div><\/div><\/a><\/li><li class=\"element call-to-action center titre-cta call-to-action--style-1 call-to-action--small call-to-action--style-1 call-to-action--small call-to-action--style-1 call-to-action--small\"><a href=\"https:\/\/www.camping-var-tomasses.fr\/nl\/familie-camping-zuid-frankrijk\/\"  class=\"call-to-action_link\" title=\"Lees meer over natuur\"><div class=\"call-to-action_image\"><img decoding=\"async\" src=\"https:\/\/www.camping-var-tomasses.fr\/wp-content\/uploads\/2021\/03\/couple-randonnee-100x56.jpg\" data-src=\"https:\/\/www.camping-var-tomasses.fr\/wp-content\/uploads\/2021\/03\/couple-randonnee.jpg\" alt=\"couple randonnee\" class=\"small\"  loading=\"lazy\"\/><\/div><div class=\"call-to-action_contenu\"><div class=\"call-to-action_titre\">Natuur<\/div><\/div><\/a><\/li><\/ul><\/div><\/section>","protected":false},"excerpt":{"rendered":"","protected":false},"author":1,"featured_media":8194,"parent":0,"menu_order":0,"comment_status":"closed","ping_status":"closed","template":"","meta":{"_acf_changed":false,"footnotes":""},"class_list":["post-3163","page","type-page","status-publish","has-post-thumbnail","hentry"],"acf":[],"yoast_head":"<!-- This site is optimized with the Yoast SEO plugin v21.8.1 - https:\/\/yoast.com\/wordpress\/plugins\/seo\/ -->\n<title>Zwembad Camping Var | Camping in de Var met waterpark<\/title>\n<meta name=\"description\" content=\"4* camping met peuterbad en verwarmd zwembad in Zuid Frankrijk vlakbij de zee. Een waterpark voor peuters, kleuters, tieners en ouders op een camping in de buurt van Hy\u00e8res les Palmiers.\" \/>\n<meta name=\"robots\" content=\"index, follow, max-snippet:-1, max-image-preview:large, max-video-preview:-1\" \/>\n<link rel=\"canonical\" href=\"https:\/\/www.camping-var-tomasses.fr\/nl\/camping-zwembad-zuid-frankrijk\/\" \/>\n<meta property=\"og:locale\" content=\"nl_NL\" \/>\n<meta property=\"og:type\" content=\"article\" \/>\n<meta property=\"og:title\" content=\"Zwembad Camping Var | Camping in de Var met waterpark\" \/>\n<meta property=\"og:description\" content=\"4* camping met peuterbad en verwarmd zwembad in Zuid Frankrijk vlakbij de zee. Een waterpark voor peuters, kleuters, tieners en ouders op een camping in de buurt van Hy\u00e8res les Palmiers.\" \/>\n<meta property=\"og:url\" content=\"https:\/\/www.camping-var-tomasses.fr\/nl\/camping-zwembad-zuid-frankrijk\/\" \/>\n<meta property=\"og:site_name\" content=\"Camping les Tomasses\" \/>\n<meta property=\"article:modified_time\" content=\"2022-05-25T13:08:27+00:00\" \/>\n<meta property=\"og:image\" content=\"https:\/\/www.camping-var-tomasses.fr\/wp-content\/uploads\/2021\/03\/piscine-var.jpg\" \/>\n\t<meta property=\"og:image:width\" content=\"1903\" \/>\n\t<meta property=\"og:image:height\" content=\"450\" \/>\n\t<meta property=\"og:image:type\" content=\"image\/jpeg\" \/>\n<meta name=\"twitter:card\" content=\"summary_large_image\" \/>\n<script type=\"application\/ld+json\" class=\"yoast-schema-graph\">{\"@context\":\"https:\/\/schema.org\",\"@graph\":[{\"@type\":\"WebPage\",\"@id\":\"https:\/\/www.camping-var-tomasses.fr\/nl\/camping-zwembad-zuid-frankrijk\/\",\"url\":\"https:\/\/www.camping-var-tomasses.fr\/nl\/camping-zwembad-zuid-frankrijk\/\",\"name\":\"Zwembad Camping Var | Camping in de Var met waterpark\",\"isPartOf\":{\"@id\":\"https:\/\/www.camping-var-tomasses.fr\/nl\/#website\"},\"datePublished\":\"2021-03-16T05:45:26+00:00\",\"dateModified\":\"2022-05-25T13:08:27+00:00\",\"description\":\"4* camping met peuterbad en verwarmd zwembad in Zuid Frankrijk vlakbij de zee. Een waterpark voor peuters, kleuters, tieners en ouders op een camping in de buurt van Hy\u00e8res les Palmiers.\",\"breadcrumb\":{\"@id\":\"https:\/\/www.camping-var-tomasses.fr\/nl\/camping-zwembad-zuid-frankrijk\/#breadcrumb\"},\"inLanguage\":\"nl-NL\",\"potentialAction\":[{\"@type\":\"ReadAction\",\"target\":[\"https:\/\/www.camping-var-tomasses.fr\/nl\/camping-zwembad-zuid-frankrijk\/\"]}]},{\"@type\":\"BreadcrumbList\",\"@id\":\"https:\/\/www.camping-var-tomasses.fr\/nl\/camping-zwembad-zuid-frankrijk\/#breadcrumb\",\"itemListElement\":[{\"@type\":\"ListItem\",\"position\":1,\"name\":\"Camping Var\",\"item\":\"https:\/\/www.camping-var-tomasses.fr\/nl\/\"},{\"@type\":\"ListItem\",\"position\":2,\"name\":\"CAMPING ZWEMBAD VAR\"}]},{\"@type\":\"WebSite\",\"@id\":\"https:\/\/www.camping-var-tomasses.fr\/nl\/#website\",\"url\":\"https:\/\/www.camping-var-tomasses.fr\/nl\/\",\"name\":\"Camping les Tomasses\",\"description\":\"\",\"potentialAction\":[{\"@type\":\"SearchAction\",\"target\":{\"@type\":\"EntryPoint\",\"urlTemplate\":\"https:\/\/www.camping-var-tomasses.fr\/nl\/?s={search_term_string}\"},\"query-input\":\"required name=search_term_string\"}],\"inLanguage\":\"nl-NL\"}]}<\/script>\n<!-- \/ Yoast SEO plugin. -->","yoast_head_json":{"title":"Zwembad Camping Var | Camping in de Var met waterpark","description":"4* camping met peuterbad en verwarmd zwembad in Zuid Frankrijk vlakbij de zee. Een waterpark voor peuters, kleuters, tieners en ouders op een camping in de buurt van Hy\u00e8res les Palmiers.","robots":{"index":"index","follow":"follow","max-snippet":"max-snippet:-1","max-image-preview":"max-image-preview:large","max-video-preview":"max-video-preview:-1"},"canonical":"https:\/\/www.camping-var-tomasses.fr\/nl\/camping-zwembad-zuid-frankrijk\/","og_locale":"nl_NL","og_type":"article","og_title":"Zwembad Camping Var | Camping in de Var met waterpark","og_description":"4* camping met peuterbad en verwarmd zwembad in Zuid Frankrijk vlakbij de zee. Een waterpark voor peuters, kleuters, tieners en ouders op een camping in de buurt van Hy\u00e8res les Palmiers.","og_url":"https:\/\/www.camping-var-tomasses.fr\/nl\/camping-zwembad-zuid-frankrijk\/","og_site_name":"Camping les Tomasses","article_modified_time":"2022-05-25T13:08:27+00:00","og_image":[{"width":1903,"height":450,"url":"https:\/\/www.camping-var-tomasses.fr\/wp-content\/uploads\/2021\/03\/piscine-var.jpg","type":"image\/jpeg"}],"twitter_card":"summary_large_image","schema":{"@context":"https:\/\/schema.org","@graph":[{"@type":"WebPage","@id":"https:\/\/www.camping-var-tomasses.fr\/nl\/camping-zwembad-zuid-frankrijk\/","url":"https:\/\/www.camping-var-tomasses.fr\/nl\/camping-zwembad-zuid-frankrijk\/","name":"Zwembad Camping Var | Camping in de Var met waterpark","isPartOf":{"@id":"https:\/\/www.camping-var-tomasses.fr\/nl\/#website"},"datePublished":"2021-03-16T05:45:26+00:00","dateModified":"2022-05-25T13:08:27+00:00","description":"4* camping met peuterbad en verwarmd zwembad in Zuid Frankrijk vlakbij de zee. Een waterpark voor peuters, kleuters, tieners en ouders op een camping in de buurt van Hy\u00e8res les Palmiers.","breadcrumb":{"@id":"https:\/\/www.camping-var-tomasses.fr\/nl\/camping-zwembad-zuid-frankrijk\/#breadcrumb"},"inLanguage":"nl-NL","potentialAction":[{"@type":"ReadAction","target":["https:\/\/www.camping-var-tomasses.fr\/nl\/camping-zwembad-zuid-frankrijk\/"]}]},{"@type":"BreadcrumbList","@id":"https:\/\/www.camping-var-tomasses.fr\/nl\/camping-zwembad-zuid-frankrijk\/#breadcrumb","itemListElement":[{"@type":"ListItem","position":1,"name":"Camping Var","item":"https:\/\/www.camping-var-tomasses.fr\/nl\/"},{"@type":"ListItem","position":2,"name":"CAMPING ZWEMBAD VAR"}]},{"@type":"WebSite","@id":"https:\/\/www.camping-var-tomasses.fr\/nl\/#website","url":"https:\/\/www.camping-var-tomasses.fr\/nl\/","name":"Camping les Tomasses","description":"","potentialAction":[{"@type":"SearchAction","target":{"@type":"EntryPoint","urlTemplate":"https:\/\/www.camping-var-tomasses.fr\/nl\/?s={search_term_string}"},"query-input":"required name=search_term_string"}],"inLanguage":"nl-NL"}]}},"_links":{"self":[{"href":"https:\/\/www.camping-var-tomasses.fr\/nl\/wp-json\/wp\/v2\/pages\/3163","targetHints":{"allow":["GET"]}}],"collection":[{"href":"https:\/\/www.camping-var-tomasses.fr\/nl\/wp-json\/wp\/v2\/pages"}],"about":[{"href":"https:\/\/www.camping-var-tomasses.fr\/nl\/wp-json\/wp\/v2\/types\/page"}],"author":[{"embeddable":true,"href":"https:\/\/www.camping-var-tomasses.fr\/nl\/wp-json\/wp\/v2\/users\/1"}],"replies":[{"embeddable":true,"href":"https:\/\/www.camping-var-tomasses.fr\/nl\/wp-json\/wp\/v2\/comments?post=3163"}],"version-history":[{"count":10,"href":"https:\/\/www.camping-var-tomasses.fr\/nl\/wp-json\/wp\/v2\/pages\/3163\/revisions"}],"predecessor-version":[{"id":6695,"href":"https:\/\/www.camping-var-tomasses.fr\/nl\/wp-json\/wp\/v2\/pages\/3163\/revisions\/6695"}],"wp:featuredmedia":[{"embeddable":true,"href":"https:\/\/www.camping-var-tomasses.fr\/nl\/wp-json\/wp\/v2\/media\/8194"}],"wp:attachment":[{"href":"https:\/\/www.camping-var-tomasses.fr\/nl\/wp-json\/wp\/v2\/media?parent=3163"}],"curies":[{"name":"wp","href":"https:\/\/api.w.org\/{rel}","templated":true}]}}