{"id":2988,"date":"2021-03-16T06:47:48","date_gmt":"2021-03-16T05:47:48","guid":{"rendered":"https:\/\/www.camping-var-tomasses.fr\/contact-acces\/"},"modified":"2021-04-19T15:10:50","modified_gmt":"2021-04-19T13:10:50","slug":"contact-toegang","status":"publish","type":"page","link":"https:\/\/www.camping-var-tomasses.fr\/nl\/contact-toegang\/","title":{"rendered":"Infos et contact"},"content":{"rendered":"<section id=\"section-60506e6b8641a\"\" class=\"section titre-interne bg-white p-b-0\" \/><div class=\"container full\"><h1 class=\"element section-title center\">CONTACT OPNEMEN MET DE CAMPING<\/h1><\/div><\/section>\n\n<section id=\"section-6051d403e43fb\"\" class=\"section bg-white p-t-0 p-b-0\" \/><div class=\"container extralarge\"><div class=\"colonnes-wrap valign-middle \"><div class=\"element colonne \"><div class=\"element bloc-text\">\n\t<script type=\"text\/javascript\" src=\"https:\/\/crm.secureholiday.net\/CRM\/Prospect\/GetWidgetProviderFile\"><\/script>\r\n<div style=\"max-width: 500px; text-align: left;\">\r\n<script>\r\n\t\t\t\tvar customOptions = {\r\n\t\t\t\t\tIdentity:{\r\n\t\t\t\t\t\tCompanyId: '1',\r\n\t\t\t\t\t\tEstablishmentIds: '15375',\r\n\t\t\t\t\t\tLanguage: 'NL',\r\n\t\t\t\t\t\tPolice: 'Indie Flower',\r\n\t\t\t\t\t\tShowHeader: 'true',\r\n\t\t\t\t\t\tHeaderColor: 'cdaf3a',\r\n\t\t\t\t\t\tTextColor: '000000',\r\n\t\t\t\t\t\tBackgroundColor: 'ffffff',\r\n\t\t\t\t\t\tPoliceColor: '000000',\r\n\t\t\t\t\t\tButtonColor: '016196',\r\n\t\t\t\t\t\tHoverColor: 'cdaf3a'\r\n\t\t\t\t\t}\r\n\t\t\t\t};\r\n\t\t\t\t!function(){var e=new window.CTV.Widget(\"CRM\", \"Informations\", customOptions);\r\n\t\t\t\tdocument.write(e.Write()),window.CTV.WidgetsCollection.push(e), e.Send()}();\r\n\t\t\t<\/script>\r\n<\/div><\/div><\/div><div class=\"element colonne \"><h2 class=\"element section-title justify\">CONTACT<\/h2><div class=\"element bloc-text justify \">\n\t<p>Bij uw aankomst of per telefoon, reserveer ik u <strong class=\"bold color2\">een persoonlijk en warm welkom<\/strong>. Ik sta tot uw beschikking om u de vele <strong class=\"bold color2\">goede adressen<\/strong> om te bezoeken met u te delen en ik neem de tijd om u te adviseren over de niet te <strong class=\"bold color2\">missen dingen om te doen en te zien rond de camping<\/strong>.<\/p>\n<p>Reserveren kan rechtstreeks op onze website of per telefoon op +33 (0)4 94 48 92 70. <\/p>\n<p>Om een e-mail naar de camping te sturen, kunt u het volgende formulier gebruiken.<\/p>\n<p>Heeft u vragen over camping Les Tomasses of over uw verblijf ? Aarzel dan niet om contact met mij op te nemen.<\/p>\n<\/div><\/div><\/div><\/div><\/section>\n\n<section id=\"section-6051d403e4598\"\" class=\"section bg-white p-t-0 p-b-0\" \/><div class=\"container full\"><div class=\"colonnes-wrap valign-middle \"><div class=\"element colonne \"><h2 class=\"element section-title justify\">TOEGANG TOT DE CAMPING<\/h2><div class=\"element bloc-text justify \">\n\t<p>Hoe bereikt u de regio Var in het zuiden van Frankrijk ? <\/p>\n<ul>\n<li><strong class=\"bold color2\">Met de auto<\/strong><br \/>\nKomende van Parijs \/ Lyon: Op de A8 &#8211; Afrit n\u00b034: Barjol &#8211; Tourves &#8211; Saint-Maximin-la-Sainte-Baume. Richting Solli\u00e8s-Ponts volgen, daarna Belgentier. De camping ligt aan de rechterkant, 2 km na het dorp Belgentier.<br \/>\nKomende van Bordeaux \/ Marseille: Op de A57 &#8211; afrit n\u00b07: Solli\u00e8s-Toucas &#8211; D554. Volg de D554 en rijd door Solli\u00e8s-Toucas. De camping ligt aan de linkerkant, 2 km voor het dorp Belgentier.<\/li>\n<li><strong class=\"bold color2\">Met het vliegtuig<\/strong><br \/>\nHet dichtstbijzijnde vliegveld bij de camping is het vliegveld Toulon-Hy\u00e8res in Hy\u00e8res, op 25 km afstand. Bij aankomst staat er een taxi voor u klaar bij het station buiten het terminalgebouw bij de aankomsthal.<\/li>\n<li><strong class=\"bold color2\">Met de trein<\/strong><br \/>\nHet dichtstbijzijnde TGV-station is Toulon, op 22 km van de camping. De TGV M\u00e9diterran\u00e9e verbindt Parijs met Toulon in 4u20.<\/li>\n<li><strong class=\"bold color2\">Met de bus<\/strong><br \/>\nAls u geen auto heeft en de Var met het openbaar vervoer wilt ontdekken, kunt u de bus nemen van ZOU! Het regionale vervoersnetwerk ZOU! biedt dagelijks busdiensten aan. Talrijke steden en dorpen worden regelmatig bediend: Toulon, Hy\u00e8res, Cannes, Fr\u00e9jus, Saint Rapha\u00ebl, Saint Tropez&#8230; en de belangrijkste toeristische plekken in de Var. De dichtstbijzijnde bushalte bij de camping is de halte &#8220;l&#8217;escride&#8221; in Belgentier. Deze bevindt zich op 400m van de camping. Om uw uitstapjes te organiseren en uw reis met de bus te vergemakkelijken, kunt u gebruik maken van de website.<br \/>\nWij kijken ernaar uit u te mogen verwelkomen voor een onvergetelijke en geslaagde vakantie.<\/li>\n<\/ul>\n<\/div><\/div><div class=\"element colonne \"><div class=\"carte\" data-src=\"https:\/\/www.google.com\/maps\/embed?pb=!1m18!1m12!1m3!1d110614.70537584326!2d5.937609601223779!3d43.236022476063695!2m3!1f0!2f0!3f0!3m2!1i1024!2i768!4f13.1!3m3!1m2!1s0x12c91694f395cc83%3A0xb63681adc3e41ca5!2sCamping%20Les%20Tomasses%20%7C%20Camping%20Var!5e0!3m2!1sfr!2sfr!4v1615980627771!5m2!1sfr!2sfr\"><\/div><\/div><\/div><\/div><\/section>","protected":false},"excerpt":{"rendered":"","protected":false},"author":1,"featured_media":1779,"parent":0,"menu_order":0,"comment_status":"closed","ping_status":"closed","template":"","meta":{"_acf_changed":false,"footnotes":""},"class_list":["post-2988","page","type-page","status-publish","has-post-thumbnail","hentry"],"acf":[],"yoast_head":"<!-- This site is optimized with the Yoast SEO plugin v21.8.1 - https:\/\/yoast.com\/wordpress\/plugins\/seo\/ -->\n<title>Info en contact | Contact en toegang tot Flower camping Tomasses Var<\/title>\n<meta name=\"description\" content=\"Vragen over onze 4* camping in Zuid Frankrijk aan zee. Neem contact met ons op per telefoon op +33 (04) 94 48 92 70 of per e-mail. Ons team staat 7 dagen per week tot uw beschikking in de buurt van Hy\u00e8res.\" \/>\n<meta name=\"robots\" content=\"index, follow, max-snippet:-1, max-image-preview:large, max-video-preview:-1\" \/>\n<link rel=\"canonical\" href=\"https:\/\/www.camping-var-tomasses.fr\/nl\/contact-toegang\/\" \/>\n<meta property=\"og:locale\" content=\"nl_NL\" \/>\n<meta property=\"og:type\" content=\"article\" \/>\n<meta property=\"og:title\" content=\"Info en contact | Contact en toegang tot Flower camping Tomasses Var\" \/>\n<meta property=\"og:description\" content=\"Vragen over onze 4* camping in Zuid Frankrijk aan zee. Neem contact met ons op per telefoon op +33 (04) 94 48 92 70 of per e-mail. Ons team staat 7 dagen per week tot uw beschikking in de buurt van Hy\u00e8res.\" \/>\n<meta property=\"og:url\" content=\"https:\/\/www.camping-var-tomasses.fr\/nl\/contact-toegang\/\" \/>\n<meta property=\"og:site_name\" content=\"Camping les Tomasses\" \/>\n<meta property=\"article:modified_time\" content=\"2021-04-19T13:10:50+00:00\" \/>\n<meta property=\"og:image\" content=\"https:\/\/www.camping-var-tomasses.fr\/wp-content\/uploads\/2021\/03\/amis-tente.jpg\" \/>\n\t<meta property=\"og:image:width\" content=\"1903\" \/>\n\t<meta property=\"og:image:height\" content=\"450\" \/>\n\t<meta property=\"og:image:type\" content=\"image\/jpeg\" \/>\n<meta name=\"twitter:card\" content=\"summary_large_image\" \/>\n<script type=\"application\/ld+json\" class=\"yoast-schema-graph\">{\"@context\":\"https:\/\/schema.org\",\"@graph\":[{\"@type\":\"WebPage\",\"@id\":\"https:\/\/www.camping-var-tomasses.fr\/nl\/contact-toegang\/\",\"url\":\"https:\/\/www.camping-var-tomasses.fr\/nl\/contact-toegang\/\",\"name\":\"Info en contact | Contact en toegang tot Flower camping Tomasses Var\",\"isPartOf\":{\"@id\":\"https:\/\/www.camping-var-tomasses.fr\/nl\/#website\"},\"datePublished\":\"2021-03-16T05:47:48+00:00\",\"dateModified\":\"2021-04-19T13:10:50+00:00\",\"description\":\"Vragen over onze 4* camping in Zuid Frankrijk aan zee. Neem contact met ons op per telefoon op +33 (04) 94 48 92 70 of per e-mail. Ons team staat 7 dagen per week tot uw beschikking in de buurt van Hy\u00e8res.\",\"breadcrumb\":{\"@id\":\"https:\/\/www.camping-var-tomasses.fr\/nl\/contact-toegang\/#breadcrumb\"},\"inLanguage\":\"nl-NL\",\"potentialAction\":[{\"@type\":\"ReadAction\",\"target\":[\"https:\/\/www.camping-var-tomasses.fr\/nl\/contact-toegang\/\"]}]},{\"@type\":\"BreadcrumbList\",\"@id\":\"https:\/\/www.camping-var-tomasses.fr\/nl\/contact-toegang\/#breadcrumb\",\"itemListElement\":[{\"@type\":\"ListItem\",\"position\":1,\"name\":\"Camping Var\",\"item\":\"https:\/\/www.camping-var-tomasses.fr\/nl\/\"},{\"@type\":\"ListItem\",\"position\":2,\"name\":\"Contact, toegang\"}]},{\"@type\":\"WebSite\",\"@id\":\"https:\/\/www.camping-var-tomasses.fr\/nl\/#website\",\"url\":\"https:\/\/www.camping-var-tomasses.fr\/nl\/\",\"name\":\"Camping les Tomasses\",\"description\":\"\",\"potentialAction\":[{\"@type\":\"SearchAction\",\"target\":{\"@type\":\"EntryPoint\",\"urlTemplate\":\"https:\/\/www.camping-var-tomasses.fr\/nl\/?s={search_term_string}\"},\"query-input\":\"required name=search_term_string\"}],\"inLanguage\":\"nl-NL\"}]}<\/script>\n<!-- \/ Yoast SEO plugin. -->","yoast_head_json":{"title":"Info en contact | Contact en toegang tot Flower camping Tomasses Var","description":"Vragen over onze 4* camping in Zuid Frankrijk aan zee. Neem contact met ons op per telefoon op +33 (04) 94 48 92 70 of per e-mail. Ons team staat 7 dagen per week tot uw beschikking in de buurt van Hy\u00e8res.","robots":{"index":"index","follow":"follow","max-snippet":"max-snippet:-1","max-image-preview":"max-image-preview:large","max-video-preview":"max-video-preview:-1"},"canonical":"https:\/\/www.camping-var-tomasses.fr\/nl\/contact-toegang\/","og_locale":"nl_NL","og_type":"article","og_title":"Info en contact | Contact en toegang tot Flower camping Tomasses Var","og_description":"Vragen over onze 4* camping in Zuid Frankrijk aan zee. Neem contact met ons op per telefoon op +33 (04) 94 48 92 70 of per e-mail. Ons team staat 7 dagen per week tot uw beschikking in de buurt van Hy\u00e8res.","og_url":"https:\/\/www.camping-var-tomasses.fr\/nl\/contact-toegang\/","og_site_name":"Camping les Tomasses","article_modified_time":"2021-04-19T13:10:50+00:00","og_image":[{"width":1903,"height":450,"url":"https:\/\/www.camping-var-tomasses.fr\/wp-content\/uploads\/2021\/03\/amis-tente.jpg","type":"image\/jpeg"}],"twitter_card":"summary_large_image","schema":{"@context":"https:\/\/schema.org","@graph":[{"@type":"WebPage","@id":"https:\/\/www.camping-var-tomasses.fr\/nl\/contact-toegang\/","url":"https:\/\/www.camping-var-tomasses.fr\/nl\/contact-toegang\/","name":"Info en contact | Contact en toegang tot Flower camping Tomasses Var","isPartOf":{"@id":"https:\/\/www.camping-var-tomasses.fr\/nl\/#website"},"datePublished":"2021-03-16T05:47:48+00:00","dateModified":"2021-04-19T13:10:50+00:00","description":"Vragen over onze 4* camping in Zuid Frankrijk aan zee. Neem contact met ons op per telefoon op +33 (04) 94 48 92 70 of per e-mail. Ons team staat 7 dagen per week tot uw beschikking in de buurt van Hy\u00e8res.","breadcrumb":{"@id":"https:\/\/www.camping-var-tomasses.fr\/nl\/contact-toegang\/#breadcrumb"},"inLanguage":"nl-NL","potentialAction":[{"@type":"ReadAction","target":["https:\/\/www.camping-var-tomasses.fr\/nl\/contact-toegang\/"]}]},{"@type":"BreadcrumbList","@id":"https:\/\/www.camping-var-tomasses.fr\/nl\/contact-toegang\/#breadcrumb","itemListElement":[{"@type":"ListItem","position":1,"name":"Camping Var","item":"https:\/\/www.camping-var-tomasses.fr\/nl\/"},{"@type":"ListItem","position":2,"name":"Contact, toegang"}]},{"@type":"WebSite","@id":"https:\/\/www.camping-var-tomasses.fr\/nl\/#website","url":"https:\/\/www.camping-var-tomasses.fr\/nl\/","name":"Camping les Tomasses","description":"","potentialAction":[{"@type":"SearchAction","target":{"@type":"EntryPoint","urlTemplate":"https:\/\/www.camping-var-tomasses.fr\/nl\/?s={search_term_string}"},"query-input":"required name=search_term_string"}],"inLanguage":"nl-NL"}]}},"_links":{"self":[{"href":"https:\/\/www.camping-var-tomasses.fr\/nl\/wp-json\/wp\/v2\/pages\/2988","targetHints":{"allow":["GET"]}}],"collection":[{"href":"https:\/\/www.camping-var-tomasses.fr\/nl\/wp-json\/wp\/v2\/pages"}],"about":[{"href":"https:\/\/www.camping-var-tomasses.fr\/nl\/wp-json\/wp\/v2\/types\/page"}],"author":[{"embeddable":true,"href":"https:\/\/www.camping-var-tomasses.fr\/nl\/wp-json\/wp\/v2\/users\/1"}],"replies":[{"embeddable":true,"href":"https:\/\/www.camping-var-tomasses.fr\/nl\/wp-json\/wp\/v2\/comments?post=2988"}],"version-history":[{"count":10,"href":"https:\/\/www.camping-var-tomasses.fr\/nl\/wp-json\/wp\/v2\/pages\/2988\/revisions"}],"predecessor-version":[{"id":3006,"href":"https:\/\/www.camping-var-tomasses.fr\/nl\/wp-json\/wp\/v2\/pages\/2988\/revisions\/3006"}],"wp:featuredmedia":[{"embeddable":true,"href":"https:\/\/www.camping-var-tomasses.fr\/nl\/wp-json\/wp\/v2\/media\/1779"}],"wp:attachment":[{"href":"https:\/\/www.camping-var-tomasses.fr\/nl\/wp-json\/wp\/v2\/media?parent=2988"}],"curies":[{"name":"wp","href":"https:\/\/api.w.org\/{rel}","templated":true}]}}