{"id":2843,"date":"2021-03-16T06:47:48","date_gmt":"2021-03-16T05:47:48","guid":{"rendered":"https:\/\/www.camping-var-tomasses.fr\/contact-acces\/"},"modified":"2021-04-19T14:58:18","modified_gmt":"2021-04-19T12:58:18","slug":"contact-acces","status":"publish","type":"page","link":"https:\/\/www.camping-var-tomasses.fr\/en\/contact-acces\/","title":{"rendered":"Infos et contact"},"content":{"rendered":"<section id=\"section-60506e6b8641a\"\" class=\"section titre-interne bg-white p-b-0\" \/><div class=\"container full\"><h1 class=\"element section-title center\">CONTACT THE CAMPSITE<\/h1><\/div><\/section>\n\n<section id=\"section-6051d403e43fb\"\" class=\"section bg-white p-t-0 p-b-0\" \/><div class=\"container extralarge\"><div class=\"colonnes-wrap valign-middle \"><div class=\"element colonne \"><div class=\"element bloc-text\">\n\t<script type=\"text\/javascript\" src=\"https:\/\/crm.secureholiday.net\/CRM\/Prospect\/GetWidgetProviderFile\"><\/script>\r\n<div style=\"max-width: 500px; text-align: left;\">\r\n<script>\r\n\t\t\t\tvar customOptions = {\r\n\t\t\t\t\tIdentity:{\r\n\t\t\t\t\t\tCompanyId: '1',\r\n\t\t\t\t\t\tEstablishmentIds: '15375',\r\n\t\t\t\t\t\tLanguage: 'FR',\r\n\t\t\t\t\t\tPolice: 'Indie Flower',\r\n\t\t\t\t\t\tShowHeader: 'true',\r\n\t\t\t\t\t\tHeaderColor: 'cdaf3a',\r\n\t\t\t\t\t\tTextColor: '000000',\r\n\t\t\t\t\t\tBackgroundColor: 'ffffff',\r\n\t\t\t\t\t\tPoliceColor: '000000',\r\n\t\t\t\t\t\tButtonColor: '016196',\r\n\t\t\t\t\t\tHoverColor: 'cdaf3a'\r\n\t\t\t\t\t}\r\n\t\t\t\t};\r\n\t\t\t\t!function(){var e=new window.CTV.Widget(\"CRM\", \"Informations\", customOptions);\r\n\t\t\t\tdocument.write(e.Write()),window.CTV.WidgetsCollection.push(e), e.Send()}();\r\n\t\t\t<\/script>\r\n<\/div><\/div><\/div><div class=\"element colonne \"><h2 class=\"element section-title justify\">CONTACT US<\/h2><div class=\"element bloc-text justify \">\n\t<p>Upon your arrival or by phone, I reserve you a personalized and warm welcome. I am at your disposal to share with you the many good addresses to visit and I take the time to advise you on the unmissable things to do and see around the campsite.<br \/>\nReservations can be made directly on our website or by telephone on +33 (0)4 94 48 92 70.<br \/>\nTo send an email to the campsite, please use the following form.<br \/>\nDo you have any questions about camping Les Tomasses or your stay ? Do not hesitate to contact me.<\/p>\n<\/div><\/div><\/div><\/div><\/section>\n\n<section id=\"section-6051d403e4598\"\" class=\"section bg-white p-t-0 p-b-0\" \/><div class=\"container full\"><div class=\"colonnes-wrap valign-middle \"><div class=\"element colonne \"><h2 class=\"element section-title justify\">ACCESS TO THE CAMPSITE<\/h2><div class=\"element bloc-text justify \">\n\t<p>How to get to the region of Var in the South of France ?<\/p>\n<ul>\n<li>By car<br \/>\nComing from Paris \/ Lyon: On the A8 &#8211; Exit n\u00b034: Barjol &#8211; Tourves &#8211; Saint-Maximin-la-Sainte-Baume. Follow the direction of Solli\u00e8s-Ponts, then Belgentier. The campsite is on the right, 2 km after the village of Belgentier.<br \/>\nComing from Bordeaux \/ Marseille: On A57 &#8211; Exit n\u00b07: Solli\u00e8s-Toucas &#8211; D554. Continue on D554 and cross Solli\u00e8s-Toucas. The campsite is on the left, 2km before the village of Belgentier.<\/li>\n<li>By plane<br \/>\nThe nearest airport to the campsite is Toulon-Hy\u00e8res airport in Hy\u00e8res, 25km away. Upon arrival, a regular taxi service will be waiting for you at the station located outside the terminal building at the Arrivals Hall.<\/li>\n<li>By Train<br \/>\nThe nearest TGV station is Toulon, 22km from the campsite. The TGV M\u00e9diterran\u00e9e connects Paris to Toulon in 4h20.<\/li>\n<li>By bus<br \/>\nIf you do not have a car and would like to discover the Var by public transport, you can take the ZOU! The regional transport network ZOU! offers daily bus services. Many towns and villages are served regularly: Toulon, Hy\u00e8res, Cannes, Fr\u00e9jus, Saint Rapha\u00ebl, Saint Tropez&#8230; and the main tourist spots in the Var. The nearest bus stop to the campsite is the &#8220;l&#8217;escride&#8221; stop in Belgentier. It is 400m from the campsite. In order to organize your outings and facilitate your travel by bus, you can use the website.<\/li>\n<\/ul>\n<p>&nbsp;<\/p>\n<p>We look forward to welcoming you for an unforgettable and successful holiday.<\/p>\n<\/div><\/div><div class=\"element colonne \"><div class=\"carte\" data-src=\"https:\/\/www.google.com\/maps\/embed?pb=!1m18!1m12!1m3!1d110614.70537584326!2d5.937609601223779!3d43.236022476063695!2m3!1f0!2f0!3f0!3m2!1i1024!2i768!4f13.1!3m3!1m2!1s0x12c91694f395cc83%3A0xb63681adc3e41ca5!2sCamping%20Les%20Tomasses%20%7C%20Camping%20Var!5e0!3m2!1sfr!2sfr!4v1615980627771!5m2!1sfr!2sfr\"><\/div><\/div><\/div><\/div><\/section>","protected":false},"excerpt":{"rendered":"","protected":false},"author":1,"featured_media":1780,"parent":0,"menu_order":0,"comment_status":"closed","ping_status":"closed","template":"","meta":{"_acf_changed":false,"footnotes":""},"class_list":["post-2843","page","type-page","status-publish","has-post-thumbnail","hentry"],"acf":[],"yoast_head":"<!-- This site is optimized with the Yoast SEO plugin v21.8.1 - https:\/\/yoast.com\/wordpress\/plugins\/seo\/ -->\n<title>Info and contact | Contact and access to Flower campsite Tomasses Var<\/title>\n<meta name=\"description\" content=\"Questions about our 4* campsite in the South of France near the sea. Contact us by phone on +33 (04) 94 48 92 70 or by email. Our team is at your disposal 7 days a week near Hy\u00e8res.\" \/>\n<meta name=\"robots\" content=\"index, follow, max-snippet:-1, max-image-preview:large, max-video-preview:-1\" \/>\n<link rel=\"canonical\" href=\"https:\/\/www.camping-var-tomasses.fr\/en\/contact-acces\/\" \/>\n<meta property=\"og:locale\" content=\"en_US\" \/>\n<meta property=\"og:type\" content=\"article\" \/>\n<meta property=\"og:title\" content=\"Info and contact | Contact and access to Flower campsite Tomasses Var\" \/>\n<meta property=\"og:description\" content=\"Questions about our 4* campsite in the South of France near the sea. Contact us by phone on +33 (04) 94 48 92 70 or by email. Our team is at your disposal 7 days a week near Hy\u00e8res.\" \/>\n<meta property=\"og:url\" content=\"https:\/\/www.camping-var-tomasses.fr\/en\/contact-acces\/\" \/>\n<meta property=\"og:site_name\" content=\"Camping les Tomasses\" \/>\n<meta property=\"article:modified_time\" content=\"2021-04-19T12:58:18+00:00\" \/>\n<meta property=\"og:image\" content=\"https:\/\/www.camping-var-tomasses.fr\/wp-content\/uploads\/2021\/03\/amis-tente.jpg\" \/>\n\t<meta property=\"og:image:width\" content=\"1903\" \/>\n\t<meta property=\"og:image:height\" content=\"450\" \/>\n\t<meta property=\"og:image:type\" content=\"image\/jpeg\" \/>\n<meta name=\"twitter:card\" content=\"summary_large_image\" \/>\n<script type=\"application\/ld+json\" class=\"yoast-schema-graph\">{\"@context\":\"https:\/\/schema.org\",\"@graph\":[{\"@type\":\"WebPage\",\"@id\":\"https:\/\/www.camping-var-tomasses.fr\/en\/contact-acces\/\",\"url\":\"https:\/\/www.camping-var-tomasses.fr\/en\/contact-acces\/\",\"name\":\"Info and contact | Contact and access to Flower campsite Tomasses Var\",\"isPartOf\":{\"@id\":\"https:\/\/www.camping-var-tomasses.fr\/en\/#website\"},\"datePublished\":\"2021-03-16T05:47:48+00:00\",\"dateModified\":\"2021-04-19T12:58:18+00:00\",\"description\":\"Questions about our 4* campsite in the South of France near the sea. Contact us by phone on +33 (04) 94 48 92 70 or by email. Our team is at your disposal 7 days a week near Hy\u00e8res.\",\"breadcrumb\":{\"@id\":\"https:\/\/www.camping-var-tomasses.fr\/en\/contact-acces\/#breadcrumb\"},\"inLanguage\":\"en-US\",\"potentialAction\":[{\"@type\":\"ReadAction\",\"target\":[\"https:\/\/www.camping-var-tomasses.fr\/en\/contact-acces\/\"]}]},{\"@type\":\"BreadcrumbList\",\"@id\":\"https:\/\/www.camping-var-tomasses.fr\/en\/contact-acces\/#breadcrumb\",\"itemListElement\":[{\"@type\":\"ListItem\",\"position\":1,\"name\":\"Campsite Var\",\"item\":\"https:\/\/www.camping-var-tomasses.fr\/en\/\"},{\"@type\":\"ListItem\",\"position\":2,\"name\":\"Contact, acces\"}]},{\"@type\":\"WebSite\",\"@id\":\"https:\/\/www.camping-var-tomasses.fr\/en\/#website\",\"url\":\"https:\/\/www.camping-var-tomasses.fr\/en\/\",\"name\":\"Camping les Tomasses\",\"description\":\"\",\"potentialAction\":[{\"@type\":\"SearchAction\",\"target\":{\"@type\":\"EntryPoint\",\"urlTemplate\":\"https:\/\/www.camping-var-tomasses.fr\/en\/?s={search_term_string}\"},\"query-input\":\"required name=search_term_string\"}],\"inLanguage\":\"en-US\"}]}<\/script>\n<!-- \/ Yoast SEO plugin. -->","yoast_head_json":{"title":"Info and contact | Contact and access to Flower campsite Tomasses Var","description":"Questions about our 4* campsite in the South of France near the sea. Contact us by phone on +33 (04) 94 48 92 70 or by email. Our team is at your disposal 7 days a week near Hy\u00e8res.","robots":{"index":"index","follow":"follow","max-snippet":"max-snippet:-1","max-image-preview":"max-image-preview:large","max-video-preview":"max-video-preview:-1"},"canonical":"https:\/\/www.camping-var-tomasses.fr\/en\/contact-acces\/","og_locale":"en_US","og_type":"article","og_title":"Info and contact | Contact and access to Flower campsite Tomasses Var","og_description":"Questions about our 4* campsite in the South of France near the sea. Contact us by phone on +33 (04) 94 48 92 70 or by email. Our team is at your disposal 7 days a week near Hy\u00e8res.","og_url":"https:\/\/www.camping-var-tomasses.fr\/en\/contact-acces\/","og_site_name":"Camping les Tomasses","article_modified_time":"2021-04-19T12:58:18+00:00","og_image":[{"width":1903,"height":450,"url":"https:\/\/www.camping-var-tomasses.fr\/wp-content\/uploads\/2021\/03\/amis-tente.jpg","type":"image\/jpeg"}],"twitter_card":"summary_large_image","schema":{"@context":"https:\/\/schema.org","@graph":[{"@type":"WebPage","@id":"https:\/\/www.camping-var-tomasses.fr\/en\/contact-acces\/","url":"https:\/\/www.camping-var-tomasses.fr\/en\/contact-acces\/","name":"Info and contact | Contact and access to Flower campsite Tomasses Var","isPartOf":{"@id":"https:\/\/www.camping-var-tomasses.fr\/en\/#website"},"datePublished":"2021-03-16T05:47:48+00:00","dateModified":"2021-04-19T12:58:18+00:00","description":"Questions about our 4* campsite in the South of France near the sea. Contact us by phone on +33 (04) 94 48 92 70 or by email. Our team is at your disposal 7 days a week near Hy\u00e8res.","breadcrumb":{"@id":"https:\/\/www.camping-var-tomasses.fr\/en\/contact-acces\/#breadcrumb"},"inLanguage":"en-US","potentialAction":[{"@type":"ReadAction","target":["https:\/\/www.camping-var-tomasses.fr\/en\/contact-acces\/"]}]},{"@type":"BreadcrumbList","@id":"https:\/\/www.camping-var-tomasses.fr\/en\/contact-acces\/#breadcrumb","itemListElement":[{"@type":"ListItem","position":1,"name":"Campsite Var","item":"https:\/\/www.camping-var-tomasses.fr\/en\/"},{"@type":"ListItem","position":2,"name":"Contact, acces"}]},{"@type":"WebSite","@id":"https:\/\/www.camping-var-tomasses.fr\/en\/#website","url":"https:\/\/www.camping-var-tomasses.fr\/en\/","name":"Camping les Tomasses","description":"","potentialAction":[{"@type":"SearchAction","target":{"@type":"EntryPoint","urlTemplate":"https:\/\/www.camping-var-tomasses.fr\/en\/?s={search_term_string}"},"query-input":"required name=search_term_string"}],"inLanguage":"en-US"}]}},"_links":{"self":[{"href":"https:\/\/www.camping-var-tomasses.fr\/en\/wp-json\/wp\/v2\/pages\/2843","targetHints":{"allow":["GET"]}}],"collection":[{"href":"https:\/\/www.camping-var-tomasses.fr\/en\/wp-json\/wp\/v2\/pages"}],"about":[{"href":"https:\/\/www.camping-var-tomasses.fr\/en\/wp-json\/wp\/v2\/types\/page"}],"author":[{"embeddable":true,"href":"https:\/\/www.camping-var-tomasses.fr\/en\/wp-json\/wp\/v2\/users\/1"}],"replies":[{"embeddable":true,"href":"https:\/\/www.camping-var-tomasses.fr\/en\/wp-json\/wp\/v2\/comments?post=2843"}],"version-history":[{"count":3,"href":"https:\/\/www.camping-var-tomasses.fr\/en\/wp-json\/wp\/v2\/pages\/2843\/revisions"}],"predecessor-version":[{"id":2847,"href":"https:\/\/www.camping-var-tomasses.fr\/en\/wp-json\/wp\/v2\/pages\/2843\/revisions\/2847"}],"wp:featuredmedia":[{"embeddable":true,"href":"https:\/\/www.camping-var-tomasses.fr\/en\/wp-json\/wp\/v2\/media\/1780"}],"wp:attachment":[{"href":"https:\/\/www.camping-var-tomasses.fr\/en\/wp-json\/wp\/v2\/media?parent=2843"}],"curies":[{"name":"wp","href":"https:\/\/api.w.org\/{rel}","templated":true}]}}