{"id":3013,"date":"2021-03-16T06:47:14","date_gmt":"2021-03-16T05:47:14","guid":{"rendered":"https:\/\/www.camping-var-tomasses.fr\/camping-toulon\/"},"modified":"2022-04-20T12:01:33","modified_gmt":"2022-04-20T10:01:33","slug":"campingplatz-toulon-sudfrankreich","status":"publish","type":"page","link":"https:\/\/www.camping-var-tomasses.fr\/de\/campingplatz-toulon-sudfrankreich\/","title":{"rendered":"Alentours : Toulon"},"content":{"rendered":"<section id=\"section-60506e6b8641a\"\" class=\"section titre-interne bg-white p-b-0\" \/><div class=\"container extralarge\"><h1 class=\"element section-title center\">CAMPING TOULON IM S\u00dcDEN FRANKREICHS<\/h1><\/div><\/section>\n\n<section id=\"section-60506e6b86538\"\" class=\"section bg-white p-t-0\" \/><div class=\"container extralarge\"><div class=\"element bloc-text center \">\n\t<p>Sie suchen einen Campingplatz in der N\u00e4he von Toulon in S\u00fcdfrankreich, um zu campen oder ein Mobilheim f\u00fcr Ihren Urlaub an der C\u00f4te d&#8217;Azur zu mieten.<\/p>\n<p>Toulon ist eine Hafenstadt im Departement Var an der Mittelmeerk\u00fcste. Genie\u00dfen Sie Ihren Aufenthalt in Toulon. Diese Stadt ist voll von Aktivit\u00e4ten f\u00fcr die ganze Familie. Wir haben ein Programm mit Familienbesuchen zu Lande, zu Wasser und in der Luft vorbereitet, um Toulon und seine Umgebung zu entdecken.<\/p>\n<\/div><\/div><\/section>\n\n<section id=\"section-60506e6b86724\"\" class=\"section bg-white p-t-0 p-b-0\" \/><div class=\"container full\"><div class=\"colonnes-wrap valign-middle \"><div class=\"element colonne p-x-6\"><h2 class=\"element section-title left\">AUFENTHALT IN TOULON IN S\u00dcDFRANKREICH AM MEER<\/h2><div class=\"element bloc-text justify \">\n\t<p>St\u00f6bern Sie auf dem t\u00e4glichen Markt auf dem Cours Lafayette, einem lebendigen und bunten Ort. Machen Sie dann ein Picknick an den sch\u00f6nen Str\u00e4nden von Mourillon und genie\u00dfen Sie ein Familienbad und Kinderspiele am Meer. Steigen Sie in Saint Mandrier in das Wassertaxi und segeln Sie auf der Rade de Toulon. Schwimmen Sie um die Insel Les Embiez im Mittelmeer oder nehmen Sie ein Sonnenbad am Strand von Les Sablettes in La Seyne sur Mer. Verpassen Sie nicht die Halbinsel Giens in Hy\u00e8res und ihre rosa Flamingos.<\/p>\n<p>F\u00fcr lustige Ausfl\u00fcge werden Kinder den Tierpark Zoa Parc in Sanary sur Mer und den Abenteuerpark am Meer in Six-Fours les Plages und den kleinen Zug in Toulon lieben. F\u00fcr die Sportlichen gibt es an der Var-K\u00fcste viele Wasseraktivit\u00e4ten (Surfen, Windsurfen, Tauchen&#8230;). F\u00fcr Geschichtsliebhaber: Besuchen Sie das historische Denkmal des Waffenturms Fort Saint Louis und das Mus\u00e9e de la Marine.<\/p>\n<p>Nehmen Sie die Seilbahn auf den Mont Faron, um den herrlichen Hafen von der Spitze des H\u00fcgels aus zu bewundern.<\/p>\n<p>Rechnen Sie mit 1 bis 1,5 Stunden, um die Sehensw\u00fcrdigkeiten des Golfs von Saint Tropez, die Gorges du Verdon und die Cassis-B\u00e4che zu entdecken.<\/p>\n<p>Verschiedene Ausflugsm\u00f6glichkeiten, um Toulon im Var und seine Sehensw\u00fcrdigkeiten w\u00e4hrend Ihres Campingurlaubs zu erkunden. Nutzen Sie unser Schwimmbad, wenn Sie von Ihren Wanderungen zur\u00fcckkehren, um sich vor unseren Themenabenden zu erfrischen.<\/p>\n<\/div><\/div><div class=\"element colonne p-0\"><div class=\"element images scroll-x-mobile\"><div class=\"image\"><img decoding=\"async\" src=\"https:\/\/www.camping-var-tomasses.fr\/wp-content\/uploads\/2021\/03\/toulon-camping-100x71.jpg\" data-src=\"https:\/\/www.camping-var-tomasses.fr\/wp-content\/uploads\/2021\/03\/toulon-camping.jpg\" alt=\"toulon camping\" class=\"images_image\"  loading=\"lazy\"\/><\/div><\/div><\/div><\/div><\/div><\/section>\n\n<section id=\"section-60506e6b86896\"\" class=\"section bg-white p-t-0 p-b-0\" \/><div class=\"container full\"><div class=\"element images scroll-x-mobile\"><div class=\"image\"><img decoding=\"async\" src=\"https:\/\/www.camping-var-tomasses.fr\/wp-content\/uploads\/2021\/03\/port-mer-100x74.jpg\" data-src=\"https:\/\/www.camping-var-tomasses.fr\/wp-content\/uploads\/2021\/03\/port-mer.jpg\" alt=\"port mer\" class=\"images_image\"  loading=\"lazy\"\/><\/div><div class=\"image\"><img decoding=\"async\" src=\"https:\/\/www.camping-var-tomasses.fr\/wp-content\/uploads\/2021\/03\/marche-toulon-100x74.jpg\" data-src=\"https:\/\/www.camping-var-tomasses.fr\/wp-content\/uploads\/2021\/03\/marche-toulon.jpg\" alt=\"marche toulon\" class=\"images_image\"  loading=\"lazy\"\/><\/div><div class=\"image\"><img decoding=\"async\" src=\"https:\/\/www.camping-var-tomasses.fr\/wp-content\/uploads\/2021\/03\/toulon-bateau-peche-100x74.jpg\" data-src=\"https:\/\/www.camping-var-tomasses.fr\/wp-content\/uploads\/2021\/03\/toulon-bateau-peche.jpg\" alt=\" toulon bateau peche\" class=\"images_image\"  loading=\"lazy\"\/><\/div><div class=\"image\"><img decoding=\"async\" src=\"https:\/\/www.camping-var-tomasses.fr\/wp-content\/uploads\/2021\/03\/toulon-monument-100x74.jpg\" data-src=\"https:\/\/www.camping-var-tomasses.fr\/wp-content\/uploads\/2021\/03\/toulon-monument.jpg\" alt=\"toulon monument\" class=\"images_image\"  loading=\"lazy\"\/><\/div><\/div><\/div><\/section>\n\n<section id=\"section-605067bcbc72a\"\" class=\"section bg-white p-t-0 p-b-0\" \/><div class=\"container full\"><div class=\"colonnes-wrap valign-middle \"><div class=\"element colonne p-0\"><div class=\"element images scroll-x-mobile\"><div class=\"image\"><img decoding=\"async\" src=\"\" data-src=\"\" alt=\"piscine toulon\" class=\"images_image\"  loading=\"lazy\"\/><\/div><\/div><\/div><div class=\"element colonne p-x-6\"><h2 class=\"element section-title justify\">CAMPINGPLATZ MIT SCHWIMMBAD IM S\u00dcDOSTEN BEI TOULON<\/h2><div class=\"element bloc-text justify \">\n\t<p>Unser Blumencampingplatz mit Poolbereich in der N\u00e4he von Toulon f\u00fcr die ganze Familie begr\u00fc\u00dft Sie f\u00fcr Ihren n\u00e4chsten Urlaub in S\u00fcdfrankreich in der N\u00e4he des Meeres.<\/p>\n<p>Unser Campingplatz ist ideal gelegen, 22 km von der Stadt Toulon entfernt, nur 15 Minuten mit dem Auto f\u00fcr einen nat\u00fcrlichen und komfortablen Campingurlaub in Toulon. Sie werden von der famili\u00e4ren Atmosph\u00e4re, dem beheizten Swimmingpool und den Unterhaltungsangeboten auf unserem Campingplatz in der Region Var (83) begeistert sein.<\/p>\n<p>Kinder freuen sich \u00fcber den Kinderclub und den Spielplatz. Die Teenager k\u00f6nnen auf dem Multisportplatz an Sportturnieren teilnehmen. Und die Eltern teilen sich einen Drink am Stehtisch mit anderen Urlaubern. Machen Sie tolle Erinnerungen bei einem Campingurlaub in Toulon in S\u00fcdfrankreich.<\/p>\n<p>Unsere Urlauber sch\u00e4tzen die N\u00e4he zu Toulon und die Natur unseres Campingplatzes mit seinem schattigen Park am Fluss, weit weg vom Trubel der Var-K\u00fcste, f\u00fcr einen erholsamen Urlaub an der franz\u00f6sischen Riviera.<\/p>\n<p>Entdecken Sie unsere komfortablen Mobilheime und buchen Sie Ihre Ferienunterkunft f\u00fcr Ihren Aufenthalt in Toulon.<\/p>\n<\/div><\/div><\/div><div class=\"colonnes-wrap valign-middle \"><div class=\"element colonne p-x-6\"><h2 class=\"element section-title left\">MOBILHEIM-VERMIETUNG IN S\u00dcDFRANKREICH BEI TOULON<\/h2><div class=\"element bloc-text justify \">\n\t<p>Nutzen Sie unsere klimatisierten Mobilheim-Vermietungen in der N\u00e4he von Toulon, f\u00fcr einen Campingurlaub im Var. Wir schlagen Ihnen vor, komplett ausgestattete, neue und hochwertige Unterk\u00fcnfte zu mieten, mit Fernsehen und Wifi f\u00fcr Ihren Komfort.<\/p>\n<p>Mieten Sie Ihr Mobilheim in der N\u00e4he von Toulon mit Ihren Kindern in aller Ruhe auf unserem Campingplatz mit Schwimmbad. Unsere Unterkunft verf\u00fcgt \u00fcber 2 Schlafzimmer, 1 Badezimmer, 1 ausgestattete K\u00fcche, 1 Wohnzimmer und 1 Toilette. Teilen Sie Ihre Familienmahlzeiten auf der gro\u00dfen privaten Terrasse Ihres Mobilheims. Und parken Sie Ihr Auto vor Ihrem Ferienhaus.<br \/>\nIm Juli und August bieten wir Ihnen jeden Tag Fr\u00fchst\u00fcck, Brot und Geb\u00e4ck, kalte Getr\u00e4nke, Eis und die M\u00f6glichkeit, am Abend ein Familienessen zu veranstalten. Wir setzen alles daran, dass Sie einen unvergesslichen Urlaub in S\u00fcdfrankreich verbringen und das beste Campingerlebnis im Var haben.<\/p>\n<p>Entscheiden Sie sich daf\u00fcr, ein Mobilheim in der N\u00e4he von Toulon auf unserem Familiencampingplatz zu mieten, wo eine herzliche und freundliche Atmosph\u00e4re zwischen den Urlaubern und dem Animationsteam des Campingplatzes herrscht. Sie werden von unserer bukolischen Umgebung begeistert sein und Ihre Kinder werden sich freuen, neue Freunde zu treffen, um zu spielen und unbegrenzten Spa\u00df zu haben.<\/p>\n<p>Sie suchen einen Stellplatz f\u00fcr Zelt oder Wohnwagen. Campen Sie in der N\u00e4he von Toulon auf unserem Campingplatz am Flussufer in Provence Alpes C\u00f4te d&#8217;Azur.<\/p>\n<p>Buchen Sie Ihren Campingaufenthalt in der N\u00e4he von Toulon in S\u00fcdfrankreich auf unserem Flower camping les Tomasses an der franz\u00f6sischen Riviera.<\/p>\n<\/div><\/div><div class=\"element colonne p-0\"><div class=\"element images scroll-x-mobile\"><div class=\"image\"><img decoding=\"async\" src=\"https:\/\/www.camping-var-tomasses.fr\/wp-content\/uploads\/2021\/03\/mobil-home-toulon-100x66.jpg\" data-src=\"https:\/\/www.camping-var-tomasses.fr\/wp-content\/uploads\/2021\/03\/mobil-home-toulon.jpg\" alt=\"mobil-home toulon\" class=\"images_image\"  loading=\"lazy\"\/><\/div><\/div><\/div><\/div><\/div><\/section>\n\n<section id=\"section-60506e6b86fe6\"\" class=\"section bg-white\" \/><div class=\"container extralarge\"><div class=\"element section-title center titre-cta\">Entdecken Sie Hy\u00e8res und das Var<\/div><ul class=\"liste-de-page scroll-x-mobile\"><li class=\"element call-to-action center titre-cta call-to-action--style-1 call-to-action--small\"><a href=\"https:\/\/www.camping-var-tomasses.fr\/de\/campingplatz-hyeres-sudfrankreich\/\"  class=\"call-to-action_link\" title=\"Lesen Sie mehr \u00fcber hy\u00e8res\"><div class=\"call-to-action_image\"><img decoding=\"async\" src=\"https:\/\/www.camping-var-tomasses.fr\/wp-content\/uploads\/2021\/03\/ville-hyeres-1-100x56.jpg\" data-src=\"https:\/\/www.camping-var-tomasses.fr\/wp-content\/uploads\/2021\/03\/ville-hyeres-1.jpg\" alt=\"ville hyeres\" class=\"small\"  loading=\"lazy\"\/><\/div><div class=\"call-to-action_contenu\"><div class=\"call-to-action_titre\">Hy\u00e8res<\/div><\/div><\/a><\/li><li class=\"element call-to-action center titre-cta call-to-action--style-1 call-to-action--small call-to-action--style-1 call-to-action--small\"><a href=\"https:\/\/www.camping-var-tomasses.fr\/de\/campingplatz-castellet-sudfrankreich\/\"  class=\"call-to-action_link\" title=\"Lesen Sie mehr \u00fcber castellet\"><div class=\"call-to-action_image\"><img decoding=\"async\" src=\"https:\/\/www.camping-var-tomasses.fr\/wp-content\/uploads\/2021\/03\/voiture-circuit-100x56.jpg\" data-src=\"https:\/\/www.camping-var-tomasses.fr\/wp-content\/uploads\/2021\/03\/voiture-circuit.jpg\" alt=\"voiture circuit\" class=\"small\"  loading=\"lazy\"\/><\/div><div class=\"call-to-action_contenu\"><div class=\"call-to-action_titre\">Castellet<\/div><\/div><\/a><\/li><li class=\"element call-to-action center titre-cta call-to-action--style-1 call-to-action--small call-to-action--style-1 call-to-action--small call-to-action--style-1 call-to-action--small\"><a href=\"https:\/\/www.camping-var-tomasses.fr\/de\/tourismus-var-sudfrankreich\/\"  class=\"call-to-action_link\" title=\"Lesen Sie mehr \u00fcber var\"><div class=\"call-to-action_image\"><img decoding=\"async\" src=\"https:\/\/www.camping-var-tomasses.fr\/wp-content\/uploads\/2021\/03\/saint-tropez-ville-1-100x56.jpg\" data-src=\"https:\/\/www.camping-var-tomasses.fr\/wp-content\/uploads\/2021\/03\/saint-tropez-ville-1.jpg\" alt=\"saint tropez ville\" class=\"small\"  loading=\"lazy\"\/><\/div><div class=\"call-to-action_contenu\"><div class=\"call-to-action_titre\">Var<\/div><\/div><\/a><\/li><\/ul><\/div><\/section>","protected":false},"excerpt":{"rendered":"","protected":false},"author":1,"featured_media":1131,"parent":0,"menu_order":0,"comment_status":"closed","ping_status":"closed","template":"","meta":{"_acf_changed":false,"footnotes":""},"class_list":["post-3013","page","type-page","status-publish","has-post-thumbnail","hentry"],"acf":[],"yoast_head":"<!-- This site is optimized with the Yoast SEO plugin v21.8.1 - https:\/\/yoast.com\/wordpress\/plugins\/seo\/ -->\n<title>Campingplatz Toulon in S\u00fcdfrankreich | Ferienwohnungen in Toulon<\/title>\n<meta name=\"description\" content=\"4*-Campingplatz in der N\u00e4he von Toulon in S\u00fcdfrankreich. Neue Mobilheime mit Klimaanlage, Planschbecken und beheiztem Pool, Multisportplatz und Aktivit\u00e4ten f\u00fcr Kinder in Meeresn\u00e4he.\" \/>\n<meta name=\"robots\" content=\"index, follow, max-snippet:-1, max-image-preview:large, max-video-preview:-1\" \/>\n<link rel=\"canonical\" href=\"https:\/\/www.camping-var-tomasses.fr\/de\/campingplatz-toulon-sudfrankreich\/\" \/>\n<meta property=\"og:locale\" content=\"de_DE\" \/>\n<meta property=\"og:type\" content=\"article\" \/>\n<meta property=\"og:title\" content=\"Campingplatz Toulon in S\u00fcdfrankreich | Ferienwohnungen in Toulon\" \/>\n<meta property=\"og:description\" content=\"4*-Campingplatz in der N\u00e4he von Toulon in S\u00fcdfrankreich. Neue Mobilheime mit Klimaanlage, Planschbecken und beheiztem Pool, Multisportplatz und Aktivit\u00e4ten f\u00fcr Kinder in Meeresn\u00e4he.\" \/>\n<meta property=\"og:url\" content=\"https:\/\/www.camping-var-tomasses.fr\/de\/campingplatz-toulon-sudfrankreich\/\" \/>\n<meta property=\"og:site_name\" content=\"Camping les Tomasses\" \/>\n<meta property=\"article:modified_time\" content=\"2022-04-20T10:01:33+00:00\" \/>\n<meta property=\"og:image\" content=\"https:\/\/www.camping-var-tomasses.fr\/wp-content\/uploads\/2021\/03\/panorama-toulon.jpg\" \/>\n\t<meta property=\"og:image:width\" content=\"1902\" \/>\n\t<meta property=\"og:image:height\" content=\"450\" \/>\n\t<meta property=\"og:image:type\" content=\"image\/jpeg\" \/>\n<meta name=\"twitter:card\" content=\"summary_large_image\" \/>\n<script type=\"application\/ld+json\" class=\"yoast-schema-graph\">{\"@context\":\"https:\/\/schema.org\",\"@graph\":[{\"@type\":\"WebPage\",\"@id\":\"https:\/\/www.camping-var-tomasses.fr\/de\/campingplatz-toulon-sudfrankreich\/\",\"url\":\"https:\/\/www.camping-var-tomasses.fr\/de\/campingplatz-toulon-sudfrankreich\/\",\"name\":\"Campingplatz Toulon in S\u00fcdfrankreich | Ferienwohnungen in Toulon\",\"isPartOf\":{\"@id\":\"https:\/\/www.camping-var-tomasses.fr\/de\/#website\"},\"datePublished\":\"2021-03-16T05:47:14+00:00\",\"dateModified\":\"2022-04-20T10:01:33+00:00\",\"description\":\"4*-Campingplatz in der N\u00e4he von Toulon in S\u00fcdfrankreich. Neue Mobilheime mit Klimaanlage, Planschbecken und beheiztem Pool, Multisportplatz und Aktivit\u00e4ten f\u00fcr Kinder in Meeresn\u00e4he.\",\"breadcrumb\":{\"@id\":\"https:\/\/www.camping-var-tomasses.fr\/de\/campingplatz-toulon-sudfrankreich\/#breadcrumb\"},\"inLanguage\":\"de\",\"potentialAction\":[{\"@type\":\"ReadAction\",\"target\":[\"https:\/\/www.camping-var-tomasses.fr\/de\/campingplatz-toulon-sudfrankreich\/\"]}]},{\"@type\":\"BreadcrumbList\",\"@id\":\"https:\/\/www.camping-var-tomasses.fr\/de\/campingplatz-toulon-sudfrankreich\/#breadcrumb\",\"itemListElement\":[{\"@type\":\"ListItem\",\"position\":1,\"name\":\"Campingplatz Var\",\"item\":\"https:\/\/www.camping-var-tomasses.fr\/de\/\"},{\"@type\":\"ListItem\",\"position\":2,\"name\":\"Camping bei Toulon\"}]},{\"@type\":\"WebSite\",\"@id\":\"https:\/\/www.camping-var-tomasses.fr\/de\/#website\",\"url\":\"https:\/\/www.camping-var-tomasses.fr\/de\/\",\"name\":\"Camping les Tomasses\",\"description\":\"\",\"potentialAction\":[{\"@type\":\"SearchAction\",\"target\":{\"@type\":\"EntryPoint\",\"urlTemplate\":\"https:\/\/www.camping-var-tomasses.fr\/de\/?s={search_term_string}\"},\"query-input\":\"required name=search_term_string\"}],\"inLanguage\":\"de\"}]}<\/script>\n<!-- \/ Yoast SEO plugin. -->","yoast_head_json":{"title":"Campingplatz Toulon in S\u00fcdfrankreich | Ferienwohnungen in Toulon","description":"4*-Campingplatz in der N\u00e4he von Toulon in S\u00fcdfrankreich. Neue Mobilheime mit Klimaanlage, Planschbecken und beheiztem Pool, Multisportplatz und Aktivit\u00e4ten f\u00fcr Kinder in Meeresn\u00e4he.","robots":{"index":"index","follow":"follow","max-snippet":"max-snippet:-1","max-image-preview":"max-image-preview:large","max-video-preview":"max-video-preview:-1"},"canonical":"https:\/\/www.camping-var-tomasses.fr\/de\/campingplatz-toulon-sudfrankreich\/","og_locale":"de_DE","og_type":"article","og_title":"Campingplatz Toulon in S\u00fcdfrankreich | Ferienwohnungen in Toulon","og_description":"4*-Campingplatz in der N\u00e4he von Toulon in S\u00fcdfrankreich. Neue Mobilheime mit Klimaanlage, Planschbecken und beheiztem Pool, Multisportplatz und Aktivit\u00e4ten f\u00fcr Kinder in Meeresn\u00e4he.","og_url":"https:\/\/www.camping-var-tomasses.fr\/de\/campingplatz-toulon-sudfrankreich\/","og_site_name":"Camping les Tomasses","article_modified_time":"2022-04-20T10:01:33+00:00","og_image":[{"width":1902,"height":450,"url":"https:\/\/www.camping-var-tomasses.fr\/wp-content\/uploads\/2021\/03\/panorama-toulon.jpg","type":"image\/jpeg"}],"twitter_card":"summary_large_image","schema":{"@context":"https:\/\/schema.org","@graph":[{"@type":"WebPage","@id":"https:\/\/www.camping-var-tomasses.fr\/de\/campingplatz-toulon-sudfrankreich\/","url":"https:\/\/www.camping-var-tomasses.fr\/de\/campingplatz-toulon-sudfrankreich\/","name":"Campingplatz Toulon in S\u00fcdfrankreich | Ferienwohnungen in Toulon","isPartOf":{"@id":"https:\/\/www.camping-var-tomasses.fr\/de\/#website"},"datePublished":"2021-03-16T05:47:14+00:00","dateModified":"2022-04-20T10:01:33+00:00","description":"4*-Campingplatz in der N\u00e4he von Toulon in S\u00fcdfrankreich. Neue Mobilheime mit Klimaanlage, Planschbecken und beheiztem Pool, Multisportplatz und Aktivit\u00e4ten f\u00fcr Kinder in Meeresn\u00e4he.","breadcrumb":{"@id":"https:\/\/www.camping-var-tomasses.fr\/de\/campingplatz-toulon-sudfrankreich\/#breadcrumb"},"inLanguage":"de","potentialAction":[{"@type":"ReadAction","target":["https:\/\/www.camping-var-tomasses.fr\/de\/campingplatz-toulon-sudfrankreich\/"]}]},{"@type":"BreadcrumbList","@id":"https:\/\/www.camping-var-tomasses.fr\/de\/campingplatz-toulon-sudfrankreich\/#breadcrumb","itemListElement":[{"@type":"ListItem","position":1,"name":"Campingplatz Var","item":"https:\/\/www.camping-var-tomasses.fr\/de\/"},{"@type":"ListItem","position":2,"name":"Camping bei Toulon"}]},{"@type":"WebSite","@id":"https:\/\/www.camping-var-tomasses.fr\/de\/#website","url":"https:\/\/www.camping-var-tomasses.fr\/de\/","name":"Camping les Tomasses","description":"","potentialAction":[{"@type":"SearchAction","target":{"@type":"EntryPoint","urlTemplate":"https:\/\/www.camping-var-tomasses.fr\/de\/?s={search_term_string}"},"query-input":"required name=search_term_string"}],"inLanguage":"de"}]}},"_links":{"self":[{"href":"https:\/\/www.camping-var-tomasses.fr\/de\/wp-json\/wp\/v2\/pages\/3013","targetHints":{"allow":["GET"]}}],"collection":[{"href":"https:\/\/www.camping-var-tomasses.fr\/de\/wp-json\/wp\/v2\/pages"}],"about":[{"href":"https:\/\/www.camping-var-tomasses.fr\/de\/wp-json\/wp\/v2\/types\/page"}],"author":[{"embeddable":true,"href":"https:\/\/www.camping-var-tomasses.fr\/de\/wp-json\/wp\/v2\/users\/1"}],"replies":[{"embeddable":true,"href":"https:\/\/www.camping-var-tomasses.fr\/de\/wp-json\/wp\/v2\/comments?post=3013"}],"version-history":[{"count":7,"href":"https:\/\/www.camping-var-tomasses.fr\/de\/wp-json\/wp\/v2\/pages\/3013\/revisions"}],"predecessor-version":[{"id":6669,"href":"https:\/\/www.camping-var-tomasses.fr\/de\/wp-json\/wp\/v2\/pages\/3013\/revisions\/6669"}],"wp:featuredmedia":[{"embeddable":true,"href":"https:\/\/www.camping-var-tomasses.fr\/de\/wp-json\/wp\/v2\/media\/1131"}],"wp:attachment":[{"href":"https:\/\/www.camping-var-tomasses.fr\/de\/wp-json\/wp\/v2\/media?parent=3013"}],"curies":[{"name":"wp","href":"https:\/\/api.w.org\/{rel}","templated":true}]}}