{"id":3007,"date":"2021-03-16T07:24:44","date_gmt":"2021-03-16T06:24:44","guid":{"rendered":"https:\/\/www.camping-var-tomasses.fr\/camping-hyeres\/"},"modified":"2022-04-20T12:02:51","modified_gmt":"2022-04-20T10:02:51","slug":"campingplatz-hyeres-sudfrankreich","status":"publish","type":"page","link":"https:\/\/www.camping-var-tomasses.fr\/de\/campingplatz-hyeres-sudfrankreich\/","title":{"rendered":"Alentours : Hy\u00e8res"},"content":{"rendered":"<section id=\"section-60506e6b8641a\"\" class=\"section titre-interne bg-white p-b-0\" \/><div class=\"container extralarge\"><h1 class=\"element section-title center\">CAMPING HYERES IM S\u00dcDEN FRANKREICHS<\/h1><\/div><\/section>\n\n<section id=\"section-60506e6b86538\"\" class=\"section bg-white p-t-0\" \/><div class=\"container extralarge\"><div class=\"element bloc-text center \">\n\t<p>Sie suchen einen Campingplatz bei Hyeres in S\u00fcdfrankreich f\u00fcr Ihren n\u00e4chsten Familienurlaub an der C\u00f4te d&#8217;Azur am Meer.<\/p>\n<\/div><\/div><\/section>\n\n<section id=\"section-60506e6b86724\"\" class=\"section bg-white p-t-0 p-b-0\" \/><div class=\"container full\"><div class=\"colonnes-wrap valign-middle \"><div class=\"element colonne p-x-6\"><h2 class=\"element section-title justify\">FERIEN IN HYERES AM MEER IM S\u00dcDOSTEN FRANKREICHS<\/h2><div class=\"element bloc-text justify \">\n\t<p>Sie suchen einen Campingplatz bei Hyeres in S\u00fcdfrankreich f\u00fcr Ihren n\u00e4chsten Familienurlaub an der C\u00f4te d&#8217;Azur am Meer.<\/p>\n<p>Hy\u00e8res ist ein Badeort im Departement Var, zwischen Toulon und Bormes les Mimosas gelegen. Besuchen Sie w\u00e4hrend Ihres Aufenthalts in Hy\u00e8res les Palmiers die Altstadt und den Wochenmarkt am Samstagmorgen auf dem Place Cl\u00e9menceau. Schlendern Sie durch die engen, steilen Gassen zur mittelalterlichen Burgruine von Hy\u00e8res und genie\u00dfen Sie einen Panoramablick auf die K\u00fcste von Hy\u00e8res.<\/p>\n<p>Nehmen Sie den Pier und entdecken Sie die Inseln Porquerolles und Port Cros und baden Sie an den sch\u00f6nsten Str\u00e4nden des Mittelmeers. Oder entscheiden Sie sich f\u00fcr die Insel Port Cros zu Fu\u00df, um die wilden Landschaften zu betrachten. Die Goldenen Inseln sind touristische Ziele, die Sie w\u00e4hrend Ihres Familienurlaubs auf unserem Campingplatz im Var nicht verpassen sollten<\/p>\n<\/div><\/div><div class=\"element colonne p-0\"><div class=\"element images scroll-x-mobile\"><div class=\"image\"><img decoding=\"async\" src=\"https:\/\/www.camping-var-tomasses.fr\/wp-content\/uploads\/2021\/03\/porquerolles-iles-100x58.jpg\" data-src=\"https:\/\/www.camping-var-tomasses.fr\/wp-content\/uploads\/2021\/03\/porquerolles-iles.jpg\" alt=\"prequils giens\" class=\"images_image\"  loading=\"lazy\"\/><\/div><\/div><\/div><\/div><\/div><\/section>\n\n<section id=\"section-60506e6b86896\"\" class=\"section bg-white p-t-0 p-b-0\" \/><div class=\"container full\"><div class=\"element images scroll-x-mobile\"><div class=\"image\"><img decoding=\"async\" src=\"https:\/\/www.camping-var-tomasses.fr\/wp-content\/uploads\/2021\/03\/ruine-chateau-100x73.jpg\" data-src=\"https:\/\/www.camping-var-tomasses.fr\/wp-content\/uploads\/2021\/03\/ruine-chateau.jpg\" alt=\"ruine chateau\" class=\"images_image\"  loading=\"lazy\"\/><\/div><div class=\"image\"><img decoding=\"async\" src=\"https:\/\/www.camping-var-tomasses.fr\/wp-content\/uploads\/2021\/03\/marche-olives-100x74.jpg\" data-src=\"https:\/\/www.camping-var-tomasses.fr\/wp-content\/uploads\/2021\/03\/marche-olives.jpg\" alt=\"marche olives\" class=\"images_image\"  loading=\"lazy\"\/><\/div><div class=\"image\"><img decoding=\"async\" src=\"https:\/\/www.camping-var-tomasses.fr\/wp-content\/uploads\/2021\/03\/flamants-rose-100x74.jpg\" data-src=\"https:\/\/www.camping-var-tomasses.fr\/wp-content\/uploads\/2021\/03\/flamants-rose.jpg\" alt=\"flamants rose\" class=\"images_image\"  loading=\"lazy\"\/><\/div><div class=\"image\"><img decoding=\"async\" src=\"https:\/\/www.camping-var-tomasses.fr\/wp-content\/uploads\/2021\/03\/coucher-soleil-100x74.jpg\" data-src=\"https:\/\/www.camping-var-tomasses.fr\/wp-content\/uploads\/2021\/03\/coucher-soleil.jpg\" alt=\"coucher soleil\" class=\"images_image\"  loading=\"lazy\"\/><\/div><\/div><\/div><\/section>\n\n<section id=\"section-605067bcbc72a\"\" class=\"section bg-white p-t-0 p-b-0\" \/><div class=\"container full\"><div class=\"colonnes-wrap valign-middle \"><div class=\"element colonne p-0\"><div class=\"element images scroll-x-mobile\"><div class=\"image\"><img decoding=\"async\" src=\"https:\/\/www.camping-var-tomasses.fr\/wp-content\/uploads\/2021\/03\/camping-a-hyeres-100x66.jpg\" data-src=\"https:\/\/www.camping-var-tomasses.fr\/wp-content\/uploads\/2021\/03\/camping-a-hyeres.jpg\" alt=\"camping a hyeres\" class=\"images_image\"  loading=\"lazy\"\/><\/div><\/div><\/div><div class=\"element colonne p-x-6\"><h2 class=\"element section-title justify\">CAMPING IN S\u00dcDFRANKREICH BEI HYERES<\/h2><div class=\"element bloc-text justify \">\n\t<p>Willkommen auf unserem Campingplatz bei Hy\u00e8res in der Region Var f\u00fcr Ihren n\u00e4chsten Aufenthalt mit Familie oder Freunden. Entdecken Sie Ihren Campingurlaub in der N\u00e4he von Hy\u00e8res.<\/p>\n<p>Unser 4-Sterne-Campingplatz Flower mit beheiztem Swimmingpool ist ideal gelegen, 23 km von Hy\u00e8res und seinen sch\u00f6nen Sandstr\u00e4nden entfernt. Eine 15-min\u00fctige Autofahrt bringt Sie in das Zentrum von Hy\u00e8res. 5 Minuten sp\u00e4ter sind Sie nur wenige Meter vom Strand von Almanarre auf der Halbinsel Giens entfernt.<\/p>\n<p>Unser Familiencampingplatz in einem provenzalischen Dorf verf\u00fcgt \u00fcber, einen Spielplatz und ein Riesentrampolin f\u00fcr die Kinder, einen Multisportplatz und eine Tischtennisplatte f\u00fcr die Jugendlichen und einen Gesundheitskurs f\u00fcr die \u00c4lteren.Unsere Priorit\u00e4t ist es, Familien in S\u00fcdfrankreich im Campingurlaub willkommen zu hei\u00dfen.<\/p>\n<p>Buchen Sie Ihr Mobilheim auf unserem Campingplatz in S\u00fcdostfrankreich f\u00fcr das beste Urlaubserlebnis mit Ihren Kindern an der C\u00f4te d&#8217;Azur.<\/p>\n<\/div><\/div><\/div><div class=\"colonnes-wrap valign-middle \"><div class=\"element colonne p-x-6\"><h2 class=\"element section-title justify\">MOBILHEIMVERMIETUNG IN S\u00dcDFRANKREICH BEI HYERES<\/h2><div class=\"element bloc-text justify \">\n\t<p>Besorgt um Ihren Komfort f\u00fcr Ihren Urlaub, sind unsere Mobilheimvermietungen in der N\u00e4he von Hy\u00e8res neu (2018), von Qualit\u00e4t und angepasst an Familienaufenthalte. Alle unsere Modelle sind ausgestattet und komfortabel. Unsere Mobilheime haben 2 Schlafzimmer, 1 Wohnzimmer, 1 ausgestattete K\u00fcche, 1 Badezimmer und 1 separate Toilette. Eine gro\u00dfe Holzterrasse mit einem Aufenthaltsraum und einem Parkplatz f\u00fcr Ihr Fahrzeug.<\/p>\n<p>Alle unsere Mobilheime sind mit Fernsehen und Wifi ausgestattet. Einige unserer Mobilheime haben eine umschaltbare Klimaanlage. Wir bieten Baumwollbettw\u00e4sche oder Einwegbettw\u00e4sche gegen Aufpreis an.<\/p>\n<p>Nutzen Sie unseren Wasserbereich mit beheiztem Planschbecken und Swimmingpool sowie unsere Sonnenterrasse mit Liegest\u00fchlen. Die Kinder k\u00f6nnen in den Warmwasserbecken schwimmen und die Eltern k\u00f6nnen sich in der Sonne der C\u00f4te d&#8217;Azur entspannen.<\/p>\n<p>Unsere Bar und unser Restaurant laden Sie zum Br\u00f6tchenholen, Fr\u00fchst\u00fcck und Abendessen mit Ihrer Familie ein.<\/p>\n<p>Wenn Sie einen Urlaub am Fluss in Provence Alpes C\u00f4te d&#8217;Azur suchen, dann campen Sie auf unseren gro\u00dfen schattigen Stellpl\u00e4tzen, die auch f\u00fcr Menschen mit eingeschr\u00e4nkter Mobilit\u00e4t zug\u00e4nglich sind.<\/p>\n<p>Buchen Sie Ihren Campingurlaub in der N\u00e4he von Hy\u00e8res in S\u00fcdfrankreich auf unserem Flower camping les Tomasses an der C\u00f4te d&#8217;Azur.<\/p>\n<\/div><\/div><div class=\"element colonne p-0\"><div class=\"element images scroll-x-mobile\"><div class=\"image\"><img decoding=\"async\" src=\"https:\/\/www.camping-var-tomasses.fr\/wp-content\/uploads\/2021\/03\/mobil-home-hyeres-camping-100x66.jpg\" data-src=\"https:\/\/www.camping-var-tomasses.fr\/wp-content\/uploads\/2021\/03\/mobil-home-hyeres-camping.jpg\" alt=\"mobil-home hyeres camping\" class=\"images_image\"  loading=\"lazy\"\/><\/div><\/div><\/div><\/div><\/div><\/section>\n\n<section id=\"section-60506e6b86fe6\"\" class=\"section bg-white\" \/><div class=\"container extralarge\"><div class=\"element section-title center titre-cta\">Entdecken Sie Toulon und das Var<\/div><ul class=\"liste-de-page scroll-x-mobile\"><li class=\"element call-to-action center titre-cta call-to-action--style-1 call-to-action--small\"><a href=\"https:\/\/www.camping-var-tomasses.fr\/de\/campingplatz-toulon-sudfrankreich\/\"  class=\"call-to-action_link\" title=\"Lesen Sie mehr \u00fcber toulon\"><div class=\"call-to-action_image\"><img decoding=\"async\" src=\"https:\/\/www.camping-var-tomasses.fr\/wp-content\/uploads\/2021\/03\/vue-toulon-100x56.jpg\" data-src=\"https:\/\/www.camping-var-tomasses.fr\/wp-content\/uploads\/2021\/03\/vue-toulon.jpg\" alt=\"vue toulon\" class=\"small\"  loading=\"lazy\"\/><\/div><div class=\"call-to-action_contenu\"><div class=\"call-to-action_titre\">Toulon<\/div><\/div><\/a><\/li><li class=\"element call-to-action center titre-cta call-to-action--style-1 call-to-action--small call-to-action--style-1 call-to-action--small\"><a href=\"https:\/\/www.camping-var-tomasses.fr\/de\/campingplatz-castellet-sudfrankreich\/\"  class=\"call-to-action_link\" title=\"Lesen Sie mehr \u00fcber castellet\"><div class=\"call-to-action_image\"><img decoding=\"async\" src=\"https:\/\/www.camping-var-tomasses.fr\/wp-content\/uploads\/2021\/03\/voiture-circuit-100x56.jpg\" data-src=\"https:\/\/www.camping-var-tomasses.fr\/wp-content\/uploads\/2021\/03\/voiture-circuit.jpg\" alt=\"voiture circuit\" class=\"small\"  loading=\"lazy\"\/><\/div><div class=\"call-to-action_contenu\"><div class=\"call-to-action_titre\">Castellet<\/div><\/div><\/a><\/li><li class=\"element call-to-action center titre-cta call-to-action--style-1 call-to-action--small call-to-action--style-1 call-to-action--small call-to-action--style-1 call-to-action--small\"><a href=\"https:\/\/www.camping-var-tomasses.fr\/de\/tourismus-var-sudfrankreich\/\"  class=\"call-to-action_link\" title=\"Lesen Sie mehr \u00fcber var\"><div class=\"call-to-action_image\"><img decoding=\"async\" src=\"https:\/\/www.camping-var-tomasses.fr\/wp-content\/uploads\/2021\/03\/saint-tropez-ville-1-100x56.jpg\" data-src=\"https:\/\/www.camping-var-tomasses.fr\/wp-content\/uploads\/2021\/03\/saint-tropez-ville-1.jpg\" alt=\"saint tropez ville\" class=\"small\"  loading=\"lazy\"\/><\/div><div class=\"call-to-action_contenu\"><div class=\"call-to-action_titre\">Var<\/div><\/div><\/a><\/li><\/ul><\/div><\/section>","protected":false},"excerpt":{"rendered":"","protected":false},"author":1,"featured_media":2326,"parent":0,"menu_order":0,"comment_status":"closed","ping_status":"closed","template":"","meta":{"_acf_changed":false,"footnotes":""},"class_list":["post-3007","page","type-page","status-publish","has-post-thumbnail","hentry"],"acf":[],"yoast_head":"<!-- This site is optimized with the Yoast SEO plugin v21.8.1 - https:\/\/yoast.com\/wordpress\/plugins\/seo\/ -->\n<title>Camping Hy\u00e8res in S\u00fcdfrankreich | Hy\u00e8res Mobilheimvermietung<\/title>\n<meta name=\"description\" content=\"4*-Campingplatz in der N\u00e4he von Hy\u00e8res in S\u00fcdfrankreich. Klimatisierte Mobilheime, beheizter Pool, Unterhaltung f\u00fcr die ganze Familie f\u00fcr komfortable Ferien am Meer\" \/>\n<meta name=\"robots\" content=\"index, follow, max-snippet:-1, max-image-preview:large, max-video-preview:-1\" \/>\n<link rel=\"canonical\" href=\"https:\/\/www.camping-var-tomasses.fr\/de\/campingplatz-hyeres-sudfrankreich\/\" \/>\n<meta property=\"og:locale\" content=\"de_DE\" \/>\n<meta property=\"og:type\" content=\"article\" \/>\n<meta property=\"og:title\" content=\"Camping Hy\u00e8res in S\u00fcdfrankreich | Hy\u00e8res Mobilheimvermietung\" \/>\n<meta property=\"og:description\" content=\"4*-Campingplatz in der N\u00e4he von Hy\u00e8res in S\u00fcdfrankreich. Klimatisierte Mobilheime, beheizter Pool, Unterhaltung f\u00fcr die ganze Familie f\u00fcr komfortable Ferien am Meer\" \/>\n<meta property=\"og:url\" content=\"https:\/\/www.camping-var-tomasses.fr\/de\/campingplatz-hyeres-sudfrankreich\/\" \/>\n<meta property=\"og:site_name\" content=\"Camping les Tomasses\" \/>\n<meta property=\"article:modified_time\" content=\"2022-04-20T10:02:51+00:00\" \/>\n<meta property=\"og:image\" content=\"https:\/\/www.camping-var-tomasses.fr\/wp-content\/uploads\/2021\/03\/camping-hyeres.jpg\" \/>\n\t<meta property=\"og:image:width\" content=\"1903\" \/>\n\t<meta property=\"og:image:height\" content=\"450\" \/>\n\t<meta property=\"og:image:type\" content=\"image\/jpeg\" \/>\n<meta name=\"twitter:card\" content=\"summary_large_image\" \/>\n<script type=\"application\/ld+json\" class=\"yoast-schema-graph\">{\"@context\":\"https:\/\/schema.org\",\"@graph\":[{\"@type\":\"WebPage\",\"@id\":\"https:\/\/www.camping-var-tomasses.fr\/de\/campingplatz-hyeres-sudfrankreich\/\",\"url\":\"https:\/\/www.camping-var-tomasses.fr\/de\/campingplatz-hyeres-sudfrankreich\/\",\"name\":\"Camping Hy\u00e8res in S\u00fcdfrankreich | Hy\u00e8res Mobilheimvermietung\",\"isPartOf\":{\"@id\":\"https:\/\/www.camping-var-tomasses.fr\/de\/#website\"},\"datePublished\":\"2021-03-16T06:24:44+00:00\",\"dateModified\":\"2022-04-20T10:02:51+00:00\",\"description\":\"4*-Campingplatz in der N\u00e4he von Hy\u00e8res in S\u00fcdfrankreich. Klimatisierte Mobilheime, beheizter Pool, Unterhaltung f\u00fcr die ganze Familie f\u00fcr komfortable Ferien am Meer\",\"breadcrumb\":{\"@id\":\"https:\/\/www.camping-var-tomasses.fr\/de\/campingplatz-hyeres-sudfrankreich\/#breadcrumb\"},\"inLanguage\":\"de\",\"potentialAction\":[{\"@type\":\"ReadAction\",\"target\":[\"https:\/\/www.camping-var-tomasses.fr\/de\/campingplatz-hyeres-sudfrankreich\/\"]}]},{\"@type\":\"BreadcrumbList\",\"@id\":\"https:\/\/www.camping-var-tomasses.fr\/de\/campingplatz-hyeres-sudfrankreich\/#breadcrumb\",\"itemListElement\":[{\"@type\":\"ListItem\",\"position\":1,\"name\":\"Campingplatz Var\",\"item\":\"https:\/\/www.camping-var-tomasses.fr\/de\/\"},{\"@type\":\"ListItem\",\"position\":2,\"name\":\"Camping bei Hy\u00e8res\"}]},{\"@type\":\"WebSite\",\"@id\":\"https:\/\/www.camping-var-tomasses.fr\/de\/#website\",\"url\":\"https:\/\/www.camping-var-tomasses.fr\/de\/\",\"name\":\"Camping les Tomasses\",\"description\":\"\",\"potentialAction\":[{\"@type\":\"SearchAction\",\"target\":{\"@type\":\"EntryPoint\",\"urlTemplate\":\"https:\/\/www.camping-var-tomasses.fr\/de\/?s={search_term_string}\"},\"query-input\":\"required name=search_term_string\"}],\"inLanguage\":\"de\"}]}<\/script>\n<!-- \/ Yoast SEO plugin. -->","yoast_head_json":{"title":"Camping Hy\u00e8res in S\u00fcdfrankreich | Hy\u00e8res Mobilheimvermietung","description":"4*-Campingplatz in der N\u00e4he von Hy\u00e8res in S\u00fcdfrankreich. Klimatisierte Mobilheime, beheizter Pool, Unterhaltung f\u00fcr die ganze Familie f\u00fcr komfortable Ferien am Meer","robots":{"index":"index","follow":"follow","max-snippet":"max-snippet:-1","max-image-preview":"max-image-preview:large","max-video-preview":"max-video-preview:-1"},"canonical":"https:\/\/www.camping-var-tomasses.fr\/de\/campingplatz-hyeres-sudfrankreich\/","og_locale":"de_DE","og_type":"article","og_title":"Camping Hy\u00e8res in S\u00fcdfrankreich | Hy\u00e8res Mobilheimvermietung","og_description":"4*-Campingplatz in der N\u00e4he von Hy\u00e8res in S\u00fcdfrankreich. Klimatisierte Mobilheime, beheizter Pool, Unterhaltung f\u00fcr die ganze Familie f\u00fcr komfortable Ferien am Meer","og_url":"https:\/\/www.camping-var-tomasses.fr\/de\/campingplatz-hyeres-sudfrankreich\/","og_site_name":"Camping les Tomasses","article_modified_time":"2022-04-20T10:02:51+00:00","og_image":[{"width":1903,"height":450,"url":"https:\/\/www.camping-var-tomasses.fr\/wp-content\/uploads\/2021\/03\/camping-hyeres.jpg","type":"image\/jpeg"}],"twitter_card":"summary_large_image","schema":{"@context":"https:\/\/schema.org","@graph":[{"@type":"WebPage","@id":"https:\/\/www.camping-var-tomasses.fr\/de\/campingplatz-hyeres-sudfrankreich\/","url":"https:\/\/www.camping-var-tomasses.fr\/de\/campingplatz-hyeres-sudfrankreich\/","name":"Camping Hy\u00e8res in S\u00fcdfrankreich | Hy\u00e8res Mobilheimvermietung","isPartOf":{"@id":"https:\/\/www.camping-var-tomasses.fr\/de\/#website"},"datePublished":"2021-03-16T06:24:44+00:00","dateModified":"2022-04-20T10:02:51+00:00","description":"4*-Campingplatz in der N\u00e4he von Hy\u00e8res in S\u00fcdfrankreich. Klimatisierte Mobilheime, beheizter Pool, Unterhaltung f\u00fcr die ganze Familie f\u00fcr komfortable Ferien am Meer","breadcrumb":{"@id":"https:\/\/www.camping-var-tomasses.fr\/de\/campingplatz-hyeres-sudfrankreich\/#breadcrumb"},"inLanguage":"de","potentialAction":[{"@type":"ReadAction","target":["https:\/\/www.camping-var-tomasses.fr\/de\/campingplatz-hyeres-sudfrankreich\/"]}]},{"@type":"BreadcrumbList","@id":"https:\/\/www.camping-var-tomasses.fr\/de\/campingplatz-hyeres-sudfrankreich\/#breadcrumb","itemListElement":[{"@type":"ListItem","position":1,"name":"Campingplatz Var","item":"https:\/\/www.camping-var-tomasses.fr\/de\/"},{"@type":"ListItem","position":2,"name":"Camping bei Hy\u00e8res"}]},{"@type":"WebSite","@id":"https:\/\/www.camping-var-tomasses.fr\/de\/#website","url":"https:\/\/www.camping-var-tomasses.fr\/de\/","name":"Camping les Tomasses","description":"","potentialAction":[{"@type":"SearchAction","target":{"@type":"EntryPoint","urlTemplate":"https:\/\/www.camping-var-tomasses.fr\/de\/?s={search_term_string}"},"query-input":"required name=search_term_string"}],"inLanguage":"de"}]}},"_links":{"self":[{"href":"https:\/\/www.camping-var-tomasses.fr\/de\/wp-json\/wp\/v2\/pages\/3007","targetHints":{"allow":["GET"]}}],"collection":[{"href":"https:\/\/www.camping-var-tomasses.fr\/de\/wp-json\/wp\/v2\/pages"}],"about":[{"href":"https:\/\/www.camping-var-tomasses.fr\/de\/wp-json\/wp\/v2\/types\/page"}],"author":[{"embeddable":true,"href":"https:\/\/www.camping-var-tomasses.fr\/de\/wp-json\/wp\/v2\/users\/1"}],"replies":[{"embeddable":true,"href":"https:\/\/www.camping-var-tomasses.fr\/de\/wp-json\/wp\/v2\/comments?post=3007"}],"version-history":[{"count":5,"href":"https:\/\/www.camping-var-tomasses.fr\/de\/wp-json\/wp\/v2\/pages\/3007\/revisions"}],"predecessor-version":[{"id":6671,"href":"https:\/\/www.camping-var-tomasses.fr\/de\/wp-json\/wp\/v2\/pages\/3007\/revisions\/6671"}],"wp:featuredmedia":[{"embeddable":true,"href":"https:\/\/www.camping-var-tomasses.fr\/de\/wp-json\/wp\/v2\/media\/2326"}],"wp:attachment":[{"href":"https:\/\/www.camping-var-tomasses.fr\/de\/wp-json\/wp\/v2\/media?parent=3007"}],"curies":[{"name":"wp","href":"https:\/\/api.w.org\/{rel}","templated":true}]}}