{"id":2990,"date":"2021-03-16T06:46:21","date_gmt":"2021-03-16T05:46:21","guid":{"rendered":"https:\/\/www.camping-var-tomasses.fr\/acsi-anwb-var\/"},"modified":"2022-04-20T12:06:22","modified_gmt":"2022-04-20T10:06:22","slug":"acsi-anwb-sudfrankreich","status":"publish","type":"page","link":"https:\/\/www.camping-var-tomasses.fr\/de\/acsi-anwb-sudfrankreich\/","title":{"rendered":"H\u00e9bergement : Acsi"},"content":{"rendered":"<section id=\"section-60506e6b8641a\"\" class=\"section titre-interne bg-white p-b-0\" \/><div class=\"container extralarge\"><h1 class=\"element section-title center\">CAMPEN MIT ACSI UND ANWB IM S\u00dcDEN FRANKREICHS<\/h1><\/div><\/section>\n\n<section id=\"section-60506e6b86538\"\" class=\"section bg-white p-t-0\" \/><div class=\"container extralarge\"><div class=\"element bloc-text center \">\n\t<p>Sie sind Inhaber einer Acsi Campingcard und m\u00f6chten auf einem Acsi Campingplatz in S\u00fcdfrankreich zu einem g\u00fcnstigen Preis campen.<\/p>\n<\/div><\/div><\/section>\n\n<section id=\"section-60506e6b86724\"\" class=\"section bg-white p-t-0 p-b-0\" \/><div class=\"container full\"><div class=\"colonnes-wrap valign-middle \"><div class=\"element colonne p-x-6\"><h2 class=\"element section-title justify\">CAMPING MIT ACSI UND ANWB IN S\u00dcDFRANKREICH IN DER N\u00c4HE DES MEERES<\/h2><div class=\"element bloc-text justify \">\n\t<p>Entdecken Sie unseren Flower camping Acsi in der Region Provence Alpes C\u00f4te d&#8217;Azur f\u00fcr einen Urlaub in S\u00fcdfrankreich.<\/p>\n<p>Unser 4-Sterne-Campingplatz Flower bietet Ihnen ein herzliches Willkommen f\u00fcr Ihren n\u00e4chsten familienfreundlichen Urlaub an der franz\u00f6sischen Riviera.<\/p>\n<p>Unser Flower-Campingplatz mit beheiztem Pool liegt in der N\u00e4he des Mittelmeers. Er ist ideal gelegen, 23 km von Hy\u00e8res, 22 km von Toulon und 20 Autominuten von den sch\u00f6nsten Sandstr\u00e4nden der Mittelmeerk\u00fcste entfernt. Die Kinder spielen auf dem Spielplatz und dem Trampolin. Und die Teenager toben sich auf dem Multisportplatz und an der Tischtennisplatte aus.<\/p>\n<p>Genie\u00dfen Sie die Ruhe unseres l\u00e4ndlichen Campingplatzes mit der Natur auf dem Land und am Fluss. Unser schattiger Park macht es leicht, sich im Schatten auszuruhen und zu entspannen.<\/p>\n<\/div><\/div><div class=\"element colonne p-0\"><div class=\"element images scroll-x-mobile\"><div class=\"image\"><img decoding=\"async\" src=\"https:\/\/www.camping-var-tomasses.fr\/wp-content\/uploads\/2021\/03\/piscine-detente-100x58.jpg\" data-src=\"https:\/\/www.camping-var-tomasses.fr\/wp-content\/uploads\/2021\/03\/piscine-detente.jpg\" alt=\"piscine detente\" class=\"images_image\"  loading=\"lazy\"\/><\/div><\/div><\/div><\/div><\/div><\/section>\n\n<section id=\"section-60506e6b86896\"\" class=\"section bg-white p-t-0 p-b-0\" \/><div class=\"container full\"><div class=\"element images scroll-x-mobile\"><div class=\"image\"><img decoding=\"async\" src=\"https:\/\/www.camping-var-tomasses.fr\/wp-content\/uploads\/2021\/03\/enfant-jeu-100x75.jpg\" data-src=\"https:\/\/www.camping-var-tomasses.fr\/wp-content\/uploads\/2021\/03\/enfant-jeu.jpg\" alt=\"enfant jeu\" class=\"images_image\"  loading=\"lazy\"\/><\/div><div class=\"image\"><img decoding=\"async\" src=\"https:\/\/www.camping-var-tomasses.fr\/wp-content\/uploads\/2021\/03\/caravane-emplacement-100x74.jpg\" data-src=\"https:\/\/www.camping-var-tomasses.fr\/wp-content\/uploads\/2021\/03\/caravane-emplacement.jpg\" alt=\"caravane emplacement\" class=\"images_image\"  loading=\"lazy\"\/><\/div><div class=\"image\"><img decoding=\"async\" src=\"https:\/\/www.camping-var-tomasses.fr\/wp-content\/uploads\/2021\/03\/aire-jeux-2-100x74.jpg\" data-src=\"https:\/\/www.camping-var-tomasses.fr\/wp-content\/uploads\/2021\/03\/aire-jeux-2.jpg\" alt=\"aire jeux\" class=\"images_image\"  loading=\"lazy\"\/><\/div><div class=\"image\"><img decoding=\"async\" src=\"https:\/\/www.camping-var-tomasses.fr\/wp-content\/uploads\/2021\/03\/tente-location-100x74.jpg\" data-src=\"https:\/\/www.camping-var-tomasses.fr\/wp-content\/uploads\/2021\/03\/tente-location.jpg\" alt=\"tente location\" class=\"images_image\"  loading=\"lazy\"\/><\/div><\/div><\/div><\/section>\n\n<section id=\"section-605067bcbc72a\"\" class=\"section bg-white p-t-0 p-b-0\" \/><div class=\"container full\"><div class=\"colonnes-wrap valign-middle \"><div class=\"element colonne p-0\"><div class=\"element images scroll-x-mobile\"><div class=\"image\"><img decoding=\"async\" src=\"https:\/\/www.camping-var-tomasses.fr\/wp-content\/uploads\/2021\/03\/porquerolles-iles-100x58.jpg\" data-src=\"https:\/\/www.camping-var-tomasses.fr\/wp-content\/uploads\/2021\/03\/porquerolles-iles.jpg\" alt=\"porquerolles iles\" class=\"images_image\"  loading=\"lazy\"\/><\/div><\/div><\/div><div class=\"element colonne p-x-6\"><div class=\"element bloc-text justify \">\n\t<p>Unser Familiencampingplatz Flower geh\u00f6rt zu den von Acsi sorgf\u00e4ltig ausgew\u00e4hlten Partnern, die Ihnen dank der Rabattkarte Campingcard ACSI Aufenthalte zu reduzierten Preisen anbieten.<\/p>\n<p>Nutzen Sie Ihren Aufenthalt im Var, um die Stadt Hy\u00e8res und die Insel Porquerolles zu besuchen. Und erkunden Sie die Verdon-Schluchten zu Fu\u00df oder mit dem Kanu.<\/p>\n<p>Campen Sie mit Acsi im S\u00fcdosten Frankreichs auf unserem Flower-Camping f\u00fcr nur 16\u20ac pro Nacht f\u00fcr 2 Personen. (Vom 01\/04 bis 01\/07 und vom 27\/08 bis 01\/10). Profitieren Sie von unseren Acsi-Angeboten in S\u00fcdfrankreich.<\/p>\n<\/div><\/div><\/div><\/div><\/section>\n\n<section id=\"section-la\"\" class=\"section bg-white p-t-0 p-b-0\" \/><div class=\"container full\"><div class=\"colonnes-wrap valign-middle \"><div class=\"element colonne p-x-6\"><h2 class=\"element section-title justify\">CAMPINGPLATZ F\u00dcR ANWB CAMPING IM S\u00dcDOSTEN BEI HYERES<\/h2><div class=\"element bloc-text justify \">\n\t<p>Sie sind Inhaber einer CKE-Karte und suchen einen Anwb-Campingplatz in S\u00fcdfrankreich f\u00fcr einen Aufenthalt mit Ihrer Familie.<\/p>\n<p>Unser 4-Sterne-Campingplatz Flower in Provence Alpes C\u00f4te d&#8217;Azur in der Region Var bietet Ihnen einen freundlichen Empfang w\u00e4hrend Ihres n\u00e4chsten Familienurlaubs an der C\u00f4te d&#8217;Azur in Meeresn\u00e4he.<\/p>\n<p>Schlagen Sie Ihr Zelt oder Ihren Wohnwagen in S\u00fcdfrankreich auf einem Campingstellplatz auf. Und nutzen Sie die Anwb-Rabattangebote.<\/p>\n<p>Unser Flower-Campingplatz liegt ideal im Hinterland in S\u00fcdfrankreich, 23 km von Hy\u00e8res und 22 km von Toulon und dem Meer entfernt. Unsere nat\u00fcrliche und gr\u00fcne Umgebung, am Ufer eines Flusses mit einem Wasserfall, erfreut unsere Urlauber. Lauschen Sie dem Wasser des Flusses w\u00e4hrend Ihrer Siesta im Schatten unter einem Baum.<\/p>\n<p>Nutzen Sie Ihren Aufenthalt im Var, um die vielen touristischen Sehensw\u00fcrdigkeiten in der N\u00e4he des Campingplatzes zu entdecken: Hy\u00e8res, Port Cros, Saint Tropez, Bormes les Mimosas, Le Castellet und andere.<\/p>\n<p>100%ige R\u00fcckerstattung der Aufenthaltskosten im Falle einer Reiseverweigerung oder eines Reiseverbots zu Ihrem Urlaubsort.<\/p>\n<p>Buchen Sie Ihren Acsi und Anwb Campingplatz in S\u00fcdfrankreich und erhalten Sie Rabatte auf Ihren Aufenthalt auf unserem Flower camping les Tomasses an der C\u00f4te d&#8217;Azur.<\/p>\n<\/div><\/div><div class=\"element colonne p-0\"><div class=\"element images scroll-x-mobile\"><div class=\"image\"><img decoding=\"async\" src=\"https:\/\/www.camping-var-tomasses.fr\/wp-content\/uploads\/2021\/03\/mobil-home-hyeres-100x66.jpg\" data-src=\"https:\/\/www.camping-var-tomasses.fr\/wp-content\/uploads\/2021\/03\/mobil-home-hyeres.jpg\" alt=\"mobil-home hyeres\" class=\"images_image\"  loading=\"lazy\"\/><\/div><\/div><\/div><\/div><\/div><\/section>\n\n<section id=\"section-60506e6b86fe6\"\" class=\"section bg-white\" \/><div class=\"container extralarge\"><div class=\"element section-title center titre-cta\">Unsere Dienstleistungen auf dem Campingplatz<\/div><ul class=\"liste-de-page scroll-x-mobile\"><li class=\"element call-to-action center titre-cta call-to-action--style-1 call-to-action--small\"><a href=\"https:\/\/www.camping-var-tomasses.fr\/de\/mobilheim-vermietung-sudfrankreich\/\"  class=\"call-to-action_link\" title=\"Lesen Sie mehr \u00fcber in den mobil-homes\"><div class=\"call-to-action_image\"><img decoding=\"async\" src=\"https:\/\/www.camping-var-tomasses.fr\/wp-content\/uploads\/2021\/03\/famille-vacance-100x56.jpg\" data-src=\"https:\/\/www.camping-var-tomasses.fr\/wp-content\/uploads\/2021\/03\/famille-vacance.jpg\" alt=\"famille vacance\" class=\"small\"  loading=\"lazy\"\/><\/div><div class=\"call-to-action_contenu\"><div class=\"call-to-action_titre\">In den mobil-homes<\/div><\/div><\/a><\/li><li class=\"element call-to-action center titre-cta call-to-action--style-1 call-to-action--small call-to-action--style-1 call-to-action--small\"><a href=\"https:\/\/www.camping-var-tomasses.fr\/de\/stellplatz-sudfrankreich\/\"  class=\"call-to-action_link\" title=\"Lesen Sie mehr \u00fcber unsere standorte\"><div class=\"call-to-action_image\"><img decoding=\"async\" src=\"https:\/\/www.camping-var-tomasses.fr\/wp-content\/uploads\/2021\/03\/famille-camping-100x56.jpg\" data-src=\"https:\/\/www.camping-var-tomasses.fr\/wp-content\/uploads\/2021\/03\/famille-camping.jpg\" alt=\"famille camping\" class=\"small\"  loading=\"lazy\"\/><\/div><div class=\"call-to-action_contenu\"><div class=\"call-to-action_titre\">Unsere Standorte<\/div><\/div><\/a><\/li><li class=\"element call-to-action center titre-cta call-to-action--style-1 call-to-action--small call-to-action--style-1 call-to-action--small call-to-action--style-1 call-to-action--small\"><a href=\"https:\/\/www.camping-var-tomasses.fr\/de\/billig-camping-sudfrankreich\/\"  class=\"call-to-action_link\" title=\"Lesen Sie mehr \u00fcber unsere preise\"><div class=\"call-to-action_image\"><img decoding=\"async\" src=\"https:\/\/www.camping-var-tomasses.fr\/wp-content\/uploads\/2021\/03\/vacances-famille-100x56.jpg\" data-src=\"https:\/\/www.camping-var-tomasses.fr\/wp-content\/uploads\/2021\/03\/vacances-famille.jpg\" alt=\"vacances famille\" class=\"small\"  loading=\"lazy\"\/><\/div><div class=\"call-to-action_contenu\"><div class=\"call-to-action_titre\">Unsere Preise<\/div><\/div><\/a><\/li><\/ul><\/div><\/section>","protected":false},"excerpt":{"rendered":"","protected":false},"author":1,"featured_media":1702,"parent":0,"menu_order":0,"comment_status":"closed","ping_status":"closed","template":"","meta":{"_acf_changed":false,"footnotes":""},"class_list":["post-2990","page","type-page","status-publish","has-post-thumbnail","hentry"],"acf":[],"yoast_head":"<!-- This site is optimized with the Yoast SEO plugin v21.8.1 - https:\/\/yoast.com\/wordpress\/plugins\/seo\/ -->\n<title>Camping Acsi und Anwb S\u00fcdfrankreich | Acsi-Campingplatz S\u00fcdfrankreich<\/title>\n<meta name=\"description\" content=\"Genie\u00dfen Sie Ihren ACSI- und ANWB-Rabatt f\u00fcr einen Aufenthalt auf einem 4*-Campingplatz in S\u00fcdfrankreich in Meeresn\u00e4he. 14\u20ac pro Nacht f\u00fcr einen Stellplatz in Provence Alpes C\u00f4te d&#039;Azur in der N\u00e4he von Hy\u00e8res les Palmiers.\" \/>\n<meta name=\"robots\" content=\"index, follow, max-snippet:-1, max-image-preview:large, max-video-preview:-1\" \/>\n<link rel=\"canonical\" href=\"https:\/\/www.camping-var-tomasses.fr\/de\/acsi-anwb-sudfrankreich\/\" \/>\n<meta property=\"og:locale\" content=\"de_DE\" \/>\n<meta property=\"og:type\" content=\"article\" \/>\n<meta property=\"og:title\" content=\"Camping Acsi und Anwb S\u00fcdfrankreich | Acsi-Campingplatz S\u00fcdfrankreich\" \/>\n<meta property=\"og:description\" content=\"Genie\u00dfen Sie Ihren ACSI- und ANWB-Rabatt f\u00fcr einen Aufenthalt auf einem 4*-Campingplatz in S\u00fcdfrankreich in Meeresn\u00e4he. 14\u20ac pro Nacht f\u00fcr einen Stellplatz in Provence Alpes C\u00f4te d&#039;Azur in der N\u00e4he von Hy\u00e8res les Palmiers.\" \/>\n<meta property=\"og:url\" content=\"https:\/\/www.camping-var-tomasses.fr\/de\/acsi-anwb-sudfrankreich\/\" \/>\n<meta property=\"og:site_name\" content=\"Camping les Tomasses\" \/>\n<meta property=\"article:modified_time\" content=\"2022-04-20T10:06:22+00:00\" \/>\n<meta property=\"og:image\" content=\"https:\/\/www.camping-var-tomasses.fr\/wp-content\/uploads\/2021\/03\/camping-emplacement.jpg\" \/>\n\t<meta property=\"og:image:width\" content=\"1905\" \/>\n\t<meta property=\"og:image:height\" content=\"450\" \/>\n\t<meta property=\"og:image:type\" content=\"image\/jpeg\" \/>\n<meta name=\"twitter:card\" content=\"summary_large_image\" \/>\n<script type=\"application\/ld+json\" class=\"yoast-schema-graph\">{\"@context\":\"https:\/\/schema.org\",\"@graph\":[{\"@type\":\"WebPage\",\"@id\":\"https:\/\/www.camping-var-tomasses.fr\/de\/acsi-anwb-sudfrankreich\/\",\"url\":\"https:\/\/www.camping-var-tomasses.fr\/de\/acsi-anwb-sudfrankreich\/\",\"name\":\"Camping Acsi und Anwb S\u00fcdfrankreich | Acsi-Campingplatz S\u00fcdfrankreich\",\"isPartOf\":{\"@id\":\"https:\/\/www.camping-var-tomasses.fr\/de\/#website\"},\"datePublished\":\"2021-03-16T05:46:21+00:00\",\"dateModified\":\"2022-04-20T10:06:22+00:00\",\"description\":\"Genie\u00dfen Sie Ihren ACSI- und ANWB-Rabatt f\u00fcr einen Aufenthalt auf einem 4*-Campingplatz in S\u00fcdfrankreich in Meeresn\u00e4he. 14\u20ac pro Nacht f\u00fcr einen Stellplatz in Provence Alpes C\u00f4te d'Azur in der N\u00e4he von Hy\u00e8res les Palmiers.\",\"breadcrumb\":{\"@id\":\"https:\/\/www.camping-var-tomasses.fr\/de\/acsi-anwb-sudfrankreich\/#breadcrumb\"},\"inLanguage\":\"de\",\"potentialAction\":[{\"@type\":\"ReadAction\",\"target\":[\"https:\/\/www.camping-var-tomasses.fr\/de\/acsi-anwb-sudfrankreich\/\"]}]},{\"@type\":\"BreadcrumbList\",\"@id\":\"https:\/\/www.camping-var-tomasses.fr\/de\/acsi-anwb-sudfrankreich\/#breadcrumb\",\"itemListElement\":[{\"@type\":\"ListItem\",\"position\":1,\"name\":\"Campingplatz Var\",\"item\":\"https:\/\/www.camping-var-tomasses.fr\/de\/\"},{\"@type\":\"ListItem\",\"position\":2,\"name\":\"CAMPING ACSI, ANWB VAR\"}]},{\"@type\":\"WebSite\",\"@id\":\"https:\/\/www.camping-var-tomasses.fr\/de\/#website\",\"url\":\"https:\/\/www.camping-var-tomasses.fr\/de\/\",\"name\":\"Camping les Tomasses\",\"description\":\"\",\"potentialAction\":[{\"@type\":\"SearchAction\",\"target\":{\"@type\":\"EntryPoint\",\"urlTemplate\":\"https:\/\/www.camping-var-tomasses.fr\/de\/?s={search_term_string}\"},\"query-input\":\"required name=search_term_string\"}],\"inLanguage\":\"de\"}]}<\/script>\n<!-- \/ Yoast SEO plugin. -->","yoast_head_json":{"title":"Camping Acsi und Anwb S\u00fcdfrankreich | Acsi-Campingplatz S\u00fcdfrankreich","description":"Genie\u00dfen Sie Ihren ACSI- und ANWB-Rabatt f\u00fcr einen Aufenthalt auf einem 4*-Campingplatz in S\u00fcdfrankreich in Meeresn\u00e4he. 14\u20ac pro Nacht f\u00fcr einen Stellplatz in Provence Alpes C\u00f4te d'Azur in der N\u00e4he von Hy\u00e8res les Palmiers.","robots":{"index":"index","follow":"follow","max-snippet":"max-snippet:-1","max-image-preview":"max-image-preview:large","max-video-preview":"max-video-preview:-1"},"canonical":"https:\/\/www.camping-var-tomasses.fr\/de\/acsi-anwb-sudfrankreich\/","og_locale":"de_DE","og_type":"article","og_title":"Camping Acsi und Anwb S\u00fcdfrankreich | Acsi-Campingplatz S\u00fcdfrankreich","og_description":"Genie\u00dfen Sie Ihren ACSI- und ANWB-Rabatt f\u00fcr einen Aufenthalt auf einem 4*-Campingplatz in S\u00fcdfrankreich in Meeresn\u00e4he. 14\u20ac pro Nacht f\u00fcr einen Stellplatz in Provence Alpes C\u00f4te d'Azur in der N\u00e4he von Hy\u00e8res les Palmiers.","og_url":"https:\/\/www.camping-var-tomasses.fr\/de\/acsi-anwb-sudfrankreich\/","og_site_name":"Camping les Tomasses","article_modified_time":"2022-04-20T10:06:22+00:00","og_image":[{"width":1905,"height":450,"url":"https:\/\/www.camping-var-tomasses.fr\/wp-content\/uploads\/2021\/03\/camping-emplacement.jpg","type":"image\/jpeg"}],"twitter_card":"summary_large_image","schema":{"@context":"https:\/\/schema.org","@graph":[{"@type":"WebPage","@id":"https:\/\/www.camping-var-tomasses.fr\/de\/acsi-anwb-sudfrankreich\/","url":"https:\/\/www.camping-var-tomasses.fr\/de\/acsi-anwb-sudfrankreich\/","name":"Camping Acsi und Anwb S\u00fcdfrankreich | Acsi-Campingplatz S\u00fcdfrankreich","isPartOf":{"@id":"https:\/\/www.camping-var-tomasses.fr\/de\/#website"},"datePublished":"2021-03-16T05:46:21+00:00","dateModified":"2022-04-20T10:06:22+00:00","description":"Genie\u00dfen Sie Ihren ACSI- und ANWB-Rabatt f\u00fcr einen Aufenthalt auf einem 4*-Campingplatz in S\u00fcdfrankreich in Meeresn\u00e4he. 14\u20ac pro Nacht f\u00fcr einen Stellplatz in Provence Alpes C\u00f4te d'Azur in der N\u00e4he von Hy\u00e8res les Palmiers.","breadcrumb":{"@id":"https:\/\/www.camping-var-tomasses.fr\/de\/acsi-anwb-sudfrankreich\/#breadcrumb"},"inLanguage":"de","potentialAction":[{"@type":"ReadAction","target":["https:\/\/www.camping-var-tomasses.fr\/de\/acsi-anwb-sudfrankreich\/"]}]},{"@type":"BreadcrumbList","@id":"https:\/\/www.camping-var-tomasses.fr\/de\/acsi-anwb-sudfrankreich\/#breadcrumb","itemListElement":[{"@type":"ListItem","position":1,"name":"Campingplatz Var","item":"https:\/\/www.camping-var-tomasses.fr\/de\/"},{"@type":"ListItem","position":2,"name":"CAMPING ACSI, ANWB VAR"}]},{"@type":"WebSite","@id":"https:\/\/www.camping-var-tomasses.fr\/de\/#website","url":"https:\/\/www.camping-var-tomasses.fr\/de\/","name":"Camping les Tomasses","description":"","potentialAction":[{"@type":"SearchAction","target":{"@type":"EntryPoint","urlTemplate":"https:\/\/www.camping-var-tomasses.fr\/de\/?s={search_term_string}"},"query-input":"required name=search_term_string"}],"inLanguage":"de"}]}},"_links":{"self":[{"href":"https:\/\/www.camping-var-tomasses.fr\/de\/wp-json\/wp\/v2\/pages\/2990","targetHints":{"allow":["GET"]}}],"collection":[{"href":"https:\/\/www.camping-var-tomasses.fr\/de\/wp-json\/wp\/v2\/pages"}],"about":[{"href":"https:\/\/www.camping-var-tomasses.fr\/de\/wp-json\/wp\/v2\/types\/page"}],"author":[{"embeddable":true,"href":"https:\/\/www.camping-var-tomasses.fr\/de\/wp-json\/wp\/v2\/users\/1"}],"replies":[{"embeddable":true,"href":"https:\/\/www.camping-var-tomasses.fr\/de\/wp-json\/wp\/v2\/comments?post=2990"}],"version-history":[{"count":7,"href":"https:\/\/www.camping-var-tomasses.fr\/de\/wp-json\/wp\/v2\/pages\/2990\/revisions"}],"predecessor-version":[{"id":6679,"href":"https:\/\/www.camping-var-tomasses.fr\/de\/wp-json\/wp\/v2\/pages\/2990\/revisions\/6679"}],"wp:featuredmedia":[{"embeddable":true,"href":"https:\/\/www.camping-var-tomasses.fr\/de\/wp-json\/wp\/v2\/media\/1702"}],"wp:attachment":[{"href":"https:\/\/www.camping-var-tomasses.fr\/de\/wp-json\/wp\/v2\/media?parent=2990"}],"curies":[{"name":"wp","href":"https:\/\/api.w.org\/{rel}","templated":true}]}}