{"id":2976,"date":"2021-03-16T06:45:52","date_gmt":"2021-03-16T05:45:52","guid":{"rendered":"https:\/\/www.camping-var-tomasses.fr\/emplacement-camping-caravaning-var\/"},"modified":"2022-04-20T12:08:55","modified_gmt":"2022-04-20T10:08:55","slug":"stellplatz-sudfrankreich","status":"publish","type":"page","link":"https:\/\/www.camping-var-tomasses.fr\/de\/stellplatz-sudfrankreich\/","title":{"rendered":"H\u00e9bergement : Nos Emplacements"},"content":{"rendered":"<section id=\"section-60506e6b8641a\"\" class=\"section titre-interne bg-white p-b-0\" \/><div class=\"container extralarge\"><h1 class=\"element section-title center\">CAMPING UND CARAVANING IN S\u00dcDFRANKREICH<\/h1><\/div><\/section>\n\n<section id=\"section-60506e6b86538\"\" class=\"section bg-white p-t-0 p-b-0\" \/><div class=\"container extralarge\"><div class=\"element bloc-text center \">\n\t<p>Sie suchen einen Stellplatz f\u00fcr Zelte, Wohnwagen oder Wohnmobile auf einem Campingplatz in S\u00fcdfrankreich f\u00fcr Ihren Familienurlaub im Freien in der N\u00e4he des Meeres.<\/p>\n<\/div><div class=\"element bloc-text\">\n\t<script>\r\n    window.ctoutvert = {\r\n        id: 15375,\r\n        lang: 'auto',\r\n        url: 'https:\/\/bookingpremium.secureholiday.net\/widgets\/', \r\n    };\r\n    (function (w, d, s, ctv, r, js, fjs) {\r\n        r=new XMLHttpRequest();r.open('GET',w[ctv].url+'js\/src.json');\r\n        r.responseType='json';r.json=true;r.send();\r\n        r.onload=function(){w[ctv].src=r.responseType=='json'?r.response:JSON.parse(r.response);\r\n        js.src=w[ctv].src[0];fjs.parentNode.insertBefore(js, fjs);}\r\n        js=d.createElement(s),fjs=d.getElementsByTagName(s)[0];\r\n        js.id='ctvwidget';js.async=1;\r\n    }(window, document, 'script', 'ctoutvert'));\r\n<\/script>\r\n<ctv-availability data-product-type='pitch' data-month-year='04@2021'><\/ctv-availability><\/div><\/div><\/section>\n\n<section id=\"section-60506e6b86724\"\" class=\"section bg-white p-t-0 p-b-0\" \/><div class=\"container full\"><div class=\"colonnes-wrap valign-middle \"><div class=\"element colonne p-x-6\"><h2 class=\"element section-title justify\">MIETEN SIE EINEN STELLPLATZ F\u00dcR WOHNWAGEN IN S\u00dcDFRANKREICH IN MEERESN\u00c4HE<\/h2><div class=\"element bloc-text justify \">\n\t<p>Campingplatz in S\u00fcdfrankreich f\u00fcr Ihren Familienurlaub im Freien in der N\u00e4he des Meeres.<br \/>\nUnser 4-Sterne-Campingplatz Flower bietet Ihnen Stellpl\u00e4tze f\u00fcr Wohnwagen, Wohnmobile und Zelte in S\u00fcdfrankreich an der C\u00f4te d&#8217;Azur. Unsere Stellpl\u00e4tze in S\u00fcdfrankreich sind flach, grasbewachsen und von Hecken eingefasst, um maximale Privatsph\u00e4re zu gew\u00e4hrleisten und gleichzeitig die Geselligkeit des Campingplatzes zu bewahren.<\/p>\n<p>Wir haben 2 Kategorien von Campingstellpl\u00e4tzen. Premium-Stellpl\u00e4tze von mindestens 90 m2 am Flussufer. Und Komfort-Stellpl\u00e4tze von mindestens 80 m2 in der N\u00e4he des Flusses. Unsere Stellpl\u00e4tze haben eine maximale Kapazit\u00e4t von 6 Personen. Wir sind ein hundefreundlicher Campingplatz im Var (maximal 2 Hunde pro Stellplatz). Es ist m\u00f6glich, ein zweites Fahrzeug kostenlos auf den Stellplatz zu stellen.<\/p>\n<p>Wir sind ein l\u00e4ndlicher Campingplatz und einer der waldreichsten Campingpl\u00e4tze im S\u00fcdosten Frankreichs. Unsere schattigen Stellpl\u00e4tze sind mit 10 Ampere Strom und Trinkwasser ausgestattet. Alle unsere Stellpl\u00e4tze befinden sich in der N\u00e4he unserer 2 Sanit\u00e4rgeb\u00e4ude, die 2018 renoviert wurden.<\/p>\n<p>Mieten Sie Ihren Wohnwagenstellplatz im Var f\u00fcr Ihren n\u00e4chsten Familienurlaub in S\u00fcdfrankreich.<\/p>\n<\/div><\/div><div class=\"element colonne p-0\"><div class=\"element images scroll-x-mobile\"><div class=\"image\"><img decoding=\"async\" src=\"https:\/\/www.camping-var-tomasses.fr\/wp-content\/uploads\/2021\/03\/tente-camping-100x63.jpg\" data-src=\"https:\/\/www.camping-var-tomasses.fr\/wp-content\/uploads\/2021\/03\/tente-camping.jpg\" alt=\"tente camping\" class=\"images_image\"  loading=\"lazy\"\/><\/div><\/div><\/div><\/div><\/div><\/section>\n\n<section id=\"section-60506e6b86896\"\" class=\"section bg-white p-t-0 p-b-0\" \/><div class=\"container full\"><div class=\"element images scroll-x-mobile\"><div class=\"image\"><img decoding=\"async\" src=\"https:\/\/www.camping-var-tomasses.fr\/wp-content\/uploads\/2021\/03\/camping-tente-var-100x74.jpg\" data-src=\"https:\/\/www.camping-var-tomasses.fr\/wp-content\/uploads\/2021\/03\/camping-tente-var.jpg\" alt=\"camping tente var\" class=\"images_image\"  loading=\"lazy\"\/><\/div><div class=\"image\"><img decoding=\"async\" src=\"https:\/\/www.camping-var-tomasses.fr\/wp-content\/uploads\/2021\/03\/caravane-emplacement-100x74.jpg\" data-src=\"https:\/\/www.camping-var-tomasses.fr\/wp-content\/uploads\/2021\/03\/caravane-emplacement.jpg\" alt=\"caravane emplacement\" class=\"images_image\"  loading=\"lazy\"\/><\/div><div class=\"image\"><img decoding=\"async\" src=\"https:\/\/www.camping-var-tomasses.fr\/wp-content\/uploads\/2021\/03\/tente-location-100x74.jpg\" data-src=\"https:\/\/www.camping-var-tomasses.fr\/wp-content\/uploads\/2021\/03\/tente-location.jpg\" alt=\"tente location\" class=\"images_image\"  loading=\"lazy\"\/><\/div><div class=\"image\"><img decoding=\"async\" src=\"https:\/\/www.camping-var-tomasses.fr\/wp-content\/uploads\/2021\/03\/emplacement-ombre-var-100x74.jpg\" data-src=\"https:\/\/www.camping-var-tomasses.fr\/wp-content\/uploads\/2021\/03\/emplacement-ombre-var.jpg\" alt=\"emplacement ombre var\" class=\"images_image\"  loading=\"lazy\"\/><\/div><\/div><\/div><\/section>\n\n<section id=\"section-605067bcbc72a\"\" class=\"section bg-white p-t-0 p-b-0\" \/><div class=\"container full\"><div class=\"colonnes-wrap valign-middle \"><div class=\"element colonne p-0\"><div class=\"element images scroll-x-mobile\"><div class=\"image\"><img decoding=\"async\" src=\"https:\/\/www.camping-var-tomasses.fr\/wp-content\/uploads\/2021\/03\/caravane-famille-100x58.jpg\" data-src=\"https:\/\/www.camping-var-tomasses.fr\/wp-content\/uploads\/2021\/03\/caravane-famille.jpg\" alt=\"caravane famille\" class=\"images_image\"  loading=\"lazy\"\/><\/div><\/div><\/div><div class=\"element colonne p-x-6\"><h2 class=\"element section-title justify\">MIETEN SIE EIN ZELT AN DER FRANZ\u00d6SISCHEN RIVIERA IN DER N\u00c4HE VON HYERES<\/h2><div class=\"element bloc-text justify \">\n\t<p>Unser Campingplatz im Var liegt ideal in der N\u00e4he von Hy\u00e8res und Toulon, nur 20 Minuten von den sch\u00f6nsten feinen Sandstr\u00e4nden entfernt. Ein perfekter Standort mit einer Reihe von Einrichtungen f\u00fcr das Campen mit einem Zelt in der Provence Alpes C\u00f4te d&#8217;Azur.<\/p>\n<p>Unser Campingplatz mit Zeltplatz im Var ist ein Familiencampingplatz, der sich perfekt f\u00fcr einen Urlaub mit der Familie oder Freunden eignet.<\/p>\n<p>Genie\u00dfen Sie unseren Kinderspielplatz, unser beheiztes Planschbecken und Schwimmbad, unseren Multisportplatz, unsere Tischtennisplatte, unseren Fitnessparcours, und unser betreutes Animationsprogramm im Juli und August.<br \/>\nBuchen Sie Ihren Campingurlaub im Zelt im Var auf unserem Campingplatz mit Schwimmbad bei Hy\u00e8res an der C\u00f4te d&#8217;Azur<\/p>\n<\/div><\/div><\/div><div class=\"colonnes-wrap valign-middle \"><div class=\"element colonne p-x-6\"><h2 class=\"element section-title justify\">WOHNWAGENURLAUB AUF DEM CAMPINGPLATZ IN FRANKREICH<\/h2><div class=\"element bloc-text justify \">\n\t<p>Unser Flower-Campingplatz zwischen Meer und Natur garantiert Ihnen das beste Camping-Caravaning-Urlaubserlebnis in der Region Var an der C\u00f4te d&#8217;Azur.<\/p>\n<p>Machen Sie das Beste aus Ihrem Traumurlaub und erkunden Sie die Sehensw\u00fcrdigkeiten der Region Var. Besuchen Sie Hy\u00e8res und seine Altstadt. Tauchen Sie in das Mittelmeer ein. Nehmen Sie ein Sonnenbad an den Str\u00e4nden der Halbinsel Giens. Machen Sie eine Radtour auf der Insel Porquerolles. Beobachten Sie die Fauna und Flora auf der Insel Port Cros. Schlendern Sie durch die blumengeschm\u00fcckten Stra\u00dfen des sch\u00f6nen Dorfes Bormes les Mimosas. Entdecken Sie die Var-K\u00fcste von Bandol bis Saint Rapha\u00ebl. Bewundern Sie die gro\u00dfen Boote im Hafen des Golfs von Saint Tropez. Wandern Sie im Regionalpark von Sainte Baume. 1h30 vom Campingplatz entfernt, besuchen Sie die Verdon-Schluchten und den See Sainte Croix. Sch\u00f6ne Besichtigungen und Familienwanderungen f\u00fcr einen unvergesslichen Urlaub.<\/p>\n<p>Wenn Sie mehr Komfort w\u00e4hrend Ihres Familienurlaubs in S\u00fcdfrankreich w\u00fcnschen, haben wir klimatisierte Mobilheime mit Fernsehen und Wifi.<\/p>\n<p>Buchen Sie Ihren Stellplatz in S\u00fcdfrankreich auf unserem Flower camping les Tomasses f\u00fcr Natururlaub an der C\u00f4te d&#8217;Azur f\u00fcr frische Luft.<\/p>\n<\/div><\/div><div class=\"element colonne p-0\"><div class=\"element images scroll-x-mobile\"><div class=\"image\"><img decoding=\"async\" src=\"https:\/\/www.camping-var-tomasses.fr\/wp-content\/uploads\/2021\/03\/allee-camping-var-100x68.jpg\" data-src=\"https:\/\/www.camping-var-tomasses.fr\/wp-content\/uploads\/2021\/03\/allee-camping-var.jpg\" alt=\"all\u00e9e camping var\" class=\"images_image\"  loading=\"lazy\"\/><\/div><\/div><\/div><\/div><\/div><\/section>\n\n<section id=\"section-60506e6b86fe6\"\" class=\"section bg-white\" \/><div class=\"container extralarge\"><div class=\"element section-title center titre-cta\">Entdecken Sie unsere Unterk\u00fcnfte und unsere Preise<\/div><ul class=\"liste-de-page scroll-x-mobile\"><li class=\"element call-to-action center titre-cta call-to-action--style-1 call-to-action--small\"><a href=\"https:\/\/www.camping-var-tomasses.fr\/de\/mobilheim-vermietung-sudfrankreich\/\"  class=\"call-to-action_link\" title=\"Lesen Sie mehr \u00fcber in den mobil-homes\"><div class=\"call-to-action_image\"><img decoding=\"async\" src=\"https:\/\/www.camping-var-tomasses.fr\/wp-content\/uploads\/2021\/03\/famille-vacance-100x56.jpg\" data-src=\"https:\/\/www.camping-var-tomasses.fr\/wp-content\/uploads\/2021\/03\/famille-vacance.jpg\" alt=\"famille vacance\" class=\"small\"  loading=\"lazy\"\/><\/div><div class=\"call-to-action_contenu\"><div class=\"call-to-action_titre\">In den mobil-homes<\/div><\/div><\/a><\/li><li class=\"element call-to-action center titre-cta call-to-action--style-1 call-to-action--small call-to-action--style-1 call-to-action--small\"><a href=\"https:\/\/www.camping-var-tomasses.fr\/de\/billig-camping-sudfrankreich\/\"  class=\"call-to-action_link\" title=\"Lesen Sie mehr \u00fcber unsere preise\"><div class=\"call-to-action_image\"><img decoding=\"async\" src=\"https:\/\/www.camping-var-tomasses.fr\/wp-content\/uploads\/2021\/03\/vacances-famille-100x56.jpg\" data-src=\"https:\/\/www.camping-var-tomasses.fr\/wp-content\/uploads\/2021\/03\/vacances-famille.jpg\" alt=\"vacances famille\" class=\"small\"  loading=\"lazy\"\/><\/div><div class=\"call-to-action_contenu\"><div class=\"call-to-action_titre\">Unsere Preise<\/div><\/div><\/a><\/li><li class=\"element call-to-action center titre-cta call-to-action--style-1 call-to-action--small call-to-action--style-1 call-to-action--small call-to-action--style-1 call-to-action--small\"><a href=\"https:\/\/www.camping-var-tomasses.fr\/de\/acsi-anwb-sudfrankreich\/\"  class=\"call-to-action_link\" title=\"Lesen Sie mehr \u00fcber acsi\"><div class=\"call-to-action_image\"><img decoding=\"async\" src=\"https:\/\/www.camping-var-tomasses.fr\/wp-content\/uploads\/2021\/03\/camping-emplacement-100x24.jpg\" data-src=\"https:\/\/www.camping-var-tomasses.fr\/wp-content\/uploads\/2021\/03\/camping-emplacement.jpg\" alt=\"camping emplacement\" class=\"small\"  loading=\"lazy\"\/><\/div><div class=\"call-to-action_contenu\"><div class=\"call-to-action_titre\">ACSI<\/div><\/div><\/a><\/li><\/ul><\/div><\/section>","protected":false},"excerpt":{"rendered":"","protected":false},"author":1,"featured_media":4337,"parent":0,"menu_order":0,"comment_status":"closed","ping_status":"closed","template":"","meta":{"_acf_changed":false,"footnotes":""},"class_list":["post-2976","page","type-page","status-publish","has-post-thumbnail","hentry"],"acf":[],"yoast_head":"<!-- This site is optimized with the Yoast SEO plugin v21.8.1 - https:\/\/yoast.com\/wordpress\/plugins\/seo\/ -->\n<title>Campingplatz S\u00fcdfrankreich | Stellpl\u00e4tze f\u00fcr Wohnwagen C\u00f4te d&#039;Azur<\/title>\n<meta name=\"description\" content=\"4* Caravaning-Campingplatz in S\u00fcdfrankreich in Meeresn\u00e4he. Schattige Stellpl\u00e4tze f\u00fcr Zelte, Wohnwagen und Wohnmobile in einer \u00fcppigen Natur am Fluss bei Hy\u00e8res les Palmiers\" \/>\n<meta name=\"robots\" content=\"index, follow, max-snippet:-1, max-image-preview:large, max-video-preview:-1\" \/>\n<link rel=\"canonical\" href=\"https:\/\/www.camping-var-tomasses.fr\/de\/stellplatz-sudfrankreich\/\" \/>\n<meta property=\"og:locale\" content=\"de_DE\" \/>\n<meta property=\"og:type\" content=\"article\" \/>\n<meta property=\"og:title\" content=\"Campingplatz S\u00fcdfrankreich | Stellpl\u00e4tze f\u00fcr Wohnwagen C\u00f4te d&#039;Azur\" \/>\n<meta property=\"og:description\" content=\"4* Caravaning-Campingplatz in S\u00fcdfrankreich in Meeresn\u00e4he. Schattige Stellpl\u00e4tze f\u00fcr Zelte, Wohnwagen und Wohnmobile in einer \u00fcppigen Natur am Fluss bei Hy\u00e8res les Palmiers\" \/>\n<meta property=\"og:url\" content=\"https:\/\/www.camping-var-tomasses.fr\/de\/stellplatz-sudfrankreich\/\" \/>\n<meta property=\"og:site_name\" content=\"Camping les Tomasses\" \/>\n<meta property=\"article:modified_time\" content=\"2022-04-20T10:08:55+00:00\" \/>\n<meta property=\"og:image\" content=\"https:\/\/www.camping-var-tomasses.fr\/wp-content\/uploads\/2021\/05\/emplacement-camping-var.jpg\" \/>\n\t<meta property=\"og:image:width\" content=\"1903\" \/>\n\t<meta property=\"og:image:height\" content=\"450\" \/>\n\t<meta property=\"og:image:type\" content=\"image\/jpeg\" \/>\n<meta name=\"twitter:card\" content=\"summary_large_image\" \/>\n<script type=\"application\/ld+json\" class=\"yoast-schema-graph\">{\"@context\":\"https:\/\/schema.org\",\"@graph\":[{\"@type\":\"WebPage\",\"@id\":\"https:\/\/www.camping-var-tomasses.fr\/de\/stellplatz-sudfrankreich\/\",\"url\":\"https:\/\/www.camping-var-tomasses.fr\/de\/stellplatz-sudfrankreich\/\",\"name\":\"Campingplatz S\u00fcdfrankreich | Stellpl\u00e4tze f\u00fcr Wohnwagen C\u00f4te d'Azur\",\"isPartOf\":{\"@id\":\"https:\/\/www.camping-var-tomasses.fr\/de\/#website\"},\"datePublished\":\"2021-03-16T05:45:52+00:00\",\"dateModified\":\"2022-04-20T10:08:55+00:00\",\"description\":\"4* Caravaning-Campingplatz in S\u00fcdfrankreich in Meeresn\u00e4he. Schattige Stellpl\u00e4tze f\u00fcr Zelte, Wohnwagen und Wohnmobile in einer \u00fcppigen Natur am Fluss bei Hy\u00e8res les Palmiers\",\"breadcrumb\":{\"@id\":\"https:\/\/www.camping-var-tomasses.fr\/de\/stellplatz-sudfrankreich\/#breadcrumb\"},\"inLanguage\":\"de\",\"potentialAction\":[{\"@type\":\"ReadAction\",\"target\":[\"https:\/\/www.camping-var-tomasses.fr\/de\/stellplatz-sudfrankreich\/\"]}]},{\"@type\":\"BreadcrumbList\",\"@id\":\"https:\/\/www.camping-var-tomasses.fr\/de\/stellplatz-sudfrankreich\/#breadcrumb\",\"itemListElement\":[{\"@type\":\"ListItem\",\"position\":1,\"name\":\"Campingplatz Var\",\"item\":\"https:\/\/www.camping-var-tomasses.fr\/de\/\"},{\"@type\":\"ListItem\",\"position\":2,\"name\":\"Stellplatz Var\"}]},{\"@type\":\"WebSite\",\"@id\":\"https:\/\/www.camping-var-tomasses.fr\/de\/#website\",\"url\":\"https:\/\/www.camping-var-tomasses.fr\/de\/\",\"name\":\"Camping les Tomasses\",\"description\":\"\",\"potentialAction\":[{\"@type\":\"SearchAction\",\"target\":{\"@type\":\"EntryPoint\",\"urlTemplate\":\"https:\/\/www.camping-var-tomasses.fr\/de\/?s={search_term_string}\"},\"query-input\":\"required name=search_term_string\"}],\"inLanguage\":\"de\"}]}<\/script>\n<!-- \/ Yoast SEO plugin. -->","yoast_head_json":{"title":"Campingplatz S\u00fcdfrankreich | Stellpl\u00e4tze f\u00fcr Wohnwagen C\u00f4te d'Azur","description":"4* Caravaning-Campingplatz in S\u00fcdfrankreich in Meeresn\u00e4he. Schattige Stellpl\u00e4tze f\u00fcr Zelte, Wohnwagen und Wohnmobile in einer \u00fcppigen Natur am Fluss bei Hy\u00e8res les Palmiers","robots":{"index":"index","follow":"follow","max-snippet":"max-snippet:-1","max-image-preview":"max-image-preview:large","max-video-preview":"max-video-preview:-1"},"canonical":"https:\/\/www.camping-var-tomasses.fr\/de\/stellplatz-sudfrankreich\/","og_locale":"de_DE","og_type":"article","og_title":"Campingplatz S\u00fcdfrankreich | Stellpl\u00e4tze f\u00fcr Wohnwagen C\u00f4te d'Azur","og_description":"4* Caravaning-Campingplatz in S\u00fcdfrankreich in Meeresn\u00e4he. Schattige Stellpl\u00e4tze f\u00fcr Zelte, Wohnwagen und Wohnmobile in einer \u00fcppigen Natur am Fluss bei Hy\u00e8res les Palmiers","og_url":"https:\/\/www.camping-var-tomasses.fr\/de\/stellplatz-sudfrankreich\/","og_site_name":"Camping les Tomasses","article_modified_time":"2022-04-20T10:08:55+00:00","og_image":[{"width":1903,"height":450,"url":"https:\/\/www.camping-var-tomasses.fr\/wp-content\/uploads\/2021\/05\/emplacement-camping-var.jpg","type":"image\/jpeg"}],"twitter_card":"summary_large_image","schema":{"@context":"https:\/\/schema.org","@graph":[{"@type":"WebPage","@id":"https:\/\/www.camping-var-tomasses.fr\/de\/stellplatz-sudfrankreich\/","url":"https:\/\/www.camping-var-tomasses.fr\/de\/stellplatz-sudfrankreich\/","name":"Campingplatz S\u00fcdfrankreich | Stellpl\u00e4tze f\u00fcr Wohnwagen C\u00f4te d'Azur","isPartOf":{"@id":"https:\/\/www.camping-var-tomasses.fr\/de\/#website"},"datePublished":"2021-03-16T05:45:52+00:00","dateModified":"2022-04-20T10:08:55+00:00","description":"4* Caravaning-Campingplatz in S\u00fcdfrankreich in Meeresn\u00e4he. Schattige Stellpl\u00e4tze f\u00fcr Zelte, Wohnwagen und Wohnmobile in einer \u00fcppigen Natur am Fluss bei Hy\u00e8res les Palmiers","breadcrumb":{"@id":"https:\/\/www.camping-var-tomasses.fr\/de\/stellplatz-sudfrankreich\/#breadcrumb"},"inLanguage":"de","potentialAction":[{"@type":"ReadAction","target":["https:\/\/www.camping-var-tomasses.fr\/de\/stellplatz-sudfrankreich\/"]}]},{"@type":"BreadcrumbList","@id":"https:\/\/www.camping-var-tomasses.fr\/de\/stellplatz-sudfrankreich\/#breadcrumb","itemListElement":[{"@type":"ListItem","position":1,"name":"Campingplatz Var","item":"https:\/\/www.camping-var-tomasses.fr\/de\/"},{"@type":"ListItem","position":2,"name":"Stellplatz Var"}]},{"@type":"WebSite","@id":"https:\/\/www.camping-var-tomasses.fr\/de\/#website","url":"https:\/\/www.camping-var-tomasses.fr\/de\/","name":"Camping les Tomasses","description":"","potentialAction":[{"@type":"SearchAction","target":{"@type":"EntryPoint","urlTemplate":"https:\/\/www.camping-var-tomasses.fr\/de\/?s={search_term_string}"},"query-input":"required name=search_term_string"}],"inLanguage":"de"}]}},"_links":{"self":[{"href":"https:\/\/www.camping-var-tomasses.fr\/de\/wp-json\/wp\/v2\/pages\/2976","targetHints":{"allow":["GET"]}}],"collection":[{"href":"https:\/\/www.camping-var-tomasses.fr\/de\/wp-json\/wp\/v2\/pages"}],"about":[{"href":"https:\/\/www.camping-var-tomasses.fr\/de\/wp-json\/wp\/v2\/types\/page"}],"author":[{"embeddable":true,"href":"https:\/\/www.camping-var-tomasses.fr\/de\/wp-json\/wp\/v2\/users\/1"}],"replies":[{"embeddable":true,"href":"https:\/\/www.camping-var-tomasses.fr\/de\/wp-json\/wp\/v2\/comments?post=2976"}],"version-history":[{"count":6,"href":"https:\/\/www.camping-var-tomasses.fr\/de\/wp-json\/wp\/v2\/pages\/2976\/revisions"}],"predecessor-version":[{"id":6685,"href":"https:\/\/www.camping-var-tomasses.fr\/de\/wp-json\/wp\/v2\/pages\/2976\/revisions\/6685"}],"wp:featuredmedia":[{"embeddable":true,"href":"https:\/\/www.camping-var-tomasses.fr\/de\/wp-json\/wp\/v2\/media\/4337"}],"wp:attachment":[{"href":"https:\/\/www.camping-var-tomasses.fr\/de\/wp-json\/wp\/v2\/media?parent=2976"}],"curies":[{"name":"wp","href":"https:\/\/api.w.org\/{rel}","templated":true}]}}