{"id":2972,"date":"2021-03-16T06:45:46","date_gmt":"2021-03-16T05:45:46","guid":{"rendered":"https:\/\/www.camping-var-tomasses.fr\/location-mobil-home-var\/"},"modified":"2022-04-20T12:07:34","modified_gmt":"2022-04-20T10:07:34","slug":"mobilheim-vermietung-sudfrankreich","status":"publish","type":"page","link":"https:\/\/www.camping-var-tomasses.fr\/de\/mobilheim-vermietung-sudfrankreich\/","title":{"rendered":"H\u00e9bergement : Nos Mobil homes"},"content":{"rendered":"<section id=\"section-60506e6b8641a\"\" class=\"section titre-interne bg-white p-b-0\" \/><div class=\"container extralarge\"><h1 class=\"element section-title center\">WOHNMOBILVERMIETUNG IN S\u00dcDFRANKREICH<\/h1><\/div><\/section>\n\n<section id=\"section-60506e6b86538\"\" class=\"section bg-white p-t-0 p-b-0\" \/><div class=\"container extralarge\"><div class=\"element bloc-text center \">\n\t<p><span style=\"font-weight: 400;\">Sie suchen eine Mobilheimvermietung in S\u00fcdfrankreich f\u00fcr einen Campingurlaub in Meeresn\u00e4he in famili\u00e4rer Atmosph\u00e4re?<\/span><\/p>\n<\/div><\/div><\/section>\n\n<section id=\"section-listing\"\" class=\"section bg-white p-t-0 p-b-0\" \/><div class=\"container extralarge\"><div class=\"filtres\"><\/div><ul class=\"liste-de-page hebergements\"><div class=\"row scroll-x-mobile\"><li class=\"element hebergement call-to-action call-to-action--style-2   anzahl-der-rume-2 anzahl-der-personen-46 bereich-24\" id=\"97779\"><div class=\"hebergement_link\" id=\"3205\"><div class=\"call-to-action_image\"><img decoding=\"async\" src=\"https:\/\/www.camping-var-tomasses.fr\/wp-content\/uploads\/2021\/03\/location-mobil-home-confort-var.jpg\" data-src=\"https:\/\/www.camping-var-tomasses.fr\/wp-content\/uploads\/2021\/03\/location-mobil-home-confort-var.jpg\" alt=\"location mobil-home confort var\" class=\"\"  loading=\"lazy\"\/><\/div><div class=\"call-to-action_contenu\"><div class=\"call-to-action_titre\">Komfort-Mobilheim OHNE Klimaanlage<\/div><\/div><div class=\"hebergement-attributs\"><span class=\"attribut anzahl-der-rume\">2 <\/span><span class=\"attribut anzahl-der-personen\">4\/6 <\/span><span class=\"attribut bereich\">24m\u00b2<\/span><\/div><\/div><\/li><li class=\"element hebergement call-to-action call-to-action--style-2   anzahl-der-rume-2 anzahl-der-personen-46 bereich-24\" id=\"97779\"><div class=\"hebergement_link\" id=\"3208\"><div class=\"call-to-action_image\"><img decoding=\"async\" src=\"https:\/\/www.camping-var-tomasses.fr\/wp-content\/uploads\/2021\/03\/mobil-home-var.jpg\" data-src=\"https:\/\/www.camping-var-tomasses.fr\/wp-content\/uploads\/2021\/03\/mobil-home-var.jpg\" alt=\"\" class=\"\"  loading=\"lazy\"\/><\/div><div class=\"call-to-action_contenu\"><div class=\"call-to-action_titre\">Premium-Reisemobil MIT Klimatisierung<\/div><\/div><div class=\"hebergement-attributs\"><span class=\"attribut anzahl-der-rume\">2 <\/span><span class=\"attribut anzahl-der-personen\">4\/6 <\/span><span class=\"attribut bereich\">24m\u00b2<\/span><\/div><\/div><\/li><li class=\"element hebergement call-to-action call-to-action--style-2   anzahl-der-rume-2 anzahl-der-personen-24 bereich-21\" id=\"138188\"><div class=\"hebergement_link\" id=\"8689\"><div class=\"call-to-action_image\"><img decoding=\"async\" src=\"https:\/\/www.camping-var-tomasses.fr\/wp-content\/uploads\/2025\/04\/amandier.webp\" data-src=\"https:\/\/www.camping-var-tomasses.fr\/wp-content\/uploads\/2025\/04\/amandier.webp\" alt=\"\" class=\"\"  loading=\"lazy\"\/><\/div><div class=\"call-to-action_contenu\"><div class=\"call-to-action_titre\">Chalet Confort l&#8217;Amandier + Terrass<\/div><\/div><div class=\"hebergement-attributs\"><span class=\"attribut anzahl-der-rume\">2 <\/span><span class=\"attribut anzahl-der-personen\">2\/4 <\/span><span class=\"attribut bereich\">21m\u00b2<\/span><\/div><\/div><\/li><\/div><div class=\"row scroll-x-mobile\"><li class=\"element hebergement call-to-action call-to-action--style-2   anzahl-der-rume-2 anzahl-der-personen-45 bereich-28\" id=\"138192\"><div class=\"hebergement_link\" id=\"8701\"><div class=\"call-to-action_image\"><img decoding=\"async\" src=\"https:\/\/www.camping-var-tomasses.fr\/wp-content\/uploads\/2025\/04\/jasmin.jpg\" data-src=\"https:\/\/www.camping-var-tomasses.fr\/wp-content\/uploads\/2025\/04\/jasmin.jpg\" alt=\"\" class=\"\"  loading=\"lazy\"\/><\/div><div class=\"call-to-action_contenu\"><div class=\"call-to-action_titre\">Chalet Confort Jasmin + Terrasse<\/div><\/div><div class=\"hebergement-attributs\"><span class=\"attribut anzahl-der-rume\">2 <\/span><span class=\"attribut anzahl-der-personen\">4\/5 <\/span><span class=\"attribut bereich\">28m\u00b2<\/span><\/div><\/div><\/li><li class=\"element hebergement call-to-action call-to-action--style-2   anzahl-der-rume-2 anzahl-der-personen-5 bereich-275\" id=\"138194\"><div class=\"hebergement_link\" id=\"8713\"><div class=\"call-to-action_image\"><img decoding=\"async\" src=\"https:\/\/www.camping-var-tomasses.fr\/wp-content\/uploads\/2025\/04\/mimosa.jpg\" data-src=\"https:\/\/www.camping-var-tomasses.fr\/wp-content\/uploads\/2025\/04\/mimosa.jpg\" alt=\"\" class=\"\"  loading=\"lazy\"\/><\/div><div class=\"call-to-action_contenu\"><div class=\"call-to-action_titre\">Chalet Confort Mimosa + Terrasse + lokales Angebo<\/div><\/div><div class=\"hebergement-attributs\"><span class=\"attribut anzahl-der-rume\">2 <\/span><span class=\"attribut anzahl-der-personen\">5 <\/span><span class=\"attribut bereich\">27.5m\u00b2<\/span><\/div><\/div><\/li><\/ul><\/div><\/section>\n\n<section id=\"section-60506e6b86724\"\" class=\"section bg-white p-t-0 p-b-0\" \/><div class=\"container full\"><div class=\"colonnes-wrap valign-middle \"><div class=\"element colonne p-x-6\"><h2 class=\"element section-title justify\">MOBILHEIM MIETEN AN DER FRANZ\u00d6SISCHEN RIVIERA IN MEERESN\u00c4HE<\/h2><div class=\"element bloc-text justify \">\n\t<p>Unser 4-Sterne-Campingplatz Flower bietet Ihnen zwei verschiedene Mobilheimunterk\u00fcnfte an der C\u00f4te d&#8217;Azur. Der Campingplatz ist ideal gelegen, nur 20 Minuten von den Sandstr\u00e4nden entfernt. Unsere Mobilheime in S\u00fcdfrankreich sind brandneu (Jahr 2018) und von hoher Qualit\u00e4t. Unsere Mobilheime in S\u00fcdfrankreich werden auf einem schattigen oder halbsonnigen Grundst\u00fcck aufgestellt, je nach Ihren W\u00fcnschen. Nutzen Sie die nat\u00fcrliche Umgebung und die gr\u00fcne Vegetation, um sich in Ihrem Urlaub zu erholen und neue Energie zu tanken.<\/p>\n<p>Lassen Sie sich f\u00fcr Ihre n\u00e4chste Mobilheimvermietung in S\u00fcdfrankreich vom Komfort eines Zuhauses und einer f\u00fcr die ganze Familie geeigneten Unterkunft verf\u00fchren. Entdecken Sie unsere Mobilheime zur Miete in Meeresn\u00e4he. Und entscheiden Sie sich f\u00fcr eine Vermietung f\u00fcr den Familienurlaub in der Region Provence Alpes C\u00f4te d Azur. Buchungsgeb\u00fchren und Kurtaxe sind frei.<\/p>\n<p>Aufgrund der aktuellen Situation im Zusammenhang mit der Covid-19-Pandemie werden unsere Aufenthalte im Falle einer Einschr\u00e4nkung oder eines Reiseverbots zu 100% erstattet.<\/p>\n<\/div><\/div><div class=\"element colonne p-0\"><div class=\"element images scroll-x-mobile\"><div class=\"image\"><img decoding=\"async\" src=\"https:\/\/www.camping-var-tomasses.fr\/wp-content\/uploads\/2021\/03\/nouveau-mobil-home-100x68.jpg\" data-src=\"https:\/\/www.camping-var-tomasses.fr\/wp-content\/uploads\/2021\/03\/nouveau-mobil-home.jpg\" alt=\"nouveau mobil-home\" class=\"images_image\"  loading=\"lazy\"\/><\/div><\/div><\/div><\/div><div class=\"colonnes-wrap valign-middle \"><div class=\"element colonne p-0\"><div class=\"element images scroll-x-mobile\"><div class=\"image\"><img decoding=\"async\" src=\"https:\/\/www.camping-var-tomasses.fr\/wp-content\/uploads\/2021\/03\/mobil-home-hyeres-var-100x81.jpg\" data-src=\"https:\/\/www.camping-var-tomasses.fr\/wp-content\/uploads\/2021\/03\/mobil-home-hyeres-var.jpg\" alt=\"mobil-home hyeres var\" class=\"images_image\"  loading=\"lazy\"\/><\/div><\/div><\/div><div class=\"element colonne p-x-6\"><h2 class=\"element section-title justify m-t-4\">MOBILHEIMVERMIETUNG IN S\u00dcDFRANKREICH<\/h2><div class=\"element bloc-text justify \">\n\t<p>Ob es sich um einen Urlaub f\u00fcr Verliebte, Familie oder Freunde handelt. Ob Sie f\u00fcr einen Solo-Aufenthalt, als Paar oder mit mehreren Personen kommen. Ob Sie Ihr Mobilheim f\u00fcr ein Wochenende, eine Woche oder vierzehn Tage buchen. Unser Campingplatz in der Region Var, 23 km von Hy\u00e8res entfernt, verf\u00fcgt \u00fcber Mobilheime, die an Ihre Interessen und Ihr Budget angepasst sind, um einen unvergesslichen Urlaub unter der Sonne der franz\u00f6sischen Riviera zu verbringen.<\/p>\n<p>W\u00e4hlen Sie Ihre Mobilheimvermietung in der N\u00e4he von Hy\u00e8res nach Ihren Erwartungen und W\u00fcnschen aus unseren zwei Reihen von Mobilheimen zur Miete im Var. Ihr Komfort ist unsere Priorit\u00e4t.<\/p>\n<p>Entdecken Sie unsere Unterk\u00fcnfte im Mobilheim Komfort (OHNE Klimaanlage) und Mobilheim Premium (MIT Klimaanlage), die f\u00fcr 1 bis maximal 6 Personen geeignet sind. (Baby inklusive). Sie m\u00f6chten ein Mobilheim mit Ihrem Haustier mieten. Wir sind ein hundefreundlicher Campingplatz in S\u00fcdfrankreich (-10kg und nur ein Haustier pro Vermietung).<br \/>\nUnsere Mobilheime an der C\u00f4te d&#8217;Azur sind alle mit Fernsehen und Wifi ausgestattet. Einige unserer Mieteinheiten haben eine Klimaanlage. Alle unsere Unterk\u00fcnfte verf\u00fcgen \u00fcber ein Hauptschlafzimmer mit einem Doppelbett und ein Kinderschlafzimmer mit zwei Einzelbetten. Alle Bettwaren sind neu und bequem. Die Schlafzimmer sind mit Bettdecken, Kopfkissen und Plaids ausgestattet. Der Wohnbereich hat eine Lounge mit einem Doppelschlafsofa und eine voll ausgestattete K\u00fcche. Die K\u00fcche hat einen K\u00fchlschrank mit Gefrierfach, einen 4-flammigen Gasherd mit Dunstabzugshaube, eine Mikrowelle, eine Kaffeemaschine, Geschirr, Besen, einen Tisch und St\u00fchle. Ein Badezimmer mit einer Dusche und einem Waschbecken. Und eine separate Toilette. Im Au\u00dfenbereich steht Ihnen eine gro\u00dfe Holzterrasse mit Gartenm\u00f6beln zur Verf\u00fcgung und ein Parkplatz f\u00fcr Ihr Fahrzeug vor der Unterkunft.<\/p>\n<\/div><\/div><\/div><\/div><\/section>\n\n<section id=\"section-60506e6b86896\"\" class=\"section bg-white p-t-0 p-b-0\" \/><div class=\"container full\"><div class=\"element images scroll-x-mobile\"><div class=\"image\"><img decoding=\"async\" src=\"https:\/\/www.camping-var-tomasses.fr\/wp-content\/uploads\/2021\/03\/enfant-jeu-1-100x74.jpg\" data-src=\"https:\/\/www.camping-var-tomasses.fr\/wp-content\/uploads\/2021\/03\/enfant-jeu-1.jpg\" alt=\" enfant jeu\" class=\"images_image\"  loading=\"lazy\"\/><\/div><div class=\"image\"><img decoding=\"async\" src=\"https:\/\/www.camping-var-tomasses.fr\/wp-content\/uploads\/2021\/03\/chambre-location-100x73.jpg\" data-src=\"https:\/\/www.camping-var-tomasses.fr\/wp-content\/uploads\/2021\/03\/chambre-location.jpg\" alt=\"chambre location\" class=\"images_image\"  loading=\"lazy\"\/><\/div><div class=\"image\"><img decoding=\"async\" src=\"https:\/\/www.camping-var-tomasses.fr\/wp-content\/uploads\/2021\/03\/cuisine-bungalow-100x74.jpg\" data-src=\"https:\/\/www.camping-var-tomasses.fr\/wp-content\/uploads\/2021\/03\/cuisine-bungalow.jpg\" alt=\"cuisine bungalow\" class=\"images_image\"  loading=\"lazy\"\/><\/div><div class=\"image\"><img decoding=\"async\" src=\"https:\/\/www.camping-var-tomasses.fr\/wp-content\/uploads\/2021\/03\/dejeuner-famille-100x74.jpg\" data-src=\"https:\/\/www.camping-var-tomasses.fr\/wp-content\/uploads\/2021\/03\/dejeuner-famille.jpg\" alt=\" dejeuner famille\" class=\"images_image\"  loading=\"lazy\"\/><\/div><\/div><\/div><\/section>\n\n<section id=\"section-605067bcbc72a\"\" class=\"section bg-white p-t-0 p-b-0\" \/><div class=\"container full\"><div class=\"colonnes-wrap valign-middle \"><div class=\"element colonne p-0\"><div class=\"element images scroll-x-mobile\"><div class=\"image\"><img decoding=\"async\" src=\"https:\/\/www.camping-var-tomasses.fr\/wp-content\/uploads\/2021\/03\/mobil-home-var-hyeres-100x58.jpg\" data-src=\"https:\/\/www.camping-var-tomasses.fr\/wp-content\/uploads\/2021\/03\/mobil-home-var-hyeres.jpg\" alt=\"mobil-home var hyeres\" class=\"images_image\"  loading=\"lazy\"\/><\/div><\/div><\/div><div class=\"element colonne p-x-6\"><div class=\"element bloc-text justify \">\n\t<p>Gegen einen Aufpreis bieten wir Ihnen eine Babyausstattung (Kinderbett, Hochstuhl und Badewanne), einen Verleih von Baumwollbettw\u00e4sche und Handt\u00fcchern oder einen Verleih von Einwegbettw\u00e4sche und das Endreinigungspaket.<\/p>\n<p>An- und Abreisetage Ihrer Mobilheimvermietung:<\/p>\n<ul>\n<li>Hochsaison: Mittwoch &#8211; Samstag &#8211; Sonntag (Juli und August)<\/li>\n<li>Ankunftszeit in der Hochsaison: 16 Uhr und Abreisezeit vor 10 Uhr<\/li>\n<li>Nebensaison: jeden Tag (April, Mai, Juni und September)<\/li>\n<li>Ankunftszeit in der Nebensaison: 14 Uhr und Abfahrtszeit vor 12 Uhr<\/li>\n<\/ul>\n<p>Mieten Sie Ihr Mobilheim in der Region Var mit Ihrer Familie und teilen Sie unvergessliche Erinnerungen mit Ihren Liebsten.<\/p>\n<\/div><\/div><\/div><\/div><\/section>\n\n<section id=\"section-la\"\" class=\"section bg-white p-t-0 p-b-0\" \/><div class=\"container full\"><div class=\"colonnes-wrap valign-middle \"><div class=\"element colonne p-x-6\"><div class=\"element bloc-text justify \">\n\t<h2>URLAUB IN EINEM MOBILHEIM IN DER N\u00c4HE VON HYERES IN DER REGION VAR<\/h2>\n<p>Buchen Sie Ihren Urlaub in einem Mobilheim in der Region Var in Frankreich mit Ihrer Familie und teilen Sie die Gem\u00fctlichkeit unserer Einrichtung.<\/p>\n<p>Unser Familiencampingplatz Flower ist ideal f\u00fcr Ihren Mobilheimurlaub in S\u00fcdfrankreich. Die Kinder spielen auf dem Spielplatz, der mit Schaukeln und einem Riesentrampolin ausgestattet ist. Teenager k\u00f6nnen sich auf dem Multisportplatz und an der Tischtennisplatte sportlich bet\u00e4tigen. Erwachsene k\u00f6nnen den beheizten Swimmingpool und die Bar genie\u00dfen.<\/p>\n<p>Genie\u00dfen Sie die nat\u00fcrliche Umgebung unseres Campingplatzes mit Mobilheim in S\u00fcdfrankreich, um Ihre Batterien wieder aufzuladen. Eine l\u00e4ndliche Umgebung, 23 km von den sch\u00f6nsten Str\u00e4nden der Var-K\u00fcste entfernt.<\/p>\n<\/div><\/div><div class=\"element colonne p-0\"><div class=\"element images scroll-x-mobile\"><div class=\"image\"><img decoding=\"async\" src=\"https:\/\/www.camping-var-tomasses.fr\/wp-content\/uploads\/2021\/03\/linges-toilette-100x58.jpg\" data-src=\"https:\/\/www.camping-var-tomasses.fr\/wp-content\/uploads\/2021\/03\/linges-toilette.jpg\" alt=\"linges toilette\" class=\"images_image\"  loading=\"lazy\"\/><\/div><\/div><\/div><\/div><\/div><\/section>\n\n<section id=\"section-groupe6\"\" class=\"section bg-white p-t-0 p-b-0\" \/><div class=\"container full\"><div class=\"colonnes-wrap valign-middle \"><div class=\"element colonne p-0\"><div class=\"element images scroll-x-mobile\"><div class=\"image\"><img decoding=\"async\" src=\"https:\/\/www.camping-var-tomasses.fr\/wp-content\/uploads\/2021\/03\/sejour-mobil-home-100x58.jpg\" data-src=\"https:\/\/www.camping-var-tomasses.fr\/wp-content\/uploads\/2021\/03\/sejour-mobil-home.jpg\" alt=\"sejour mobil home\" class=\"images_image\"  loading=\"lazy\"\/><\/div><\/div><\/div><div class=\"element colonne p-x-6\"><div class=\"element bloc-text justify \">\n\t<p>Unsere Region Provence alpes C\u00f4te d&#8217;Azur hat viele touristische Sehensw\u00fcrdigkeiten zu bieten. Nutzen Sie Ihre Ferienwohnung im Var, um die Umgebung des Campingplatzes zu erkunden. Provenzalische St\u00e4dte und D\u00f6rfer wie Hy\u00e8res und seine Halbinsel Giens, die Insel Porquerolles, Port Cros, der Golf von Saint Tropez und Saint Aygulf, der alte Hafen von Saint Rapha\u00ebl. F\u00fcr Naturliebhaber bieten sich Wanderungen auf den Pfaden des Massif de la Sainte Baume oder des Massif des Maures an. Eine Unzahl von Wanderungen, die Sie mit der Familie w\u00e4hrend eines Campingurlaubs in S\u00fcdfrankreich unternehmen k\u00f6nnen.<\/p>\n<p>Machen Sie Ihren Urlaub in der Vor- und Nachsaison und profitieren Sie von unseren Aktionen und Rabatten f\u00fcr Ihren Urlaub in S\u00fcdfrankreich. Mieten Sie ein g\u00fcnstiges Mobilheim an der C\u00f4te d&#8217;Azur f\u00fcr einen preiswerten Urlaub.<\/p>\n<p>Ziehen Sie es vor, einen Stellplatz zu mieten, um Ihr Zelt aufzustellen oder Ihren Wohnwagen zu installieren, um der Natur n\u00e4her zu sein. Wir haben gro\u00dfe schattige Stellpl\u00e4tze am Flussufer oder in der N\u00e4he f\u00fcr Ihren n\u00e4chsten Familienurlaub in S\u00fcdfrankreich.<\/p>\n<p>Buchen Sie Ihren Wohnmobilstellplatz in S\u00fcdfrankreich auf unserem Flower camping les Tomasses f\u00fcr einen Familienurlaub an der C\u00f4te d&#8217;Azur.<\/p>\n<\/div><\/div><\/div><\/div><\/section>\n\n<section id=\"section-60506e6b86fe6\"\" class=\"section bg-white\" \/><div class=\"container extralarge\"><div class=\"element section-title center titre-cta\">Entdecken Sie unsere Standorte und Preise<\/div><ul class=\"liste-de-page scroll-x-mobile\"><li class=\"element call-to-action center titre-cta call-to-action--style-1 call-to-action--small\"><a href=\"https:\/\/www.camping-var-tomasses.fr\/de\/stellplatz-sudfrankreich\/\"  class=\"call-to-action_link\" title=\"Lesen Sie mehr \u00fcber unsere standorte\"><div class=\"call-to-action_image\"><img decoding=\"async\" src=\"https:\/\/www.camping-var-tomasses.fr\/wp-content\/uploads\/2021\/03\/famille-camping-100x56.jpg\" data-src=\"https:\/\/www.camping-var-tomasses.fr\/wp-content\/uploads\/2021\/03\/famille-camping.jpg\" alt=\"famille camping\" class=\"small\"  loading=\"lazy\"\/><\/div><div class=\"call-to-action_contenu\"><div class=\"call-to-action_titre\">Unsere Standorte<\/div><\/div><\/a><\/li><li class=\"element call-to-action center titre-cta call-to-action--style-1 call-to-action--small call-to-action--style-1 call-to-action--small\"><a href=\"https:\/\/www.camping-var-tomasses.fr\/de\/billig-camping-sudfrankreich\/\"  class=\"call-to-action_link\" title=\"Lesen Sie mehr \u00fcber unsere preise\"><div class=\"call-to-action_image\"><img decoding=\"async\" src=\"https:\/\/www.camping-var-tomasses.fr\/wp-content\/uploads\/2021\/03\/vacances-famille-100x56.jpg\" data-src=\"https:\/\/www.camping-var-tomasses.fr\/wp-content\/uploads\/2021\/03\/vacances-famille.jpg\" alt=\"vacances famille\" class=\"small\"  loading=\"lazy\"\/><\/div><div class=\"call-to-action_contenu\"><div class=\"call-to-action_titre\">Unsere Preise<\/div><\/div><\/a><\/li><li class=\"element call-to-action center titre-cta call-to-action--style-1 call-to-action--small call-to-action--style-1 call-to-action--small call-to-action--style-1 call-to-action--small\"><a href=\"https:\/\/www.camping-var-tomasses.fr\/de\/acsi-anwb-sudfrankreich\/\"  class=\"call-to-action_link\" title=\"Lesen Sie mehr \u00fcber acsi\"><div class=\"call-to-action_image\"><img decoding=\"async\" src=\"https:\/\/www.camping-var-tomasses.fr\/wp-content\/uploads\/2021\/03\/camping-emplacement-100x24.jpg\" data-src=\"https:\/\/www.camping-var-tomasses.fr\/wp-content\/uploads\/2021\/03\/camping-emplacement.jpg\" alt=\"camping emplacement\" class=\"small\"  loading=\"lazy\"\/><\/div><div class=\"call-to-action_contenu\"><div class=\"call-to-action_titre\">ACSI<\/div><\/div><\/a><\/li><\/ul><\/div><\/section>","protected":false},"excerpt":{"rendered":"","protected":false},"author":1,"featured_media":4899,"parent":0,"menu_order":0,"comment_status":"closed","ping_status":"closed","template":"","meta":{"_acf_changed":false,"footnotes":""},"class_list":["post-2972","page","type-page","status-publish","has-post-thumbnail","hentry"],"acf":[],"yoast_head":"<!-- This site is optimized with the Yoast SEO plugin v21.8.1 - https:\/\/yoast.com\/wordpress\/plugins\/seo\/ -->\n<title>Mobilheimvermietung Var | Mobilheim zu vermieten in Hy\u00e8res (83)<\/title>\n<meta name=\"description\" content=\"4*-Campingplatz mit klimatisierten Mobilheimen in S\u00fcdfrankreich in Meeresn\u00e4he. Voll ausgestattete Unterk\u00fcnfte mit TV, Wifi und einer gro\u00dfen Holzterrasse im Freien in der N\u00e4he von Hy\u00e8res.\" \/>\n<meta name=\"robots\" content=\"index, follow, max-snippet:-1, max-image-preview:large, max-video-preview:-1\" \/>\n<link rel=\"canonical\" href=\"https:\/\/www.camping-var-tomasses.fr\/de\/mobilheim-vermietung-sudfrankreich\/\" \/>\n<meta property=\"og:locale\" content=\"de_DE\" \/>\n<meta property=\"og:type\" content=\"article\" \/>\n<meta property=\"og:title\" content=\"Mobilheimvermietung Var | Mobilheim zu vermieten in Hy\u00e8res (83)\" \/>\n<meta property=\"og:description\" content=\"4*-Campingplatz mit klimatisierten Mobilheimen in S\u00fcdfrankreich in Meeresn\u00e4he. Voll ausgestattete Unterk\u00fcnfte mit TV, Wifi und einer gro\u00dfen Holzterrasse im Freien in der N\u00e4he von Hy\u00e8res.\" \/>\n<meta property=\"og:url\" content=\"https:\/\/www.camping-var-tomasses.fr\/de\/mobilheim-vermietung-sudfrankreich\/\" \/>\n<meta property=\"og:site_name\" content=\"Camping les Tomasses\" \/>\n<meta property=\"article:modified_time\" content=\"2022-04-20T10:07:34+00:00\" \/>\n<meta property=\"og:image\" content=\"https:\/\/www.camping-var-tomasses.fr\/wp-content\/uploads\/2021\/05\/location-mobil-home-campagne-var.jpg\" \/>\n\t<meta property=\"og:image:width\" content=\"1903\" \/>\n\t<meta property=\"og:image:height\" content=\"450\" \/>\n\t<meta property=\"og:image:type\" content=\"image\/jpeg\" \/>\n<meta name=\"twitter:card\" content=\"summary_large_image\" \/>\n<script type=\"application\/ld+json\" class=\"yoast-schema-graph\">{\"@context\":\"https:\/\/schema.org\",\"@graph\":[{\"@type\":\"WebPage\",\"@id\":\"https:\/\/www.camping-var-tomasses.fr\/de\/mobilheim-vermietung-sudfrankreich\/\",\"url\":\"https:\/\/www.camping-var-tomasses.fr\/de\/mobilheim-vermietung-sudfrankreich\/\",\"name\":\"Mobilheimvermietung Var | Mobilheim zu vermieten in Hy\u00e8res (83)\",\"isPartOf\":{\"@id\":\"https:\/\/www.camping-var-tomasses.fr\/de\/#website\"},\"datePublished\":\"2021-03-16T05:45:46+00:00\",\"dateModified\":\"2022-04-20T10:07:34+00:00\",\"description\":\"4*-Campingplatz mit klimatisierten Mobilheimen in S\u00fcdfrankreich in Meeresn\u00e4he. Voll ausgestattete Unterk\u00fcnfte mit TV, Wifi und einer gro\u00dfen Holzterrasse im Freien in der N\u00e4he von Hy\u00e8res.\",\"breadcrumb\":{\"@id\":\"https:\/\/www.camping-var-tomasses.fr\/de\/mobilheim-vermietung-sudfrankreich\/#breadcrumb\"},\"inLanguage\":\"de\",\"potentialAction\":[{\"@type\":\"ReadAction\",\"target\":[\"https:\/\/www.camping-var-tomasses.fr\/de\/mobilheim-vermietung-sudfrankreich\/\"]}]},{\"@type\":\"BreadcrumbList\",\"@id\":\"https:\/\/www.camping-var-tomasses.fr\/de\/mobilheim-vermietung-sudfrankreich\/#breadcrumb\",\"itemListElement\":[{\"@type\":\"ListItem\",\"position\":1,\"name\":\"Campingplatz Var\",\"item\":\"https:\/\/www.camping-var-tomasses.fr\/de\/\"},{\"@type\":\"ListItem\",\"position\":2,\"name\":\"Standort mobil-home Var\"}]},{\"@type\":\"WebSite\",\"@id\":\"https:\/\/www.camping-var-tomasses.fr\/de\/#website\",\"url\":\"https:\/\/www.camping-var-tomasses.fr\/de\/\",\"name\":\"Camping les Tomasses\",\"description\":\"\",\"potentialAction\":[{\"@type\":\"SearchAction\",\"target\":{\"@type\":\"EntryPoint\",\"urlTemplate\":\"https:\/\/www.camping-var-tomasses.fr\/de\/?s={search_term_string}\"},\"query-input\":\"required name=search_term_string\"}],\"inLanguage\":\"de\"}]}<\/script>\n<!-- \/ Yoast SEO plugin. -->","yoast_head_json":{"title":"Mobilheimvermietung Var | Mobilheim zu vermieten in Hy\u00e8res (83)","description":"4*-Campingplatz mit klimatisierten Mobilheimen in S\u00fcdfrankreich in Meeresn\u00e4he. Voll ausgestattete Unterk\u00fcnfte mit TV, Wifi und einer gro\u00dfen Holzterrasse im Freien in der N\u00e4he von Hy\u00e8res.","robots":{"index":"index","follow":"follow","max-snippet":"max-snippet:-1","max-image-preview":"max-image-preview:large","max-video-preview":"max-video-preview:-1"},"canonical":"https:\/\/www.camping-var-tomasses.fr\/de\/mobilheim-vermietung-sudfrankreich\/","og_locale":"de_DE","og_type":"article","og_title":"Mobilheimvermietung Var | Mobilheim zu vermieten in Hy\u00e8res (83)","og_description":"4*-Campingplatz mit klimatisierten Mobilheimen in S\u00fcdfrankreich in Meeresn\u00e4he. Voll ausgestattete Unterk\u00fcnfte mit TV, Wifi und einer gro\u00dfen Holzterrasse im Freien in der N\u00e4he von Hy\u00e8res.","og_url":"https:\/\/www.camping-var-tomasses.fr\/de\/mobilheim-vermietung-sudfrankreich\/","og_site_name":"Camping les Tomasses","article_modified_time":"2022-04-20T10:07:34+00:00","og_image":[{"width":1903,"height":450,"url":"https:\/\/www.camping-var-tomasses.fr\/wp-content\/uploads\/2021\/05\/location-mobil-home-campagne-var.jpg","type":"image\/jpeg"}],"twitter_card":"summary_large_image","schema":{"@context":"https:\/\/schema.org","@graph":[{"@type":"WebPage","@id":"https:\/\/www.camping-var-tomasses.fr\/de\/mobilheim-vermietung-sudfrankreich\/","url":"https:\/\/www.camping-var-tomasses.fr\/de\/mobilheim-vermietung-sudfrankreich\/","name":"Mobilheimvermietung Var | Mobilheim zu vermieten in Hy\u00e8res (83)","isPartOf":{"@id":"https:\/\/www.camping-var-tomasses.fr\/de\/#website"},"datePublished":"2021-03-16T05:45:46+00:00","dateModified":"2022-04-20T10:07:34+00:00","description":"4*-Campingplatz mit klimatisierten Mobilheimen in S\u00fcdfrankreich in Meeresn\u00e4he. Voll ausgestattete Unterk\u00fcnfte mit TV, Wifi und einer gro\u00dfen Holzterrasse im Freien in der N\u00e4he von Hy\u00e8res.","breadcrumb":{"@id":"https:\/\/www.camping-var-tomasses.fr\/de\/mobilheim-vermietung-sudfrankreich\/#breadcrumb"},"inLanguage":"de","potentialAction":[{"@type":"ReadAction","target":["https:\/\/www.camping-var-tomasses.fr\/de\/mobilheim-vermietung-sudfrankreich\/"]}]},{"@type":"BreadcrumbList","@id":"https:\/\/www.camping-var-tomasses.fr\/de\/mobilheim-vermietung-sudfrankreich\/#breadcrumb","itemListElement":[{"@type":"ListItem","position":1,"name":"Campingplatz Var","item":"https:\/\/www.camping-var-tomasses.fr\/de\/"},{"@type":"ListItem","position":2,"name":"Standort mobil-home Var"}]},{"@type":"WebSite","@id":"https:\/\/www.camping-var-tomasses.fr\/de\/#website","url":"https:\/\/www.camping-var-tomasses.fr\/de\/","name":"Camping les Tomasses","description":"","potentialAction":[{"@type":"SearchAction","target":{"@type":"EntryPoint","urlTemplate":"https:\/\/www.camping-var-tomasses.fr\/de\/?s={search_term_string}"},"query-input":"required name=search_term_string"}],"inLanguage":"de"}]}},"_links":{"self":[{"href":"https:\/\/www.camping-var-tomasses.fr\/de\/wp-json\/wp\/v2\/pages\/2972","targetHints":{"allow":["GET"]}}],"collection":[{"href":"https:\/\/www.camping-var-tomasses.fr\/de\/wp-json\/wp\/v2\/pages"}],"about":[{"href":"https:\/\/www.camping-var-tomasses.fr\/de\/wp-json\/wp\/v2\/types\/page"}],"author":[{"embeddable":true,"href":"https:\/\/www.camping-var-tomasses.fr\/de\/wp-json\/wp\/v2\/users\/1"}],"replies":[{"embeddable":true,"href":"https:\/\/www.camping-var-tomasses.fr\/de\/wp-json\/wp\/v2\/comments?post=2972"}],"version-history":[{"count":9,"href":"https:\/\/www.camping-var-tomasses.fr\/de\/wp-json\/wp\/v2\/pages\/2972\/revisions"}],"predecessor-version":[{"id":6682,"href":"https:\/\/www.camping-var-tomasses.fr\/de\/wp-json\/wp\/v2\/pages\/2972\/revisions\/6682"}],"wp:featuredmedia":[{"embeddable":true,"href":"https:\/\/www.camping-var-tomasses.fr\/de\/wp-json\/wp\/v2\/media\/4899"}],"wp:attachment":[{"href":"https:\/\/www.camping-var-tomasses.fr\/de\/wp-json\/wp\/v2\/media?parent=2972"}],"curies":[{"name":"wp","href":"https:\/\/api.w.org\/{rel}","templated":true}]}}