{"id":2966,"date":"2021-03-16T06:45:26","date_gmt":"2021-03-16T05:45:26","guid":{"rendered":"https:\/\/www.camping-var-tomasses.fr\/camping-piscine-var\/"},"modified":"2022-05-25T15:11:13","modified_gmt":"2022-05-25T13:11:13","slug":"campingplatz-schwimmbad-sudfrankreich","status":"publish","type":"page","link":"https:\/\/www.camping-var-tomasses.fr\/de\/campingplatz-schwimmbad-sudfrankreich\/","title":{"rendered":"Camping : La Piscine"},"content":{"rendered":"<section id=\"section-60506e6b8641a\"\" class=\"section titre-interne bg-white p-b-0\" \/><div class=\"container extralarge\"><h1 class=\"element section-title center\">CAMPING MIT SCHWIMMBAD IM S\u00dcDEN FRANKREICHS<\/h1><\/div><\/section>\n\n<section id=\"section-60506e6b86538\"\" class=\"section bg-white p-t-0\" \/><div class=\"container extralarge\"><div class=\"element bloc-text center \">\n\t<p>Sind Sie auf der Suche nach einem 4-Sterne-Campingplatz mit Swimmingpool in S\u00fcdfrankreich f\u00fcr Ihren Familienurlaub?<\/p>\n<\/div><\/div><\/section>\n\n<section id=\"section-60506e6b86724\"\" class=\"section bg-white p-t-0 p-b-0\" \/><div class=\"container full\"><div class=\"colonnes-wrap valign-middle \"><div class=\"element colonne p-x-6\"><h2 class=\"element section-title justify\">CAMPINGPLATZ MIT SCHWIMMBAD IM S\u00dcDEN AM MEER<\/h2><div class=\"element bloc-text justify \">\n\t<p>Unser Flower-Campingplatz mit Swimmingpool, ideal gelegen in Meeresn\u00e4he an der C\u00f4te d&#8217;Azur, 23 km von Hy\u00e8res entfernt, l\u00e4dt Sie ein, die Freuden des Schwimmens im 27\u00b0C warmen Wasser zu genie\u00dfen und Ihren Urlaub an der C\u00f4te d&#8217;Azur zu versch\u00f6nern. Egal zu welcher Jahreszeit, genie\u00dfen Sie unsere Mobilheimvermietung mit beheiztem Schwimmbad in S\u00fcdfrankreich zum Schwimmen von April bis September.<\/p>\n<p>Unser Campingplatz mit beheiztem Schwimmbad im S\u00fcdosten Frankreichs ist ein Vergn\u00fcgen f\u00fcr Jugendliche und Erwachsene, die im warmen Wasser bis zum Einbruch der Dunkelheit schwimmen k\u00f6nnen, um ein besseres Badeerlebnis in jeder Jahreszeit zu haben.<\/p>\n<p>Unser beheiztes Planschbecken und das Wasser sind ideal f\u00fcr kleine Kinder. Es ist seicht, so dass sich die Kinder sicher f\u00fchlen. Um sie in diesen Momenten der Wasserspiele zu begleiten, k\u00f6nnen Sie ihre Bojen oder ihre Lieblingswasserspiele mitbringen. Unser Campingplatz verf\u00fcgt \u00fcber ein Schwimmbad, das Kinder lieben. Im Wasser zu spielen ist eine ihrer Lieblingsbesch\u00e4ftigungen. Sie verbringen Stunden im Pool und schlie\u00dfen neue Freundschaften.<\/p>\n<p>Unser Campingplatz in S\u00fcdfrankreich wartet auf Sie f\u00fcr einen Familienwasserurlaub in Provence Alpes C\u00f4te d&#8217;Azur.<\/p>\n<\/div><\/div><div class=\"element colonne p-0\"><div class=\"element images scroll-x-mobile\"><div class=\"image\"><img decoding=\"async\" src=\"https:\/\/www.camping-var-tomasses.fr\/wp-content\/uploads\/2021\/03\/piscine-enfants-100x58.jpg\" data-src=\"https:\/\/www.camping-var-tomasses.fr\/wp-content\/uploads\/2021\/03\/piscine-enfants.jpg\" alt=\"piscine enfants\" class=\"images_image\"  loading=\"lazy\"\/><\/div><\/div><\/div><\/div><\/div><\/section>\n\n<section id=\"section-60506e6b86896\"\" class=\"section bg-white p-t-0 p-b-0\" \/><div class=\"container full\"><div class=\"element images scroll-x-mobile\"><div class=\"image\"><img decoding=\"async\" src=\"https:\/\/www.camping-var-tomasses.fr\/wp-content\/uploads\/2021\/03\/bouee-enfant-100x74.jpg\" data-src=\"https:\/\/www.camping-var-tomasses.fr\/wp-content\/uploads\/2021\/03\/bouee-enfant.jpg\" alt=\"bouee enfant\" class=\"images_image\"  loading=\"lazy\"\/><\/div><div class=\"image\"><img decoding=\"async\" src=\"https:\/\/www.camping-var-tomasses.fr\/wp-content\/uploads\/2021\/03\/piscines-decouvertes-100x74.jpg\" data-src=\"https:\/\/www.camping-var-tomasses.fr\/wp-content\/uploads\/2021\/03\/piscines-decouvertes.jpg\" alt=\"piscines decouvertes\" class=\"images_image\"  loading=\"lazy\"\/><\/div><div class=\"image\"><img decoding=\"async\" src=\"https:\/\/www.camping-var-tomasses.fr\/wp-content\/uploads\/2021\/03\/bouee-enfant-nage-100x74.jpg\" data-src=\"https:\/\/www.camping-var-tomasses.fr\/wp-content\/uploads\/2021\/03\/bouee-enfant-nage.jpg\" alt=\"bouee enfant nage\" class=\"images_image\"  loading=\"lazy\"\/><\/div><div class=\"image\"><img decoding=\"async\" src=\"https:\/\/www.camping-var-tomasses.fr\/wp-content\/uploads\/2021\/03\/nage-garcon-100x74.jpg\" data-src=\"https:\/\/www.camping-var-tomasses.fr\/wp-content\/uploads\/2021\/03\/nage-garcon.jpg\" alt=\"nage garcon\" class=\"images_image\"  loading=\"lazy\"\/><\/div><\/div><\/div><\/section>\n\n<section id=\"section-605067bcbc72a\"\" class=\"section bg-white p-t-0 p-b-0\" \/><div class=\"container full\"><div class=\"colonnes-wrap valign-middle \"><div class=\"element colonne p-0\"><div class=\"element images scroll-x-mobile\"><div class=\"image\"><img decoding=\"async\" src=\"https:\/\/www.camping-var-tomasses.fr\/wp-content\/uploads\/2021\/03\/piscine-detente-100x58.jpg\" data-src=\"https:\/\/www.camping-var-tomasses.fr\/wp-content\/uploads\/2021\/03\/piscine-detente.jpg\" alt=\"piscine detente\" class=\"images_image\"  loading=\"lazy\"\/><\/div><\/div><\/div><div class=\"element colonne p-x-6\"><h2 class=\"element section-title justify\">CAMPINGPLATZ MIT WASSERPARK AN DER FRANZ\u00d6SISCHEN RIVIERA BEI HYERES<\/h2><div class=\"element bloc-text justify \">\n\t<p>Unser Flower-Campingplatz mit Wasserpark im Var bei Hy\u00e8res verf\u00fcgt \u00fcber einen beheizten Au\u00dfenpool und ein Planschbecken mit freiem Zugang. F\u00fcr Ihren Komfort ist die Sonnenterrasse rund um das Schwimmbad und das Planschbecken mit Kunstrasen ausgelegt, um eine originelle und freundliche Gestaltung zu erm\u00f6glichen. Legen Sie Ihr Handtuch auf dem Pooldeck ab und plaudern Sie mit Ihren Nachbarn \u00fcber Ihre touristischen Ausfl\u00fcge in der Umgebung des Campingplatzes. Diese Gr\u00fcnfl\u00e4che ist ein Ort, an dem sich die Urlauber mit ihren Freunden im Planschbecken treffen k\u00f6nnen. Wo Teenager im gro\u00dfen Pool spielen und Spa\u00df haben. Und wo Eltern sich mit ihren Nachbarn unterhalten und austauschen k\u00f6nnen.<\/p>\n<p>Unser Blumencamping mit beheiztem Wasserpark im Var ist f\u00fcr Familien geeignet. Die Kinder spielen im Planschbecken, w\u00e4hrend die Eltern sich auf einer unserer Liegen unter der Sonne der C\u00f4te d Azur entspannen und einen Moment der puren Entspannung genie\u00dfen.<\/p>\n<\/div><\/div><\/div><\/div><\/section>\n\n<section id=\"section-la\"\" class=\"section bg-white p-t-0 p-b-0\" \/><div class=\"container full\"><div class=\"colonnes-wrap valign-middle \"><div class=\"element colonne p-x-6\"><h2 class=\"element section-title justify\">CAMPINGPLATZ MIT WASSERPARK IN S\u00dcDFRANKREICH<\/h2><div class=\"element bloc-text justify \">\n\t<p>Unser Flower-Campingplatz mit beheiztem Wasserpark in S\u00fcdfrankreich ist der richtige Ort f\u00fcr alle unsere Urlauber. Im Juli und August bietet Ihnen unser Aktivit\u00e4tsleiter Wasserballturniere an. Spa\u00df und Wasserspiele werden in den Pools w\u00e4hrend unserer w\u00f6chentlichen n\u00e4chtlichen Poolunterhaltung bis 23 Uhr organisiert. Gehen Sie mit Ihrer Familie hin und haben Sie Spa\u00df beim Nachtschwimmen !<\/p>\n<p>Genie\u00dfen Sie unseren Wasserbereich in S\u00fcdfrankreich mit Ihren Kindern, um sich nach einem Ausflug an die sch\u00f6nen Str\u00e4nde von Hy\u00e8res zu erfrischen.<br \/>\nCampingurlaub mit einem beheizten Schwimmbad in S\u00fcdfrankreich f\u00fcr unvergessliche Familienerinnerungen.<\/p>\n<p>Die Regeln unseres aquatischen Bereichs:<\/p>\n<ul>\n<li>Das Schwimmbad ist jeden Tag von 10 bis 20 Uhr ge\u00f6ffnet.<\/li>\n<li>Die Schwimmb\u00e4der sind zum Schwimmen mit einem Armband zug\u00e4nglich, das Sie bei Ihrer Ankunft auf dem Campingplatz erhalten, um einen sicheren Aufenthalt zu gew\u00e4hrleisten. Es sind nur Badeanz\u00fcge, Slips und Boxershorts erlaubt, Badeshorts sind verboten.<\/li>\n<li>Die Ma\u00dfe des gro\u00dfen Pools sind 14m x 8m x 1,65m und das Planschbecken ist 8m x 3m x 0,40m. Das Schwimmen in diesen Becken muss unter der Aufsicht eines verantwortlichen Erwachsenen erfolgen.<\/li>\n<\/ul>\n<\/div><\/div><div class=\"element colonne p-0\"><div class=\"element images scroll-x-mobile\"><div class=\"image\"><img decoding=\"async\" src=\"https:\/\/www.camping-var-tomasses.fr\/wp-content\/uploads\/2021\/03\/piscine-chauffee-hyeres-100x74.jpg\" data-src=\"https:\/\/www.camping-var-tomasses.fr\/wp-content\/uploads\/2021\/03\/piscine-chauffee-hyeres.jpg\" alt=\"piscine chauff\u00e9e hyeres\" class=\"images_image\"  loading=\"lazy\"\/><\/div><\/div><\/div><\/div><div class=\"element bloc-text center m-t-4\">\n\t<p>Nutzen Sie die Gelegenheit, die franz\u00f6sische Riviera zwischen zwei Schwimmz\u00fcgen zu entdecken. Teilen Sie die Freuden des Schwimmens im Mittelmeer in Hy\u00e8res und auf der Halbinsel Giens. Fahren Sie entlang der Mittelmeerk\u00fcste von Sanary sur Mer nach Saint Rapha\u00ebl. Machen Sie Halt am Golf von Saint Tropez und beobachten Sie die gro\u00dfen Yachten.<\/p>\n<p>Buchen Sie Ihr voll ausgestattetes Mobilheim oder Ihren Stellplatz in S\u00fcdfrankreich auf unserem Flower camping les Tomasses f\u00fcr einen traumhaften Familienurlaub.<\/p>\n<\/div><\/div><\/section>\n\n<section id=\"section-60506e6b86fe6\"\" class=\"section bg-white\" \/><div class=\"container extralarge\"><div class=\"element section-title center titre-cta\">Unsere Dienstleistungen auf dem Campingplatz<\/div><ul class=\"liste-de-page scroll-x-mobile\"><li class=\"element call-to-action center titre-cta call-to-action--style-1 call-to-action--small\"><a href=\"https:\/\/www.camping-var-tomasses.fr\/de\/camping-animations-var\/\"  class=\"call-to-action_link\" title=\"Lesen Sie mehr \u00fcber unsere animationen\"><div class=\"call-to-action_image\"><img decoding=\"async\" src=\"https:\/\/www.camping-var-tomasses.fr\/wp-content\/uploads\/2021\/03\/enfants-aire-jeux-100x56.jpg\" data-src=\"https:\/\/www.camping-var-tomasses.fr\/wp-content\/uploads\/2021\/03\/enfants-aire-jeux.jpg\" alt=\"\" class=\"small\"  loading=\"lazy\"\/><\/div><div class=\"call-to-action_contenu\"><div class=\"call-to-action_titre\">Unsere Animationen<\/div><\/div><\/a><\/li><li class=\"element call-to-action center titre-cta call-to-action--style-1 call-to-action--small call-to-action--style-1 call-to-action--small\"><a href=\"https:\/\/www.camping-var-tomasses.fr\/de\/flower-camping-sudfrankreich\/\"  class=\"call-to-action_link\" title=\"Lesen Sie mehr \u00fcber camping flower\"><div class=\"call-to-action_image\"><img decoding=\"async\" src=\"https:\/\/www.camping-var-tomasses.fr\/wp-content\/uploads\/2021\/03\/camping-tente-100x56.jpg\" data-src=\"https:\/\/www.camping-var-tomasses.fr\/wp-content\/uploads\/2021\/03\/camping-tente.jpg\" alt=\"camping tente\" class=\"small\"  loading=\"lazy\"\/><\/div><div class=\"call-to-action_contenu\"><div class=\"call-to-action_titre\">Camping Flower<\/div><\/div><\/a><\/li><li class=\"element call-to-action center titre-cta call-to-action--style-1 call-to-action--small call-to-action--style-1 call-to-action--small call-to-action--style-1 call-to-action--small\"><a href=\"https:\/\/www.camping-var-tomasses.fr\/de\/campingplatz-schwimmbad-sudfrankreich\/\"  class=\"call-to-action_link\" title=\"Lesen Sie mehr \u00fcber der pool\"><div class=\"call-to-action_image\"><img decoding=\"async\" src=\"https:\/\/www.camping-var-tomasses.fr\/wp-content\/uploads\/2024\/04\/20240413_143335-100x75.jpg\" data-src=\"https:\/\/www.camping-var-tomasses.fr\/wp-content\/uploads\/2024\/04\/20240413_143335.jpg\" alt=\"\" class=\"small\"  loading=\"lazy\"\/><\/div><div class=\"call-to-action_contenu\"><div class=\"call-to-action_titre\">Der Pool<\/div><\/div><\/a><\/li><\/ul><\/div><\/section>","protected":false},"excerpt":{"rendered":"","protected":false},"author":1,"featured_media":8196,"parent":0,"menu_order":0,"comment_status":"closed","ping_status":"closed","template":"","meta":{"_acf_changed":false,"footnotes":""},"class_list":["post-2966","page","type-page","status-publish","has-post-thumbnail","hentry"],"acf":[],"yoast_head":"<!-- This site is optimized with the Yoast SEO plugin v21.8.1 - https:\/\/yoast.com\/wordpress\/plugins\/seo\/ -->\n<title>Camping Var Schwimmbad | Campingplatz in Var mit Wasserpark<\/title>\n<meta name=\"description\" content=\"4*-Campingplatz mit Planschbecken und beheiztem Pool in S\u00fcdfrankreich in Meeresn\u00e4he. Ein Wasserbereich f\u00fcr Kleinkinder, Kinder, Teenager und Eltern auf einem Campingplatz in der N\u00e4he von Hy\u00e8res les Palmiers.\" \/>\n<meta name=\"robots\" content=\"index, follow, max-snippet:-1, max-image-preview:large, max-video-preview:-1\" \/>\n<link rel=\"canonical\" href=\"https:\/\/www.camping-var-tomasses.fr\/de\/campingplatz-schwimmbad-sudfrankreich\/\" \/>\n<meta property=\"og:locale\" content=\"de_DE\" \/>\n<meta property=\"og:type\" content=\"article\" \/>\n<meta property=\"og:title\" content=\"Camping Var Schwimmbad | Campingplatz in Var mit Wasserpark\" \/>\n<meta property=\"og:description\" content=\"4*-Campingplatz mit Planschbecken und beheiztem Pool in S\u00fcdfrankreich in Meeresn\u00e4he. Ein Wasserbereich f\u00fcr Kleinkinder, Kinder, Teenager und Eltern auf einem Campingplatz in der N\u00e4he von Hy\u00e8res les Palmiers.\" \/>\n<meta property=\"og:url\" content=\"https:\/\/www.camping-var-tomasses.fr\/de\/campingplatz-schwimmbad-sudfrankreich\/\" \/>\n<meta property=\"og:site_name\" content=\"Camping les Tomasses\" \/>\n<meta property=\"article:modified_time\" content=\"2022-05-25T13:11:13+00:00\" \/>\n<meta property=\"og:image\" content=\"https:\/\/www.camping-var-tomasses.fr\/wp-content\/uploads\/2021\/03\/piscine-var.jpg\" \/>\n\t<meta property=\"og:image:width\" content=\"1903\" \/>\n\t<meta property=\"og:image:height\" content=\"450\" \/>\n\t<meta property=\"og:image:type\" content=\"image\/jpeg\" \/>\n<meta name=\"twitter:card\" content=\"summary_large_image\" \/>\n<script type=\"application\/ld+json\" class=\"yoast-schema-graph\">{\"@context\":\"https:\/\/schema.org\",\"@graph\":[{\"@type\":\"WebPage\",\"@id\":\"https:\/\/www.camping-var-tomasses.fr\/de\/campingplatz-schwimmbad-sudfrankreich\/\",\"url\":\"https:\/\/www.camping-var-tomasses.fr\/de\/campingplatz-schwimmbad-sudfrankreich\/\",\"name\":\"Camping Var Schwimmbad | Campingplatz in Var mit Wasserpark\",\"isPartOf\":{\"@id\":\"https:\/\/www.camping-var-tomasses.fr\/de\/#website\"},\"datePublished\":\"2021-03-16T05:45:26+00:00\",\"dateModified\":\"2022-05-25T13:11:13+00:00\",\"description\":\"4*-Campingplatz mit Planschbecken und beheiztem Pool in S\u00fcdfrankreich in Meeresn\u00e4he. Ein Wasserbereich f\u00fcr Kleinkinder, Kinder, Teenager und Eltern auf einem Campingplatz in der N\u00e4he von Hy\u00e8res les Palmiers.\",\"breadcrumb\":{\"@id\":\"https:\/\/www.camping-var-tomasses.fr\/de\/campingplatz-schwimmbad-sudfrankreich\/#breadcrumb\"},\"inLanguage\":\"de\",\"potentialAction\":[{\"@type\":\"ReadAction\",\"target\":[\"https:\/\/www.camping-var-tomasses.fr\/de\/campingplatz-schwimmbad-sudfrankreich\/\"]}]},{\"@type\":\"BreadcrumbList\",\"@id\":\"https:\/\/www.camping-var-tomasses.fr\/de\/campingplatz-schwimmbad-sudfrankreich\/#breadcrumb\",\"itemListElement\":[{\"@type\":\"ListItem\",\"position\":1,\"name\":\"Campingplatz Var\",\"item\":\"https:\/\/www.camping-var-tomasses.fr\/de\/\"},{\"@type\":\"ListItem\",\"position\":2,\"name\":\"CAMPING POOL VAR\"}]},{\"@type\":\"WebSite\",\"@id\":\"https:\/\/www.camping-var-tomasses.fr\/de\/#website\",\"url\":\"https:\/\/www.camping-var-tomasses.fr\/de\/\",\"name\":\"Camping les Tomasses\",\"description\":\"\",\"potentialAction\":[{\"@type\":\"SearchAction\",\"target\":{\"@type\":\"EntryPoint\",\"urlTemplate\":\"https:\/\/www.camping-var-tomasses.fr\/de\/?s={search_term_string}\"},\"query-input\":\"required name=search_term_string\"}],\"inLanguage\":\"de\"}]}<\/script>\n<!-- \/ Yoast SEO plugin. -->","yoast_head_json":{"title":"Camping Var Schwimmbad | Campingplatz in Var mit Wasserpark","description":"4*-Campingplatz mit Planschbecken und beheiztem Pool in S\u00fcdfrankreich in Meeresn\u00e4he. Ein Wasserbereich f\u00fcr Kleinkinder, Kinder, Teenager und Eltern auf einem Campingplatz in der N\u00e4he von Hy\u00e8res les Palmiers.","robots":{"index":"index","follow":"follow","max-snippet":"max-snippet:-1","max-image-preview":"max-image-preview:large","max-video-preview":"max-video-preview:-1"},"canonical":"https:\/\/www.camping-var-tomasses.fr\/de\/campingplatz-schwimmbad-sudfrankreich\/","og_locale":"de_DE","og_type":"article","og_title":"Camping Var Schwimmbad | Campingplatz in Var mit Wasserpark","og_description":"4*-Campingplatz mit Planschbecken und beheiztem Pool in S\u00fcdfrankreich in Meeresn\u00e4he. Ein Wasserbereich f\u00fcr Kleinkinder, Kinder, Teenager und Eltern auf einem Campingplatz in der N\u00e4he von Hy\u00e8res les Palmiers.","og_url":"https:\/\/www.camping-var-tomasses.fr\/de\/campingplatz-schwimmbad-sudfrankreich\/","og_site_name":"Camping les Tomasses","article_modified_time":"2022-05-25T13:11:13+00:00","og_image":[{"width":1903,"height":450,"url":"https:\/\/www.camping-var-tomasses.fr\/wp-content\/uploads\/2021\/03\/piscine-var.jpg","type":"image\/jpeg"}],"twitter_card":"summary_large_image","schema":{"@context":"https:\/\/schema.org","@graph":[{"@type":"WebPage","@id":"https:\/\/www.camping-var-tomasses.fr\/de\/campingplatz-schwimmbad-sudfrankreich\/","url":"https:\/\/www.camping-var-tomasses.fr\/de\/campingplatz-schwimmbad-sudfrankreich\/","name":"Camping Var Schwimmbad | Campingplatz in Var mit Wasserpark","isPartOf":{"@id":"https:\/\/www.camping-var-tomasses.fr\/de\/#website"},"datePublished":"2021-03-16T05:45:26+00:00","dateModified":"2022-05-25T13:11:13+00:00","description":"4*-Campingplatz mit Planschbecken und beheiztem Pool in S\u00fcdfrankreich in Meeresn\u00e4he. Ein Wasserbereich f\u00fcr Kleinkinder, Kinder, Teenager und Eltern auf einem Campingplatz in der N\u00e4he von Hy\u00e8res les Palmiers.","breadcrumb":{"@id":"https:\/\/www.camping-var-tomasses.fr\/de\/campingplatz-schwimmbad-sudfrankreich\/#breadcrumb"},"inLanguage":"de","potentialAction":[{"@type":"ReadAction","target":["https:\/\/www.camping-var-tomasses.fr\/de\/campingplatz-schwimmbad-sudfrankreich\/"]}]},{"@type":"BreadcrumbList","@id":"https:\/\/www.camping-var-tomasses.fr\/de\/campingplatz-schwimmbad-sudfrankreich\/#breadcrumb","itemListElement":[{"@type":"ListItem","position":1,"name":"Campingplatz Var","item":"https:\/\/www.camping-var-tomasses.fr\/de\/"},{"@type":"ListItem","position":2,"name":"CAMPING POOL VAR"}]},{"@type":"WebSite","@id":"https:\/\/www.camping-var-tomasses.fr\/de\/#website","url":"https:\/\/www.camping-var-tomasses.fr\/de\/","name":"Camping les Tomasses","description":"","potentialAction":[{"@type":"SearchAction","target":{"@type":"EntryPoint","urlTemplate":"https:\/\/www.camping-var-tomasses.fr\/de\/?s={search_term_string}"},"query-input":"required name=search_term_string"}],"inLanguage":"de"}]}},"_links":{"self":[{"href":"https:\/\/www.camping-var-tomasses.fr\/de\/wp-json\/wp\/v2\/pages\/2966","targetHints":{"allow":["GET"]}}],"collection":[{"href":"https:\/\/www.camping-var-tomasses.fr\/de\/wp-json\/wp\/v2\/pages"}],"about":[{"href":"https:\/\/www.camping-var-tomasses.fr\/de\/wp-json\/wp\/v2\/types\/page"}],"author":[{"embeddable":true,"href":"https:\/\/www.camping-var-tomasses.fr\/de\/wp-json\/wp\/v2\/users\/1"}],"replies":[{"embeddable":true,"href":"https:\/\/www.camping-var-tomasses.fr\/de\/wp-json\/wp\/v2\/comments?post=2966"}],"version-history":[{"count":6,"href":"https:\/\/www.camping-var-tomasses.fr\/de\/wp-json\/wp\/v2\/pages\/2966\/revisions"}],"predecessor-version":[{"id":6700,"href":"https:\/\/www.camping-var-tomasses.fr\/de\/wp-json\/wp\/v2\/pages\/2966\/revisions\/6700"}],"wp:featuredmedia":[{"embeddable":true,"href":"https:\/\/www.camping-var-tomasses.fr\/de\/wp-json\/wp\/v2\/media\/8196"}],"wp:attachment":[{"href":"https:\/\/www.camping-var-tomasses.fr\/de\/wp-json\/wp\/v2\/media?parent=2966"}],"curies":[{"name":"wp","href":"https:\/\/api.w.org\/{rel}","templated":true}]}}