{"id":2961,"date":"2021-03-16T06:44:58","date_gmt":"2021-03-16T05:44:58","guid":{"rendered":"https:\/\/www.camping-var-tomasses.fr\/flower-camping-provence-alpes-cote-d-azur\/"},"modified":"2021-04-19T15:18:45","modified_gmt":"2021-04-19T13:18:45","slug":"flower-camping-sudfrankreich","status":"publish","type":"page","link":"https:\/\/www.camping-var-tomasses.fr\/de\/flower-camping-sudfrankreich\/","title":{"rendered":"Camping : Flower camping"},"content":{"rendered":"<section id=\"section-60506e6b8641a\"\" class=\"section titre-interne bg-white p-b-0\" \/><div class=\"container extralarge\"><h1 class=\"element section-title center\">FLOWER CAMPING IM S\u00dcDEN FRANKREICHS<\/h1><\/div><\/section>\n\n<section id=\"section-60506e6b86724\"\" class=\"section bg-white p-t-0 p-b-0\" \/><div class=\"container full\"><div class=\"colonnes-wrap valign-middle \"><div class=\"element colonne p-x-6\"><h2 class=\"element section-title justify\">FLOWER CAMPING IN S\u00dcDFRANKREICH IN DER N\u00c4HE DES MEERES<\/h2><div class=\"element bloc-text justify \">\n\t<p>Sind Sie auf der Suche nach einem Familien- und Naturcampingplatz f\u00fcr Ihren n\u00e4chsten Urlaub auf einem Campingplatz in Meeresn\u00e4he? Finden Sie Ihren n\u00e4chsten Urlaub sicher in einem Flower Camping.<\/p>\n<p>Z\u00f6gern Sie also nicht und w\u00e4hlen Sie einen Flower Camping f\u00fcr Ihren n\u00e4chsten Familienurlaub. Flower Camping ist eine franz\u00f6sische Marke f\u00fcr Outdoor-Unterk\u00fcnfte, die 120 mittelgro\u00dfe Campingpl\u00e4tze mit menschlichem Antlitz umfasst, die in ganz Frankreich verteilt sind. Dank des Reichtums unseres Landes gibt es eine gro\u00dfe Auswahl an Reisezielen.<\/p>\n<p>Jede Einrichtung ist unabh\u00e4ngig und bewahrt ihre eigene Identit\u00e4t, die die Pers\u00f6nlichkeit ihres Besitzers widerspiegelt. Seit seiner Gr\u00fcndung im Jahr 2006 f\u00f6rdert Flower Camping jedoch menschliche Werte, daher der Slogan: &#8222;Camping ist menschlich!<\/p>\n<p>Aus diesem Grund haben alle Flower-Campingpl\u00e4tze eine gemeinsame Atmosph\u00e4re und ein Ambiente, in dem das menschliche Element eine gro\u00dfe Rolle spielt.<\/p>\n<p>Der Flower-Camping-Geist ist:<\/p>\n<ul>\n<li>Ein pers\u00f6nlicher Empfang, der auf seine Urlauber eingeht,<\/li>\n<li>Ein Austausch von guten Tipps f\u00fcr touristische Besichtigungen in der Umgebung des Campingplatzes,<\/li>\n<li>Ein Respekt f\u00fcr die Ruhe der Urlauber w\u00e4hrend ihres Aufenthaltes, Unterhaltung, aber ohne Verpflichtung,<\/li>\n<li>Ein gr\u00fcner und bl\u00fchender Campingplatz mit Infrastrukturen, die die Umwelt respektieren,<\/li>\n<li>Eine nat\u00fcrliche Umgebung, die ideal ist, um w\u00e4hrend eines Campingurlaubs mit der Familie zu teilen und Spa\u00df zu haben.<\/li>\n<\/ul>\n<\/div><\/div><div class=\"element colonne p-0\"><div class=\"element images scroll-x-mobile\"><div class=\"image\"><img decoding=\"async\" src=\"https:\/\/www.camping-var-tomasses.fr\/wp-content\/uploads\/2021\/03\/flower-camping-100x89.jpg\" data-src=\"https:\/\/www.camping-var-tomasses.fr\/wp-content\/uploads\/2021\/03\/flower-camping.jpg\" alt=\"flower camping\" class=\"images_image\"  loading=\"lazy\"\/><\/div><\/div><\/div><\/div><\/div><\/section>\n\n<section id=\"section-60506e6b86896\"\" class=\"section bg-white p-t-0 p-b-0\" \/><div class=\"container full\"><div class=\"element images scroll-x-mobile\"><div class=\"image\"><img decoding=\"async\" src=\"https:\/\/www.camping-var-tomasses.fr\/wp-content\/uploads\/2021\/03\/emplacement-flower-100x76.jpg\" data-src=\"https:\/\/www.camping-var-tomasses.fr\/wp-content\/uploads\/2021\/03\/emplacement-flower.jpg\" alt=\"emplacement flower\" class=\"images_image\"  loading=\"lazy\"\/><\/div><div class=\"image\"><img decoding=\"async\" src=\"https:\/\/www.camping-var-tomasses.fr\/wp-content\/uploads\/2021\/03\/camping-riviere-flower-100x76.jpg\" data-src=\"https:\/\/www.camping-var-tomasses.fr\/wp-content\/uploads\/2021\/03\/camping-riviere-flower.jpg\" alt=\"camping riviere flower\" class=\"images_image\"  loading=\"lazy\"\/><\/div><div class=\"image\"><img decoding=\"async\" src=\"https:\/\/www.camping-var-tomasses.fr\/wp-content\/uploads\/2021\/03\/camping-famille-flower-100x76.jpg\" data-src=\"https:\/\/www.camping-var-tomasses.fr\/wp-content\/uploads\/2021\/03\/camping-famille-flower.jpg\" alt=\"camping famille flower\" class=\"images_image\"  loading=\"lazy\"\/><\/div><div class=\"image\"><img decoding=\"async\" src=\"https:\/\/www.camping-var-tomasses.fr\/wp-content\/uploads\/2021\/03\/location-emplacement-camping-100x74.jpg\" data-src=\"https:\/\/www.camping-var-tomasses.fr\/wp-content\/uploads\/2021\/03\/location-emplacement-camping.jpg\" alt=\"location emplacement camping\" class=\"images_image\"  loading=\"lazy\"\/><\/div><\/div><\/div><\/section>\n\n<section id=\"section-605067bcbc72a\"\" class=\"section bg-white p-t-0 p-b-0\" \/><div class=\"container full\"><div class=\"colonnes-wrap valign-middle \"><div class=\"element colonne p-0\"><div class=\"element images scroll-x-mobile\"><div class=\"image\"><img decoding=\"async\" src=\"https:\/\/www.camping-var-tomasses.fr\/wp-content\/uploads\/2021\/03\/camping-a-hyeres-100x66.jpg\" data-src=\"https:\/\/www.camping-var-tomasses.fr\/wp-content\/uploads\/2021\/03\/camping-a-hyeres.jpg\" alt=\"mobil home terrasse\" class=\"images_image\"  loading=\"lazy\"\/><\/div><\/div><\/div><div class=\"element colonne p-x-6\"><h2 class=\"element section-title justify\">FLOWER-CAMPING AN DER FRANZ\u00d6SISCHEN RIVIERA<\/h2><div class=\"element bloc-text justify \">\n\t<p>Warum einen Flower-Campingplatz w\u00e4hlen? Weil Flower-Campingpl\u00e4tze eine Garantie f\u00fcr Qualit\u00e4t sind. In der Tat legen die Betreiber der Flower-Campingpl\u00e4tze gro\u00dfen Wert auf die Freundlichkeit und den Komfort der Urlauber. Deshalb sind Flower-Campingpl\u00e4tze perfekt f\u00fcr die ganze Familie geeignet.<\/p>\n<p>Flower-Campingpl\u00e4tze gibt es in ganz Frankreich, von der K\u00fcste bis zu den Bergen. Eine gro\u00dfe Auswahl an Urlaubszielen. Sie m\u00f6chten ein romantisches Wochenende oder einen Urlaub mit Ihren Kindern verbringen. Finden Sie eine gro\u00dfe Auswahl an Unterk\u00fcnften f\u00fcr Ihren Familien-Campingurlaub. Mieten Sie ein Mobilheim oder ein Chalet. Viele Angebote und Schn\u00e4ppchen warten auf Sie in den Flower Campings.<\/p>\n<p>Paare mit Kindern werden von den lustigen Aktivit\u00e4ten und Sportangeboten f\u00fcr die Kinder begeistert sein, w\u00e4hrend sie den Pool genie\u00dfen.<\/p>\n<p>Junge Paare und Senioren werden die freundliche Atmosph\u00e4re unter den Urlaubern genie\u00dfen, egal ob f\u00fcr kurze oder lange Aufenthalte. Blumencampingpl\u00e4tze sind auch auf den Komfort bedacht, den sie ihren G\u00e4sten bieten. Deshalb achten sie auf die Qualit\u00e4t ihrer Einrichtungen, sei es bei der Begr\u00fc\u00dfung, der Unterkunft, der Unterhaltung, der Sauberkeit oder den verschiedenen Serviceleistungen f\u00fcr Familien.<\/p>\n<p>Blumencamping im Var. Blumencamping an der C\u00f4te d&#8217;Azur. Blumencamping in der Provence. Blumencamping in PACA. Was auch immer Ihr Ziel ist: am Meer, in den Bergen oder auf dem Land, ein Flower-Campingplatz erwartet Sie f\u00fcr einen unvergesslichen Familienurlaub in Provence Alpes C\u00f4te d&#8217;Azur!<\/p>\n<\/div><\/div><\/div><div class=\"colonnes-wrap valign-middle \"><div class=\"element colonne p-x-6\"><h2 class=\"element section-title justify m-t-4\">FLOWER-CAMPING IN S\u00dcDFRANKREICH<\/h2><div class=\"element bloc-text justify \">\n\t<p>Unser Flower-Camping in S\u00fcdfrankreich befindet sich im Dorf Belgentier unter der Sonne der Provence. Wir sind ideal gelegen 23km von Hy\u00e8res und 22km von Toulon in der Region Var. Nur 20 Minuten von den sch\u00f6nen Str\u00e4nden der franz\u00f6sischen Riviera entfernt. Eine ideale Urlaubswahl zwischen Meer und Natur in S\u00fcdfrankreich.<\/p>\n<p>Unser 4-Sterne-Campingplatz Flower bietet Ihnen einen hochwertigen Service f\u00fcr Ihren Urlaubsaufenthalt. Ihr Komfort und Ihre Zufriedenheit sind f\u00fcr uns wichtig. Wir stehen zu Ihrer Verf\u00fcgung, um Sie zu beraten und unsere besten Adressen zu teilen.<\/p>\n<p>Unser Flower-Campingplatz ist ein Familiencampingplatz. Wir hei\u00dfen vor allem Familien f\u00fcr ihre Ferienaufenthalte willkommen. Unser Flower-Campingplatz im Var ist menschlich gepr\u00e4gt. Jeder Urlauber trifft sich und redet mit dem anderen. Das schafft eine warme und freundliche Atmosph\u00e4re.<\/p>\n<p>Unser Flower-Camping mit Schwimmbad. Genie\u00dfen Sie unseren Wasserpark mit beheiztem Planschbecken und Schwimmbecken. Kinder und Eltern k\u00f6nnen das ganze Jahr \u00fcber im warmen Wasser schwimmen. Legen Sie sich zum Entspannen auf eine unserer Sonnenliegen oder sonnen Sie sich am Pool.<\/p>\n<p>Unser Blumencampingplatz mit Animation. Unser Animationsteam bereitet Sommeraktivit\u00e4ten und Unterhaltung f\u00fcr die ganze Familie vor. Die Kinder nehmen am Kinderclub, der Minidisco und anderen lustigen Aktivit\u00e4ten im Freien teil. Die Teenager nehmen an Sportturnieren auf dem Multisportplatz oder an der Tischtennisplatte teil. Und abends trifft sich die ganze Familie zu Themenabenden. Ein Programm mit Aktivit\u00e4ten f\u00fcr alle, ohne Verpflichtung zur Teilnahme.<\/p>\n<\/div><\/div><div class=\"element colonne p-0\"><div class=\"element images scroll-x-mobile\"><div class=\"image\"><img decoding=\"async\" src=\"https:\/\/www.camping-var-tomasses.fr\/wp-content\/uploads\/2021\/03\/piscine-chauffee-hyeres-100x74.jpg\" data-src=\"https:\/\/www.camping-var-tomasses.fr\/wp-content\/uploads\/2021\/03\/piscine-chauffee-hyeres.jpg\" alt=\"piscine camping flower\" class=\"images_image\"  loading=\"lazy\"\/><\/div><\/div><\/div><\/div><div class=\"colonnes-wrap valign-middle \"><div class=\"element colonne p-0\"><div class=\"element images scroll-x-mobile\"><div class=\"image\"><img decoding=\"async\" src=\"https:\/\/www.camping-var-tomasses.fr\/wp-content\/uploads\/2021\/03\/mobil-home-a-louer-var-100x81.jpg\" data-src=\"https:\/\/www.camping-var-tomasses.fr\/wp-content\/uploads\/2021\/03\/mobil-home-a-louer-var.jpg\" alt=\"mobil home terrasse flower camping\" class=\"images_image\"  loading=\"lazy\"\/><\/div><\/div><\/div><div class=\"element colonne p-x-6\"><div class=\"element bloc-text justify \">\n\t<p>Unser Blumencampingplatz mit Mobilheimvermietung. Mieten Sie ein Mobilheim mit oder ohne Klimaanlage f\u00fcr Ihren Campingurlaub. Alle unsere Unterk\u00fcnfte sind neu. Sie haben 2 Schlafzimmer. Und sie sind mit Fernsehen und Wifi ausgestattet. F\u00fcr einen Urlaub mit dem Komfort von zu Hause.<\/p>\n<p>Unser Blumencampingplatz mit Zelt- und Wohnwagenplatz. Buchen Sie Ihren Stellplatz f\u00fcr Ihren Aufenthalt, um der Natur nahe zu sein. Unsere Stellpl\u00e4tze f\u00fcr Zelte und Wohnwagen sind schattig. Sie sind mit 10A Strom und Trinkwasser ausgestattet. Zwei neue gemeinschaftliche Sanit\u00e4ranlagen sind vorhanden.<\/p>\n<p>Unser Flower camping nature ist eingebettet in eine au\u00dfergew\u00f6hnlich gr\u00fcne Umgebung. Seine nat\u00fcrliche Umgebung und die \u00fcppige Vegetation machen ihn zu einem entspannenden und beruhigenden Ort. Unser Flower-Campingplatz wird von einem Fluss ges\u00e4umt. Was k\u00f6nnte entspannender sein, als sich w\u00e4hrend Ihres Sommerschlafes vom Ger\u00e4usch des flie\u00dfenden Wassers einlullen zu lassen?<\/p>\n<p>Unser g\u00fcnstiger Flower-Camping. Genie\u00dfen Sie unsere Angebote in der Vor- und Nachsaison, um die Region Var zu entdecken.<\/p>\n<p>Unser Flower-Camping an der C\u00f4te d&#8217;Azur. Machen Sie Urlaub im S\u00fcden und entdecken Sie unsere Region Provence Alpes C\u00f4te d&#8217;Azur. In der Umgebung des Campingplatzes gibt es viele Sehensw\u00fcrdigkeiten zu besichtigen. Muss man gesehen haben. Hy\u00e8res und die Halbinsel Giens. Toulon und sein Hafen. Die auf einem H\u00fcgel gelegene Stadt Castellet. Der sch\u00f6nste Markt Frankreichs in Sanary sur Mer. Der Hafen von Saint Tropez. Die herrliche Insel Porquerolles. Das blumenreiche Dorf Bormes les Mimosas. Die Buchten von Cassis. Der Wasserfall von Sillans. Die Gorges du Verdon. Ein touristisches Programm, das Ihnen den Atem rauben wird.<\/p>\n<p>Mieten Sie Ihr Mobilheim oder Ihren Stellplatz in S\u00fcdfrankreich auf unserem Flower camping les Tomasses f\u00fcr einen Familienurlaub in der Natur.<\/p>\n<\/div><\/div><\/div><\/div><\/section>\n\n<section id=\"section-60506e6b86fe6\"\" class=\"section bg-white\" \/><div class=\"container extralarge\"><div class=\"element section-title center titre-cta\">Entdecken Sie unsere Animationen und unser Schwimmbad<\/div><ul class=\"liste-de-page scroll-x-mobile\"><li class=\"element call-to-action center titre-cta call-to-action--style-1 call-to-action--small\"><a href=\"https:\/\/www.camping-var-tomasses.fr\/de\/4-sterne-campingplatz-sudfrankreich\/\"  class=\"call-to-action_link\" title=\"Lesen Sie mehr \u00fcber unsere dienstleistungen\"><div class=\"call-to-action_image\"><img decoding=\"async\" src=\"https:\/\/www.camping-var-tomasses.fr\/wp-content\/uploads\/2021\/03\/bienvenue-camping-100x56.jpg\" data-src=\"https:\/\/www.camping-var-tomasses.fr\/wp-content\/uploads\/2021\/03\/bienvenue-camping.jpg\" alt=\"bienvenue camping\" class=\"small\"  loading=\"lazy\"\/><\/div><div class=\"call-to-action_contenu\"><div class=\"call-to-action_titre\">Unsere Dienstleistungen<\/div><\/div><\/a><\/li><li class=\"element call-to-action center titre-cta call-to-action--style-1 call-to-action--small call-to-action--style-1 call-to-action--small\"><a href=\"https:\/\/www.camping-var-tomasses.fr\/de\/camping-animations-var\/\"  class=\"call-to-action_link\" title=\"Lesen Sie mehr \u00fcber unsere animationen\"><div class=\"call-to-action_image\"><img decoding=\"async\" src=\"https:\/\/www.camping-var-tomasses.fr\/wp-content\/uploads\/2021\/03\/enfants-aire-jeux-100x56.jpg\" data-src=\"https:\/\/www.camping-var-tomasses.fr\/wp-content\/uploads\/2021\/03\/enfants-aire-jeux.jpg\" alt=\"\" class=\"small\"  loading=\"lazy\"\/><\/div><div class=\"call-to-action_contenu\"><div class=\"call-to-action_titre\">Unsere Animationen<\/div><\/div><\/a><\/li><li class=\"element call-to-action center titre-cta call-to-action--style-1 call-to-action--small call-to-action--style-1 call-to-action--small call-to-action--style-1 call-to-action--small\"><a href=\"https:\/\/www.camping-var-tomasses.fr\/de\/campingplatz-schwimmbad-sudfrankreich\/\"  class=\"call-to-action_link\" title=\"Lesen Sie mehr \u00fcber der pool\"><div class=\"call-to-action_image\"><img decoding=\"async\" src=\"https:\/\/www.camping-var-tomasses.fr\/wp-content\/uploads\/2024\/04\/20240413_143335-100x75.jpg\" data-src=\"https:\/\/www.camping-var-tomasses.fr\/wp-content\/uploads\/2024\/04\/20240413_143335.jpg\" alt=\"\" class=\"small\"  loading=\"lazy\"\/><\/div><div class=\"call-to-action_contenu\"><div class=\"call-to-action_titre\">Der Pool<\/div><\/div><\/a><\/li><\/ul><\/div><\/section>","protected":false},"excerpt":{"rendered":"","protected":false},"author":1,"featured_media":2962,"parent":0,"menu_order":0,"comment_status":"closed","ping_status":"closed","template":"","meta":{"_acf_changed":false,"footnotes":""},"class_list":["post-2961","page","type-page","status-publish","has-post-thumbnail","hentry"],"acf":[],"yoast_head":"<!-- This site is optimized with the Yoast SEO plugin v21.8.1 - https:\/\/yoast.com\/wordpress\/plugins\/seo\/ -->\n<title>Flower camping Var | Flower bleibe in der Provence Alpes C\u00f4te d\u00b4Azur<\/title>\n<meta name=\"description\" content=\"4* Flower camping in S\u00fcdfrankreich in der N\u00e4he des Meeres. Freundlicher und authentischer Familienurlaub f\u00fcr eine tolle Zeit in Provence Alpes C\u00f4te d&#039;Azur in der N\u00e4he von Hy\u00e8res les Palmiers.\" \/>\n<meta name=\"robots\" content=\"index, follow, max-snippet:-1, max-image-preview:large, max-video-preview:-1\" \/>\n<link rel=\"canonical\" href=\"https:\/\/www.camping-var-tomasses.fr\/de\/flower-camping-sudfrankreich\/\" \/>\n<meta property=\"og:locale\" content=\"de_DE\" \/>\n<meta property=\"og:type\" content=\"article\" \/>\n<meta property=\"og:title\" content=\"Flower camping Var | Flower bleibe in der Provence Alpes C\u00f4te d\u00b4Azur\" \/>\n<meta property=\"og:description\" content=\"4* Flower camping in S\u00fcdfrankreich in der N\u00e4he des Meeres. Freundlicher und authentischer Familienurlaub f\u00fcr eine tolle Zeit in Provence Alpes C\u00f4te d&#039;Azur in der N\u00e4he von Hy\u00e8res les Palmiers.\" \/>\n<meta property=\"og:url\" content=\"https:\/\/www.camping-var-tomasses.fr\/de\/flower-camping-sudfrankreich\/\" \/>\n<meta property=\"og:site_name\" content=\"Camping les Tomasses\" \/>\n<meta property=\"article:modified_time\" content=\"2021-04-19T13:18:45+00:00\" \/>\n<meta property=\"og:image\" content=\"https:\/\/www.camping-var-tomasses.fr\/wp-content\/uploads\/2021\/03\/piscine-var.jpg\" \/>\n\t<meta property=\"og:image:width\" content=\"1903\" \/>\n\t<meta property=\"og:image:height\" content=\"450\" \/>\n\t<meta property=\"og:image:type\" content=\"image\/jpeg\" \/>\n<meta name=\"twitter:card\" content=\"summary_large_image\" \/>\n<script type=\"application\/ld+json\" class=\"yoast-schema-graph\">{\"@context\":\"https:\/\/schema.org\",\"@graph\":[{\"@type\":\"WebPage\",\"@id\":\"https:\/\/www.camping-var-tomasses.fr\/de\/flower-camping-sudfrankreich\/\",\"url\":\"https:\/\/www.camping-var-tomasses.fr\/de\/flower-camping-sudfrankreich\/\",\"name\":\"Flower camping Var | Flower bleibe in der Provence Alpes C\u00f4te d\u00b4Azur\",\"isPartOf\":{\"@id\":\"https:\/\/www.camping-var-tomasses.fr\/de\/#website\"},\"datePublished\":\"2021-03-16T05:44:58+00:00\",\"dateModified\":\"2021-04-19T13:18:45+00:00\",\"description\":\"4* Flower camping in S\u00fcdfrankreich in der N\u00e4he des Meeres. Freundlicher und authentischer Familienurlaub f\u00fcr eine tolle Zeit in Provence Alpes C\u00f4te d'Azur in der N\u00e4he von Hy\u00e8res les Palmiers.\",\"breadcrumb\":{\"@id\":\"https:\/\/www.camping-var-tomasses.fr\/de\/flower-camping-sudfrankreich\/#breadcrumb\"},\"inLanguage\":\"de\",\"potentialAction\":[{\"@type\":\"ReadAction\",\"target\":[\"https:\/\/www.camping-var-tomasses.fr\/de\/flower-camping-sudfrankreich\/\"]}]},{\"@type\":\"BreadcrumbList\",\"@id\":\"https:\/\/www.camping-var-tomasses.fr\/de\/flower-camping-sudfrankreich\/#breadcrumb\",\"itemListElement\":[{\"@type\":\"ListItem\",\"position\":1,\"name\":\"Campingplatz Var\",\"item\":\"https:\/\/www.camping-var-tomasses.fr\/de\/\"},{\"@type\":\"ListItem\",\"position\":2,\"name\":\"Flower camping Var\"}]},{\"@type\":\"WebSite\",\"@id\":\"https:\/\/www.camping-var-tomasses.fr\/de\/#website\",\"url\":\"https:\/\/www.camping-var-tomasses.fr\/de\/\",\"name\":\"Camping les Tomasses\",\"description\":\"\",\"potentialAction\":[{\"@type\":\"SearchAction\",\"target\":{\"@type\":\"EntryPoint\",\"urlTemplate\":\"https:\/\/www.camping-var-tomasses.fr\/de\/?s={search_term_string}\"},\"query-input\":\"required name=search_term_string\"}],\"inLanguage\":\"de\"}]}<\/script>\n<!-- \/ Yoast SEO plugin. -->","yoast_head_json":{"title":"Flower camping Var | Flower bleibe in der Provence Alpes C\u00f4te d\u00b4Azur","description":"4* Flower camping in S\u00fcdfrankreich in der N\u00e4he des Meeres. Freundlicher und authentischer Familienurlaub f\u00fcr eine tolle Zeit in Provence Alpes C\u00f4te d'Azur in der N\u00e4he von Hy\u00e8res les Palmiers.","robots":{"index":"index","follow":"follow","max-snippet":"max-snippet:-1","max-image-preview":"max-image-preview:large","max-video-preview":"max-video-preview:-1"},"canonical":"https:\/\/www.camping-var-tomasses.fr\/de\/flower-camping-sudfrankreich\/","og_locale":"de_DE","og_type":"article","og_title":"Flower camping Var | Flower bleibe in der Provence Alpes C\u00f4te d\u00b4Azur","og_description":"4* Flower camping in S\u00fcdfrankreich in der N\u00e4he des Meeres. Freundlicher und authentischer Familienurlaub f\u00fcr eine tolle Zeit in Provence Alpes C\u00f4te d'Azur in der N\u00e4he von Hy\u00e8res les Palmiers.","og_url":"https:\/\/www.camping-var-tomasses.fr\/de\/flower-camping-sudfrankreich\/","og_site_name":"Camping les Tomasses","article_modified_time":"2021-04-19T13:18:45+00:00","og_image":[{"width":1903,"height":450,"url":"https:\/\/www.camping-var-tomasses.fr\/wp-content\/uploads\/2021\/03\/piscine-var.jpg","type":"image\/jpeg"}],"twitter_card":"summary_large_image","schema":{"@context":"https:\/\/schema.org","@graph":[{"@type":"WebPage","@id":"https:\/\/www.camping-var-tomasses.fr\/de\/flower-camping-sudfrankreich\/","url":"https:\/\/www.camping-var-tomasses.fr\/de\/flower-camping-sudfrankreich\/","name":"Flower camping Var | Flower bleibe in der Provence Alpes C\u00f4te d\u00b4Azur","isPartOf":{"@id":"https:\/\/www.camping-var-tomasses.fr\/de\/#website"},"datePublished":"2021-03-16T05:44:58+00:00","dateModified":"2021-04-19T13:18:45+00:00","description":"4* Flower camping in S\u00fcdfrankreich in der N\u00e4he des Meeres. Freundlicher und authentischer Familienurlaub f\u00fcr eine tolle Zeit in Provence Alpes C\u00f4te d'Azur in der N\u00e4he von Hy\u00e8res les Palmiers.","breadcrumb":{"@id":"https:\/\/www.camping-var-tomasses.fr\/de\/flower-camping-sudfrankreich\/#breadcrumb"},"inLanguage":"de","potentialAction":[{"@type":"ReadAction","target":["https:\/\/www.camping-var-tomasses.fr\/de\/flower-camping-sudfrankreich\/"]}]},{"@type":"BreadcrumbList","@id":"https:\/\/www.camping-var-tomasses.fr\/de\/flower-camping-sudfrankreich\/#breadcrumb","itemListElement":[{"@type":"ListItem","position":1,"name":"Campingplatz Var","item":"https:\/\/www.camping-var-tomasses.fr\/de\/"},{"@type":"ListItem","position":2,"name":"Flower camping Var"}]},{"@type":"WebSite","@id":"https:\/\/www.camping-var-tomasses.fr\/de\/#website","url":"https:\/\/www.camping-var-tomasses.fr\/de\/","name":"Camping les Tomasses","description":"","potentialAction":[{"@type":"SearchAction","target":{"@type":"EntryPoint","urlTemplate":"https:\/\/www.camping-var-tomasses.fr\/de\/?s={search_term_string}"},"query-input":"required name=search_term_string"}],"inLanguage":"de"}]}},"_links":{"self":[{"href":"https:\/\/www.camping-var-tomasses.fr\/de\/wp-json\/wp\/v2\/pages\/2961","targetHints":{"allow":["GET"]}}],"collection":[{"href":"https:\/\/www.camping-var-tomasses.fr\/de\/wp-json\/wp\/v2\/pages"}],"about":[{"href":"https:\/\/www.camping-var-tomasses.fr\/de\/wp-json\/wp\/v2\/types\/page"}],"author":[{"embeddable":true,"href":"https:\/\/www.camping-var-tomasses.fr\/de\/wp-json\/wp\/v2\/users\/1"}],"replies":[{"embeddable":true,"href":"https:\/\/www.camping-var-tomasses.fr\/de\/wp-json\/wp\/v2\/comments?post=2961"}],"version-history":[{"count":4,"href":"https:\/\/www.camping-var-tomasses.fr\/de\/wp-json\/wp\/v2\/pages\/2961\/revisions"}],"predecessor-version":[{"id":3059,"href":"https:\/\/www.camping-var-tomasses.fr\/de\/wp-json\/wp\/v2\/pages\/2961\/revisions\/3059"}],"wp:featuredmedia":[{"embeddable":true,"href":"https:\/\/www.camping-var-tomasses.fr\/de\/wp-json\/wp\/v2\/media\/2962"}],"wp:attachment":[{"href":"https:\/\/www.camping-var-tomasses.fr\/de\/wp-json\/wp\/v2\/media?parent=2961"}],"curies":[{"name":"wp","href":"https:\/\/api.w.org\/{rel}","templated":true}]}}