{"id":2954,"date":"2021-03-16T06:45:02","date_gmt":"2021-03-16T05:45:02","guid":{"rendered":"https:\/\/www.camping-var-tomasses.fr\/camping-familial-var\/"},"modified":"2021-03-29T10:53:50","modified_gmt":"2021-03-29T08:53:50","slug":"familien-campingplatz-sudfrankreich","status":"publish","type":"page","link":"https:\/\/www.camping-var-tomasses.fr\/de\/familien-campingplatz-sudfrankreich\/","title":{"rendered":"Camping : Nature et famille"},"content":{"rendered":"<section id=\"section-60506e6b8641a\"\" class=\"section titre-interne bg-white p-b-0\" \/><div class=\"container extralarge\"><h1 class=\"element section-title center\">FAMILIENCAMPING IM S\u00dcDEN FRANKREICHS<\/h1><\/div><\/section>\n\n<section id=\"section-60506e6b86724\"\" class=\"section bg-white p-t-0 p-b-0\" \/><div class=\"container full\"><div class=\"colonnes-wrap valign-middle \"><div class=\"element colonne p-x-6\"><h2 class=\"element section-title left\">FAMILIENCAMPING AN DER FRANZ\u00d6SISCHEN RIVIERA IN MEERESN\u00c4HE<\/h2><div class=\"element bloc-text justify \">\n\t<p>Suchen Sie einen 4-Sterne-Campingplatz f\u00fcr Ihren n\u00e4chsten Urlaub in Frankreich mit familienfreundlicher Atmosph\u00e4re in Meeresn\u00e4he in S\u00fcdfrankreich?<\/p>\n<p>Unser Flower camping les Tomasses, ideal gelegen zwischen Hy\u00e8res und Toulon in der Region Var Frankreich, hei\u00dft Sie herzlich willkommen f\u00fcr Ihren n\u00e4chsten Familienurlaub an der franz\u00f6sischen Riviera. Unser Familiencampingplatz in S\u00fcdfrankreich ist weder zu gro\u00df noch zu klein. Jeder Urlauber ist bekannt und anerkannt.<\/p>\n<p>Man gr\u00fc\u00dft sich, man plaudert und tauscht sich aus. Ein kleiner Familiencampingplatz in der Provence Alpes C\u00f4te d&#8217;Azur, in aller Einfachheit. Den Kindern wird es nie langweilig und die Eltern sind von der freundlichen Atmosph\u00e4re des Campingplatzes angetan. Campingurlaub an der franz\u00f6sischen Riviera f\u00fcr unvergessliche Momente.<\/p>\n<\/div><\/div><div class=\"element colonne p-0\"><div class=\"element images scroll-x-mobile\"><div class=\"image\"><img decoding=\"async\" src=\"\" data-src=\"\" alt=\"riviere cascade\" class=\"images_image\"  loading=\"lazy\"\/><\/div><\/div><\/div><\/div><\/div><\/section>\n\n<section id=\"section-60506e6b86896\"\" class=\"section bg-white p-t-0 p-b-0\" \/><div class=\"container full\"><div class=\"element images scroll-x-mobile\"><div class=\"image\"><img decoding=\"async\" src=\"https:\/\/www.camping-var-tomasses.fr\/wp-content\/uploads\/2021\/03\/camping-famille-flower-100x76.jpg\" data-src=\"https:\/\/www.camping-var-tomasses.fr\/wp-content\/uploads\/2021\/03\/camping-famille-flower.jpg\" alt=\"famille nature camping\" class=\"images_image\"  loading=\"lazy\"\/><\/div><div class=\"image\"><img decoding=\"async\" src=\"https:\/\/www.camping-var-tomasses.fr\/wp-content\/uploads\/2021\/03\/famille-camping-nature-var-100x76.jpg\" data-src=\"https:\/\/www.camping-var-tomasses.fr\/wp-content\/uploads\/2021\/03\/famille-camping-nature-var.jpg\" alt=\"famille camping nature var\" class=\"images_image\"  loading=\"lazy\"\/><\/div><div class=\"image\"><img decoding=\"async\" src=\"https:\/\/www.camping-var-tomasses.fr\/wp-content\/uploads\/2021\/03\/camping-familial-var-100x76.jpg\" data-src=\"https:\/\/www.camping-var-tomasses.fr\/wp-content\/uploads\/2021\/03\/camping-familial-var.jpg\" alt=\"camping familial var\" class=\"images_image\"  loading=\"lazy\"\/><\/div><div class=\"image\"><img decoding=\"async\" src=\"https:\/\/www.camping-var-tomasses.fr\/wp-content\/uploads\/2021\/03\/camping-famille-nature-100x76.jpg\" data-src=\"https:\/\/www.camping-var-tomasses.fr\/wp-content\/uploads\/2021\/03\/camping-famille-nature.jpg\" alt=\"camping famille nature\" class=\"images_image\"  loading=\"lazy\"\/><\/div><\/div><\/div><\/section>\n\n<section id=\"section-groupe\"\" class=\"section bg-white p-t-0 p-b-0\" \/><div class=\"container full\"><div class=\"colonnes-wrap valign-middle \"><div class=\"element colonne p-0\"><div class=\"element images scroll-x-mobile\"><div class=\"image\"><img decoding=\"async\" src=\"https:\/\/www.camping-var-tomasses.fr\/wp-content\/uploads\/2021\/03\/bord-riviere-100x58.jpg\" data-src=\"https:\/\/www.camping-var-tomasses.fr\/wp-content\/uploads\/2021\/03\/bord-riviere.jpg\" alt=\"bord riviere\" class=\"images_image\"  loading=\"lazy\"\/><\/div><\/div><\/div><div class=\"element colonne p-x-6\"><div class=\"element bloc-text justify \">\n\t<p>Die ganze Familie findet hier ihre Lieblingsbesch\u00e4ftigung oder Unterhaltung mit tollen Einrichtungen. Die Kleinen sind am liebsten mit den F\u00fc\u00dfen im Wasser im Planschbecken. Die Gr\u00f6\u00dferen nehmen am Kinderclub teil. Die Teenager treffen sich auf dem Multisportplatz oder an der Tischtennisplatte zu sportlichen und lustigen Aktivit\u00e4ten. Die Erwachsenen trainieren auf dem Fitnessparcours f\u00fcr sportliche Aktivit\u00e4ten und schwimmen im Schwimmbad. Andere ziehen es vor, am feinen Sandstrand von Hy\u00e8res spazieren zu gehen. Jeden Abend bereiten sich die Urlauber in ihren Mobilheimen oder auf ihren Stellpl\u00e4tzen auf die lebhaften Themenabende des Campingplatzes vor.<\/p>\n<p>Genie\u00dfen Sie Ihren Familienurlaub auf einem Campingplatz in Meeresn\u00e4he und entdecken Sie die Mittelmeerk\u00fcste, die nur 20 Autominuten entfernt ist. Wundersch\u00f6ne Sandstr\u00e4nde und kristallklares Wasser erwarten Sie f\u00fcr einen Familienbadeurlaub von Bandol bis Saint Rapha\u00ebl.<\/p>\n<p>Unser Blumen-Familiencampingplatz in S\u00fcdfrankreich steht Ihnen gerne zur Verf\u00fcgung, um Sie \u00fcber Familienbesuche und Sehensw\u00fcrdigkeiten im Var zu beraten, wie z.B. Aktivit\u00e4ten f\u00fcr Kinder, Tierparks, Zoos, Museen, Attraktionen, St\u00e4dte, D\u00f6rfer und au\u00dfergew\u00f6hnliche Orte&#8230;<\/p>\n<p>Einer der Campingpl\u00e4tze in S\u00fcdfrankreich, auf dem Sie sich an der C\u00f4te d&#8217;Azur nie langweilen werden.<\/p>\n<\/div><\/div><\/div><\/div><\/section>\n\n<section id=\"section-605067bcbc72a\"\" class=\"section bg-white p-t-0 p-b-0\" \/><div class=\"container full\"><div class=\"colonnes-wrap valign-middle \"><div class=\"element colonne p-x-6\"><h2 class=\"element section-title justify\">CAMPINGPLATZ MIT NATUR IN S\u00dcDFRANKREICH<\/h2><div class=\"element bloc-text justify \">\n\t<p>Sind Sie auf der Suche nach einem Urlaubsort zum Ausruhen und Entspannen in einer nat\u00fcrlichen Umgebung f\u00fcr frische Luft?<\/p>\n<p>Unser Flower-Camping mit der Natur in S\u00fcdfrankreich ist eine Einladung zu einem authentischen und entspannten Urlaub. Eingebettet in eine gr\u00fcne Umgebung, ist unser Familiencampingplatz eine gr\u00fcne Oase der Ruhe. Perfekt f\u00fcr Naturliebhaber, die einen Campingplatz am Meer abseits des gro\u00dfen Trubels genie\u00dfen m\u00f6chten.<\/p>\n<p>Unser gr\u00fcner Flower-Campingplatz an der C\u00f4te d&#8217;Azur ist ein St\u00fcck Paradies am Flussufer, eingelullt vom Ger\u00e4usch des flie\u00dfenden Wassers. Genie\u00dfen Sie die Ruhe auf dem Lande f\u00fcr Ihren Natururlaub in S\u00fcdfrankreich.<\/p>\n<p>Entdecken Sie mit Ihrer Familie einen Wasserfall, nur 30 Minuten Fu\u00dfweg vom Campingplatz entfernt. Und genie\u00dfen Sie ein erfrischendes Bad im Fluss f\u00fcr Kinder und Eltern gleicherma\u00dfen.<\/p>\n<p>Unser Flower-Campingplatz legt gro\u00dfen Wert auf den Schutz der Natur und der Umwelt. Er verfolgt einen \u00f6kologisch verantwortungsbewussten Ansatz, der darauf abzielt, den Energie- und Wasserverbrauch zu reduzieren. Als Teil des Flower-Camping-Netzwerks verpflichten wir uns, die Charta f\u00fcr Qualit\u00e4tstourismus einzuhalten, um Ihnen einen besseren Empfang zu bieten und die Qualit\u00e4t unserer touristischen Dienstleistungen zu verbessern. 100 Meter vom Campingplatz entfernt steht Ihnen ein selektiver Sortierbereich f\u00fcr Hausm\u00fcll zur Verf\u00fcgung.<\/p>\n<p>Buchen Sie Ihr Mobilheim oder Ihren Stellplatz in S\u00fcdfrankreich auf unserem Flower camping les Tomasses f\u00fcr einen gelungenen Urlaub<\/p>\n<\/div><\/div><div class=\"element colonne p-0\"><div class=\"element images scroll-x-mobile\"><div class=\"image\"><img decoding=\"async\" src=\"https:\/\/www.camping-var-tomasses.fr\/wp-content\/uploads\/2021\/03\/camping-nature-riviere-var-100x68.jpg\" data-src=\"https:\/\/www.camping-var-tomasses.fr\/wp-content\/uploads\/2021\/03\/camping-nature-riviere-var.jpg\" alt=\"camping nature riviere var\" class=\"images_image\"  loading=\"lazy\"\/><\/div><\/div><\/div><\/div><\/div><\/section>\n\n<section id=\"section-60506e6b86fe6\"\" class=\"section bg-white\" \/><div class=\"container extralarge\"><div class=\"element section-title center titre-cta\">Entdecken Sie unsere Animationen und unser Schwimmbad<\/div><ul class=\"liste-de-page scroll-x-mobile\"><li class=\"element call-to-action center titre-cta call-to-action--style-1 call-to-action--small\"><a href=\"https:\/\/www.camping-var-tomasses.fr\/de\/4-sterne-campingplatz-sudfrankreich\/\"  class=\"call-to-action_link\" title=\"Lesen Sie mehr \u00fcber unsere dienstleistungen\"><div class=\"call-to-action_image\"><img decoding=\"async\" src=\"https:\/\/www.camping-var-tomasses.fr\/wp-content\/uploads\/2021\/03\/bienvenue-camping-100x56.jpg\" data-src=\"https:\/\/www.camping-var-tomasses.fr\/wp-content\/uploads\/2021\/03\/bienvenue-camping.jpg\" alt=\"bienvenue camping\" class=\"small\"  loading=\"lazy\"\/><\/div><div class=\"call-to-action_contenu\"><div class=\"call-to-action_titre\">Unsere Dienstleistungen<\/div><\/div><\/a><\/li><li class=\"element call-to-action center titre-cta call-to-action--style-1 call-to-action--small call-to-action--style-1 call-to-action--small\"><a href=\"https:\/\/www.camping-var-tomasses.fr\/de\/camping-animations-var\/\"  class=\"call-to-action_link\" title=\"Lesen Sie mehr \u00fcber unsere animationen\"><div class=\"call-to-action_image\"><img decoding=\"async\" src=\"https:\/\/www.camping-var-tomasses.fr\/wp-content\/uploads\/2021\/03\/enfants-aire-jeux-100x56.jpg\" data-src=\"https:\/\/www.camping-var-tomasses.fr\/wp-content\/uploads\/2021\/03\/enfants-aire-jeux.jpg\" alt=\"\" class=\"small\"  loading=\"lazy\"\/><\/div><div class=\"call-to-action_contenu\"><div class=\"call-to-action_titre\">Unsere Animationen<\/div><\/div><\/a><\/li><li class=\"element call-to-action center titre-cta call-to-action--style-1 call-to-action--small call-to-action--style-1 call-to-action--small call-to-action--style-1 call-to-action--small\"><a href=\"https:\/\/www.camping-var-tomasses.fr\/de\/campingplatz-schwimmbad-sudfrankreich\/\"  class=\"call-to-action_link\" title=\"Lesen Sie mehr \u00fcber der pool\"><div class=\"call-to-action_image\"><img decoding=\"async\" src=\"https:\/\/www.camping-var-tomasses.fr\/wp-content\/uploads\/2024\/04\/20240413_143335-100x75.jpg\" data-src=\"https:\/\/www.camping-var-tomasses.fr\/wp-content\/uploads\/2024\/04\/20240413_143335.jpg\" alt=\"\" class=\"small\"  loading=\"lazy\"\/><\/div><div class=\"call-to-action_contenu\"><div class=\"call-to-action_titre\">Der Pool<\/div><\/div><\/a><\/li><\/ul><\/div><\/section>","protected":false},"excerpt":{"rendered":"","protected":false},"author":1,"featured_media":4922,"parent":0,"menu_order":0,"comment_status":"closed","ping_status":"closed","template":"","meta":{"_acf_changed":false,"footnotes":""},"class_list":["post-2954","page","type-page","status-publish","has-post-thumbnail","hentry"],"acf":[],"yoast_head":"<!-- This site is optimized with the Yoast SEO plugin v21.8.1 - https:\/\/yoast.com\/wordpress\/plugins\/seo\/ -->\n<title>Familiencamping in S\u00fcdfrankreich | Camping f\u00fcr Familien an der C\u00f4te d&#039;Azur<\/title>\n<meta name=\"description\" content=\"4*-Familiencampingplatz in S\u00fcdfrankreich in Meeresn\u00e4he. Eine entspannte Umgebung mit sch\u00f6ner Natur f\u00fcr Ferien mit Familie oder Freunden in einer nat\u00fcrlichen Umgebung am Fluss in der N\u00e4he von Hy\u00e8res.\" \/>\n<meta name=\"robots\" content=\"index, follow, max-snippet:-1, max-image-preview:large, max-video-preview:-1\" \/>\n<link rel=\"canonical\" href=\"https:\/\/www.camping-var-tomasses.fr\/de\/familien-campingplatz-sudfrankreich\/\" \/>\n<meta property=\"og:locale\" content=\"de_DE\" \/>\n<meta property=\"og:type\" content=\"article\" \/>\n<meta property=\"og:title\" content=\"Familiencamping in S\u00fcdfrankreich | Camping f\u00fcr Familien an der C\u00f4te d&#039;Azur\" \/>\n<meta property=\"og:description\" content=\"4*-Familiencampingplatz in S\u00fcdfrankreich in Meeresn\u00e4he. Eine entspannte Umgebung mit sch\u00f6ner Natur f\u00fcr Ferien mit Familie oder Freunden in einer nat\u00fcrlichen Umgebung am Fluss in der N\u00e4he von Hy\u00e8res.\" \/>\n<meta property=\"og:url\" content=\"https:\/\/www.camping-var-tomasses.fr\/de\/familien-campingplatz-sudfrankreich\/\" \/>\n<meta property=\"og:site_name\" content=\"Camping les Tomasses\" \/>\n<meta property=\"article:modified_time\" content=\"2021-03-29T08:53:50+00:00\" \/>\n<meta property=\"og:image\" content=\"https:\/\/www.camping-var-tomasses.fr\/wp-content\/uploads\/2021\/05\/camping-nature-var-2.jpg\" \/>\n\t<meta property=\"og:image:width\" content=\"1903\" \/>\n\t<meta property=\"og:image:height\" content=\"450\" \/>\n\t<meta property=\"og:image:type\" content=\"image\/jpeg\" \/>\n<meta name=\"twitter:card\" content=\"summary_large_image\" \/>\n<script type=\"application\/ld+json\" class=\"yoast-schema-graph\">{\"@context\":\"https:\/\/schema.org\",\"@graph\":[{\"@type\":\"WebPage\",\"@id\":\"https:\/\/www.camping-var-tomasses.fr\/de\/familien-campingplatz-sudfrankreich\/\",\"url\":\"https:\/\/www.camping-var-tomasses.fr\/de\/familien-campingplatz-sudfrankreich\/\",\"name\":\"Familiencamping in S\u00fcdfrankreich | Camping f\u00fcr Familien an der C\u00f4te d'Azur\",\"isPartOf\":{\"@id\":\"https:\/\/www.camping-var-tomasses.fr\/de\/#website\"},\"datePublished\":\"2021-03-16T05:45:02+00:00\",\"dateModified\":\"2021-03-29T08:53:50+00:00\",\"description\":\"4*-Familiencampingplatz in S\u00fcdfrankreich in Meeresn\u00e4he. Eine entspannte Umgebung mit sch\u00f6ner Natur f\u00fcr Ferien mit Familie oder Freunden in einer nat\u00fcrlichen Umgebung am Fluss in der N\u00e4he von Hy\u00e8res.\",\"breadcrumb\":{\"@id\":\"https:\/\/www.camping-var-tomasses.fr\/de\/familien-campingplatz-sudfrankreich\/#breadcrumb\"},\"inLanguage\":\"de\",\"potentialAction\":[{\"@type\":\"ReadAction\",\"target\":[\"https:\/\/www.camping-var-tomasses.fr\/de\/familien-campingplatz-sudfrankreich\/\"]}]},{\"@type\":\"BreadcrumbList\",\"@id\":\"https:\/\/www.camping-var-tomasses.fr\/de\/familien-campingplatz-sudfrankreich\/#breadcrumb\",\"itemListElement\":[{\"@type\":\"ListItem\",\"position\":1,\"name\":\"Campingplatz Var\",\"item\":\"https:\/\/www.camping-var-tomasses.fr\/de\/\"},{\"@type\":\"ListItem\",\"position\":2,\"name\":\"Camping Natur Var\"}]},{\"@type\":\"WebSite\",\"@id\":\"https:\/\/www.camping-var-tomasses.fr\/de\/#website\",\"url\":\"https:\/\/www.camping-var-tomasses.fr\/de\/\",\"name\":\"Camping les Tomasses\",\"description\":\"\",\"potentialAction\":[{\"@type\":\"SearchAction\",\"target\":{\"@type\":\"EntryPoint\",\"urlTemplate\":\"https:\/\/www.camping-var-tomasses.fr\/de\/?s={search_term_string}\"},\"query-input\":\"required name=search_term_string\"}],\"inLanguage\":\"de\"}]}<\/script>\n<!-- \/ Yoast SEO plugin. -->","yoast_head_json":{"title":"Familiencamping in S\u00fcdfrankreich | Camping f\u00fcr Familien an der C\u00f4te d'Azur","description":"4*-Familiencampingplatz in S\u00fcdfrankreich in Meeresn\u00e4he. Eine entspannte Umgebung mit sch\u00f6ner Natur f\u00fcr Ferien mit Familie oder Freunden in einer nat\u00fcrlichen Umgebung am Fluss in der N\u00e4he von Hy\u00e8res.","robots":{"index":"index","follow":"follow","max-snippet":"max-snippet:-1","max-image-preview":"max-image-preview:large","max-video-preview":"max-video-preview:-1"},"canonical":"https:\/\/www.camping-var-tomasses.fr\/de\/familien-campingplatz-sudfrankreich\/","og_locale":"de_DE","og_type":"article","og_title":"Familiencamping in S\u00fcdfrankreich | Camping f\u00fcr Familien an der C\u00f4te d'Azur","og_description":"4*-Familiencampingplatz in S\u00fcdfrankreich in Meeresn\u00e4he. Eine entspannte Umgebung mit sch\u00f6ner Natur f\u00fcr Ferien mit Familie oder Freunden in einer nat\u00fcrlichen Umgebung am Fluss in der N\u00e4he von Hy\u00e8res.","og_url":"https:\/\/www.camping-var-tomasses.fr\/de\/familien-campingplatz-sudfrankreich\/","og_site_name":"Camping les Tomasses","article_modified_time":"2021-03-29T08:53:50+00:00","og_image":[{"width":1903,"height":450,"url":"https:\/\/www.camping-var-tomasses.fr\/wp-content\/uploads\/2021\/05\/camping-nature-var-2.jpg","type":"image\/jpeg"}],"twitter_card":"summary_large_image","schema":{"@context":"https:\/\/schema.org","@graph":[{"@type":"WebPage","@id":"https:\/\/www.camping-var-tomasses.fr\/de\/familien-campingplatz-sudfrankreich\/","url":"https:\/\/www.camping-var-tomasses.fr\/de\/familien-campingplatz-sudfrankreich\/","name":"Familiencamping in S\u00fcdfrankreich | Camping f\u00fcr Familien an der C\u00f4te d'Azur","isPartOf":{"@id":"https:\/\/www.camping-var-tomasses.fr\/de\/#website"},"datePublished":"2021-03-16T05:45:02+00:00","dateModified":"2021-03-29T08:53:50+00:00","description":"4*-Familiencampingplatz in S\u00fcdfrankreich in Meeresn\u00e4he. Eine entspannte Umgebung mit sch\u00f6ner Natur f\u00fcr Ferien mit Familie oder Freunden in einer nat\u00fcrlichen Umgebung am Fluss in der N\u00e4he von Hy\u00e8res.","breadcrumb":{"@id":"https:\/\/www.camping-var-tomasses.fr\/de\/familien-campingplatz-sudfrankreich\/#breadcrumb"},"inLanguage":"de","potentialAction":[{"@type":"ReadAction","target":["https:\/\/www.camping-var-tomasses.fr\/de\/familien-campingplatz-sudfrankreich\/"]}]},{"@type":"BreadcrumbList","@id":"https:\/\/www.camping-var-tomasses.fr\/de\/familien-campingplatz-sudfrankreich\/#breadcrumb","itemListElement":[{"@type":"ListItem","position":1,"name":"Campingplatz Var","item":"https:\/\/www.camping-var-tomasses.fr\/de\/"},{"@type":"ListItem","position":2,"name":"Camping Natur Var"}]},{"@type":"WebSite","@id":"https:\/\/www.camping-var-tomasses.fr\/de\/#website","url":"https:\/\/www.camping-var-tomasses.fr\/de\/","name":"Camping les Tomasses","description":"","potentialAction":[{"@type":"SearchAction","target":{"@type":"EntryPoint","urlTemplate":"https:\/\/www.camping-var-tomasses.fr\/de\/?s={search_term_string}"},"query-input":"required name=search_term_string"}],"inLanguage":"de"}]}},"_links":{"self":[{"href":"https:\/\/www.camping-var-tomasses.fr\/de\/wp-json\/wp\/v2\/pages\/2954","targetHints":{"allow":["GET"]}}],"collection":[{"href":"https:\/\/www.camping-var-tomasses.fr\/de\/wp-json\/wp\/v2\/pages"}],"about":[{"href":"https:\/\/www.camping-var-tomasses.fr\/de\/wp-json\/wp\/v2\/types\/page"}],"author":[{"embeddable":true,"href":"https:\/\/www.camping-var-tomasses.fr\/de\/wp-json\/wp\/v2\/users\/1"}],"replies":[{"embeddable":true,"href":"https:\/\/www.camping-var-tomasses.fr\/de\/wp-json\/wp\/v2\/comments?post=2954"}],"version-history":[{"count":6,"href":"https:\/\/www.camping-var-tomasses.fr\/de\/wp-json\/wp\/v2\/pages\/2954\/revisions"}],"predecessor-version":[{"id":3056,"href":"https:\/\/www.camping-var-tomasses.fr\/de\/wp-json\/wp\/v2\/pages\/2954\/revisions\/3056"}],"wp:featuredmedia":[{"embeddable":true,"href":"https:\/\/www.camping-var-tomasses.fr\/de\/wp-json\/wp\/v2\/media\/4922"}],"wp:attachment":[{"href":"https:\/\/www.camping-var-tomasses.fr\/de\/wp-json\/wp\/v2\/media?parent=2954"}],"curies":[{"name":"wp","href":"https:\/\/api.w.org\/{rel}","templated":true}]}}