{"id":2939,"date":"2021-03-16T06:44:50","date_gmt":"2021-03-16T05:44:50","guid":{"rendered":"https:\/\/www.camping-var-tomasses.fr\/camping-animations-var\/"},"modified":"2022-04-20T11:52:43","modified_gmt":"2022-04-20T09:52:43","slug":"camping-animations-var","status":"publish","type":"page","link":"https:\/\/www.camping-var-tomasses.fr\/de\/camping-animations-var\/","title":{"rendered":"Camping : Nos  animations"},"content":{"rendered":"<section id=\"section-60506e6b8641a\"\" class=\"section titre-interne bg-white p-b-0\" \/><div class=\"container extralarge\"><h1 class=\"element section-title center\">CAMPINGPLATZ MIT UNTERHALTUNG <\/br>IM S\u00dcDEN FRANKREICHS<\/h1><\/div><\/section>\n\n<section id=\"section-60506e6b86538\"\" class=\"section bg-white p-t-0\" \/><div class=\"container extralarge\"><div class=\"element bloc-text center \">\n\t<p>Suchen Sie einen animierten Campingplatz in S\u00fcdfrankreich f\u00fcr Ihren familienfreundlichen Urlaub? M\u00f6chten Sie einen Campingplatz mit Kinderclub, um Ihre Kinder und Jugendlichen an der C\u00f4te d&#8217;Azur zu unterhalten?<\/p>\n<p>Unser 4-Sterne-Campingplatz Flower bietet Unterhaltung und Aktivit\u00e4ten f\u00fcr die ganze Familie f\u00fcr Ihren Campingurlaub an der Freanch Riviera in der N\u00e4he des Mittelmeers. Unser Campingplatz befindet sich in einer tollen Lage in der N\u00e4he von Hy\u00e8res und den Sandstr\u00e4nden in der Region Var &#8211; S\u00fcdfrankreich.<\/p>\n<p>Unser Animationsteam k\u00fcmmert sich die ganze Woche \u00fcber um Kinder und Erwachsene in einer warmen und freundlichen Atmosph\u00e4re. (Vom 05. Juli bis 28. August).<\/p>\n<p>Unser Flower-Campingplatz in S\u00fcdfrankreich pr\u00e4sentiert sein tolles Unterhaltungsprogramm im Freien :<\/p>\n<ul class=\"list-center\">\n<li>T\u00e4glich zwei Kinderclubs (von 5 bis 12 Jahren)<\/li>\n<li>Olympiade, Schatzsuche und Mini-Disco.<\/li>\n<li>Sportturniere und Mannschaftsspiele (Fu\u00dfball, Basketball, Handball, Tischtennis, Wasserball, Petanque&#8230;)<\/li>\n<li>Themenabende, Musikquiz, Karaoke, Tanzabende, Kirmes, Trivial Pursuit und Nachtschwimmen<\/li>\n<\/ul>\n<\/div><\/div><\/section>\n\n<section id=\"section-60506e6b86724\"\" class=\"section bg-white p-t-0 p-b-0\" \/><div class=\"container full\"><div class=\"colonnes-wrap valign-middle \"><div class=\"element colonne p-x-6\"><h2 class=\"element section-title justify\">CAMPINGPLATZ MIT KINDERCLUB IN S\u00dcDFRANKREICH<\/h2><div class=\"element bloc-text justify \">\n\t<p>Kleine Kinder k\u00f6nnen sich im beheizten Planschbecken vergn\u00fcgen. Sie k\u00f6nnen die Tiere auf dem Mini-Bauernhof f\u00fcttern und streicheln. Sie spielen auf dem Spielplatz mit der Rutsche und den Schaukeln. Sie tanzen in der Mini-Disco. Ein Campingurlaub voller Lachen und Komplizenschaft mit ihren Eltern.<\/p>\n<p>Die Pre-Teens lernen neue Freunde kennen. Sie schwimmen t\u00e4glich im beheizten Schwimmbad. Sie nehmen an manuellen Aktivit\u00e4ten im Kinderclub teil (von 5 bis 12 Jahren). Sie singen beim Karaoke-Abend. Sie springen auf dem Riesentrampolin. Und sie tanzen nonstop bei den Tanzpartys.<\/p>\n<\/div><\/div><div class=\"element colonne p-0\"><div class=\"element images scroll-x-mobile\"><div class=\"image\"><img decoding=\"async\" src=\"https:\/\/www.camping-var-tomasses.fr\/wp-content\/uploads\/2021\/03\/terrain-sport-100x58.jpg\" data-src=\"https:\/\/www.camping-var-tomasses.fr\/wp-content\/uploads\/2021\/03\/terrain-sport.jpg\" alt=\"terrain sport\" class=\"images_image\"  loading=\"lazy\"\/><\/div><\/div><\/div><\/div><\/div><\/section>\n\n<section id=\"section-groupe\"\" class=\"section bg-white p-t-0 p-b-0\" \/><div class=\"container full\"><div class=\"element images scroll-x-mobile\"><div class=\"image\"><img decoding=\"async\" src=\"https:\/\/www.camping-var-tomasses.fr\/wp-content\/uploads\/2021\/03\/enfant-jeu-100x75.jpg\" data-src=\"https:\/\/www.camping-var-tomasses.fr\/wp-content\/uploads\/2021\/03\/enfant-jeu.jpg\" alt=\"enfant jeu\" class=\"images_image\"  loading=\"lazy\"\/><\/div><div class=\"image\"><img decoding=\"async\" src=\"https:\/\/www.camping-var-tomasses.fr\/wp-content\/uploads\/2021\/03\/maquillage-enfants-100x74.jpg\" data-src=\"https:\/\/www.camping-var-tomasses.fr\/wp-content\/uploads\/2021\/03\/maquillage-enfants.jpg\" alt=\"maquillage enfants\" class=\"images_image\"  loading=\"lazy\"\/><\/div><div class=\"image\"><img decoding=\"async\" src=\"https:\/\/www.camping-var-tomasses.fr\/wp-content\/uploads\/2021\/03\/weterpolo-piscine-100x74.jpg\" data-src=\"https:\/\/www.camping-var-tomasses.fr\/wp-content\/uploads\/2021\/03\/weterpolo-piscine.jpg\" alt=\"weterpolo piscine\" class=\"images_image\"  loading=\"lazy\"\/><\/div><div class=\"image\"><img decoding=\"async\" src=\"https:\/\/www.camping-var-tomasses.fr\/wp-content\/uploads\/2021\/03\/kermesse-famille-100x74.jpg\" data-src=\"https:\/\/www.camping-var-tomasses.fr\/wp-content\/uploads\/2021\/03\/kermesse-famille.jpg\" alt=\"kermesse famille\" class=\"images_image\"  loading=\"lazy\"\/><\/div><\/div><\/div><\/section>\n\n<section id=\"section-605067bcbc72a\"\" class=\"section bg-white p-t-0 p-b-0\" \/><div class=\"container full\"><div class=\"colonnes-wrap valign-middle \"><div class=\"element colonne p-0\"><div class=\"element images scroll-x-mobile\"><div class=\"image\"><img decoding=\"async\" src=\"https:\/\/www.camping-var-tomasses.fr\/wp-content\/uploads\/2021\/03\/enfants-mini-ferme-100x58.jpg\" data-src=\"https:\/\/www.camping-var-tomasses.fr\/wp-content\/uploads\/2021\/03\/enfants-mini-ferme.jpg\" alt=\"enfants mini ferme\" class=\"images_image\"  loading=\"lazy\"\/><\/div><\/div><\/div><div class=\"element colonne p-x-6\"><div class=\"element bloc-text justify \">\n\t<p>Die Teenager finden neue Freunde. Sie verausgaben sich bei Sportturnieren auf dem Multisportplatz oder an der Tischtennisplatte. Sie haben Spa\u00df im n\u00e4chtlichen Schwimmbad. Sie trainieren an den Fitnessger\u00e4ten. Ein sportlicher Urlaub, der die Teenager auf Ihrem Familiencampingplatz im Var auf Trab h\u00e4lt.<\/p>\n<p>Paare mit oder ohne Kinder genie\u00dfen unser beheiztes Schwimmbad. Sie genie\u00dfen die erfrischenden Getr\u00e4nke und Eiscreme in der Bar. Sie nehmen an Themenabenden teil (musikalisches Quiz, Trivial Pursuit, Tanzabende&#8230;). Sie wandern auf den nahe gelegenen Wanderwegen (K\u00fcstenpfade, Sainte-Baume-Massiv&#8230;). Sie schlendern durch die provenzalischen D\u00f6rfer. Sie nehmen ein Sonnenbad an den Str\u00e4nden am Meer. Und sie baden in den Wasserf\u00e4llen.<\/p>\n<\/div><\/div><\/div><\/div><\/section>\n\n<section id=\"section-60506e6b86896\"\" class=\"section bg-white p-t-0 p-b-0\" \/><div class=\"container full\"><div class=\"element images scroll-x-mobile\"><div class=\"image\"><img decoding=\"async\" src=\"https:\/\/www.camping-var-tomasses.fr\/wp-content\/uploads\/2021\/03\/animation-aire-de-jeux-var-100x74.jpg\" data-src=\"https:\/\/www.camping-var-tomasses.fr\/wp-content\/uploads\/2021\/03\/animation-aire-de-jeux-var.jpg\" alt=\"animation aire de jeux var\" class=\"images_image\"  loading=\"lazy\"\/><\/div><div class=\"image\"><img decoding=\"async\" src=\"https:\/\/www.camping-var-tomasses.fr\/wp-content\/uploads\/2021\/03\/danse-groupe-100x73.jpg\" data-src=\"https:\/\/www.camping-var-tomasses.fr\/wp-content\/uploads\/2021\/03\/danse-groupe.jpg\" alt=\"danse groupe\" class=\"images_image\"  loading=\"lazy\"\/><\/div><div class=\"image\"><img decoding=\"async\" src=\"https:\/\/www.camping-var-tomasses.fr\/wp-content\/uploads\/2021\/03\/piscine-nocturne-100x74.jpg\" data-src=\"https:\/\/www.camping-var-tomasses.fr\/wp-content\/uploads\/2021\/03\/piscine-nocturne.jpg\" alt=\"piscine nocturne\" class=\"images_image\"  loading=\"lazy\"\/><\/div><div class=\"image\"><img decoding=\"async\" src=\"https:\/\/www.camping-var-tomasses.fr\/wp-content\/uploads\/2021\/03\/activite-groupe-100x74.jpg\" data-src=\"https:\/\/www.camping-var-tomasses.fr\/wp-content\/uploads\/2021\/03\/activite-groupe.jpg\" alt=\"activite groupe\" class=\"images_image\"  loading=\"lazy\"\/><\/div><\/div><\/div><\/section>\n\n<section id=\"section-la\"\" class=\"section bg-white p-t-0 p-b-0\" \/><div class=\"container full\"><div class=\"colonnes-wrap valign-middle \"><div class=\"element colonne p-x-6\"><h2 class=\"element section-title justify\">IHRE CAMPING-ANIMATIONEN IM S\u00dcDEN<\/h2><div class=\"element bloc-text justify \">\n\t<p>Senioren und junge Ruhest\u00e4ndler sch\u00e4tzen die Ruhe und die nat\u00fcrliche Umgebung am Fluss. Sie genie\u00dfen die schattigen Stellpl\u00e4tze zum Ausruhen. Sie spielen Petanque. Sie besuchen die typischen D\u00f6rfer des s\u00fcd\u00f6stlichen Frankreichs. Ein Entdeckungsprogramm in Ihrem eigenen Tempo f\u00fcr einen 4-Sterne-Campingurlaub in S\u00fcdfrankreich.<\/p>\n<p>Aktivit\u00e4ten und Familienunterhaltung sind der Rhythmus des Lebens auf unserem Campingplatz an der C\u00f4te d&#8217;Azur. Die Kinder sind wissbegierig und die Eltern k\u00f6nnen sich entspannen und die besten Familienferien in der Region Provence Alpes C\u00f4te d&#8217;Azur genie\u00dfen.<\/p>\n<\/div><\/div><div class=\"element colonne p-0\"><div class=\"element images scroll-x-mobile\"><div class=\"image\"><img decoding=\"async\" src=\"https:\/\/www.camping-var-tomasses.fr\/wp-content\/uploads\/2021\/03\/petanque-enfants-100x58.jpg\" data-src=\"https:\/\/www.camping-var-tomasses.fr\/wp-content\/uploads\/2021\/03\/petanque-enfants.jpg\" alt=\"petanque enfants\" class=\"images_image\"  loading=\"lazy\"\/><\/div><\/div><\/div><\/div><\/div><\/section>\n\n<section id=\"section-groupe6\"\" class=\"section bg-white p-t-0 p-b-0\" \/><div class=\"container full\"><div class=\"colonnes-wrap valign-middle \"><div class=\"element colonne p-0\"><div class=\"element images scroll-x-mobile\"><div class=\"image\"><img decoding=\"async\" src=\"https:\/\/www.camping-var-tomasses.fr\/wp-content\/uploads\/2021\/03\/saint-tropez-bateau-100x58.jpg\" data-src=\"https:\/\/www.camping-var-tomasses.fr\/wp-content\/uploads\/2021\/03\/saint-tropez-bateau.jpg\" alt=\"saint tropez bateau\" class=\"images_image\"  loading=\"lazy\"\/><\/div><\/div><\/div><div class=\"element colonne p-x-6\"><h2 class=\"element section-title justify\">IHRE FAMILIENAUSFL\u00dcGE IN S\u00dcDFRANKREICH<\/h2><div class=\"element bloc-text justify \">\n\t<p>Ihre t\u00e4gliche Unterhaltung im Juli und August endet um 23 Uhr. F\u00fcr den Respekt und die Ruhe der Urlauber, empfehlen wir unseren Campingplatz im Var nicht f\u00fcr Leute, die die ganze Nacht feiern wollen.<\/p>\n<p>Buchen Sie Ihren Urlaub in Frankreich auf unserem Flower camping les Tomasses an der C\u00f4te d&#8217;Azur in einem Stellplatz oder Mobilheim mit Klimaanlage, um unsere lebendigen Abende und sportlichen Aktivit\u00e4ten zu genie\u00dfen.<\/p>\n<\/div><\/div><\/div><\/div><\/section>\n\n<section id=\"section-60506e6b86fe6\"\" class=\"section bg-white\" \/><div class=\"container extralarge\"><div class=\"element section-title center titre-cta\">Entdecken Sie unser Restaurant und Schwimmbad<\/div><ul class=\"liste-de-page scroll-x-mobile\"><li class=\"element call-to-action center titre-cta call-to-action--style-1 call-to-action--small\"><a href=\"https:\/\/www.camping-var-tomasses.fr\/de\/4-sterne-campingplatz-sudfrankreich\/\"  class=\"call-to-action_link\" title=\"Lesen Sie mehr \u00fcber unsere dienstleistungen\"><div class=\"call-to-action_image\"><img decoding=\"async\" src=\"https:\/\/www.camping-var-tomasses.fr\/wp-content\/uploads\/2021\/03\/bienvenue-camping-100x56.jpg\" data-src=\"https:\/\/www.camping-var-tomasses.fr\/wp-content\/uploads\/2021\/03\/bienvenue-camping.jpg\" alt=\"bienvenue camping\" class=\"small\"  loading=\"lazy\"\/><\/div><div class=\"call-to-action_contenu\"><div class=\"call-to-action_titre\">Unsere Dienstleistungen<\/div><\/div><\/a><\/li><li class=\"element call-to-action center titre-cta call-to-action--style-1 call-to-action--small call-to-action--style-1 call-to-action--small\"><a href=\"https:\/\/www.camping-var-tomasses.fr\/de\/familien-campingplatz-sudfrankreich\/\"  class=\"call-to-action_link\" title=\"Lesen Sie mehr \u00fcber natur\"><div class=\"call-to-action_image\"><img decoding=\"async\" src=\"https:\/\/www.camping-var-tomasses.fr\/wp-content\/uploads\/2021\/03\/couple-randonnee-100x56.jpg\" data-src=\"https:\/\/www.camping-var-tomasses.fr\/wp-content\/uploads\/2021\/03\/couple-randonnee.jpg\" alt=\"couple randonnee\" class=\"small\"  loading=\"lazy\"\/><\/div><div class=\"call-to-action_contenu\"><div class=\"call-to-action_titre\">Natur<\/div><\/div><\/a><\/li><li class=\"element call-to-action center titre-cta call-to-action--style-1 call-to-action--small call-to-action--style-1 call-to-action--small call-to-action--style-1 call-to-action--small\"><a href=\"https:\/\/www.camping-var-tomasses.fr\/de\/campingplatz-schwimmbad-sudfrankreich\/\"  class=\"call-to-action_link\" title=\"Lesen Sie mehr \u00fcber der pool\"><div class=\"call-to-action_image\"><img decoding=\"async\" src=\"https:\/\/www.camping-var-tomasses.fr\/wp-content\/uploads\/2024\/04\/20240413_143335-100x75.jpg\" data-src=\"https:\/\/www.camping-var-tomasses.fr\/wp-content\/uploads\/2024\/04\/20240413_143335.jpg\" alt=\"\" class=\"small\"  loading=\"lazy\"\/><\/div><div class=\"call-to-action_contenu\"><div class=\"call-to-action_titre\">Der Pool<\/div><\/div><\/a><\/li><\/ul><\/div><\/section>","protected":false},"excerpt":{"rendered":"","protected":false},"author":1,"featured_media":7192,"parent":0,"menu_order":0,"comment_status":"closed","ping_status":"closed","template":"","meta":{"_acf_changed":false,"footnotes":""},"class_list":["post-2939","page","type-page","status-publish","has-post-thumbnail","hentry"],"acf":[],"yoast_head":"<!-- This site is optimized with the Yoast SEO plugin v21.8.1 - https:\/\/yoast.com\/wordpress\/plugins\/seo\/ -->\n<title>Campingplatz mit Unterhaltung S\u00fcdfrankreich | Kinderclub C\u00f4te d&#039;Azur<\/title>\n<meta name=\"description\" content=\"4*-Campingplatz mit Animation f\u00fcr die ganze Familie und Kinderclub in S\u00fcdfrankreich in Meeresn\u00e4he. Urlaub mit Animationen in famili\u00e4rer Atmosph\u00e4re in der N\u00e4he von Hy\u00e8res les Palmiers\" \/>\n<meta name=\"robots\" content=\"index, follow, max-snippet:-1, max-image-preview:large, max-video-preview:-1\" \/>\n<link rel=\"canonical\" href=\"https:\/\/www.camping-var-tomasses.fr\/de\/camping-animations-var\/\" \/>\n<meta property=\"og:locale\" content=\"de_DE\" \/>\n<meta property=\"og:type\" content=\"article\" \/>\n<meta property=\"og:title\" content=\"Campingplatz mit Unterhaltung S\u00fcdfrankreich | Kinderclub C\u00f4te d&#039;Azur\" \/>\n<meta property=\"og:description\" content=\"4*-Campingplatz mit Animation f\u00fcr die ganze Familie und Kinderclub in S\u00fcdfrankreich in Meeresn\u00e4he. Urlaub mit Animationen in famili\u00e4rer Atmosph\u00e4re in der N\u00e4he von Hy\u00e8res les Palmiers\" \/>\n<meta property=\"og:url\" content=\"https:\/\/www.camping-var-tomasses.fr\/de\/camping-animations-var\/\" \/>\n<meta property=\"og:site_name\" content=\"Camping les Tomasses\" \/>\n<meta property=\"article:modified_time\" content=\"2022-04-20T09:52:43+00:00\" \/>\n<meta property=\"og:image\" content=\"https:\/\/www.camping-var-tomasses.fr\/wp-content\/uploads\/2021\/05\/camping-animation-enfant-var-1.jpg\" \/>\n\t<meta property=\"og:image:width\" content=\"1903\" \/>\n\t<meta property=\"og:image:height\" content=\"449\" \/>\n\t<meta property=\"og:image:type\" content=\"image\/jpeg\" \/>\n<meta name=\"twitter:card\" content=\"summary_large_image\" \/>\n<script type=\"application\/ld+json\" class=\"yoast-schema-graph\">{\"@context\":\"https:\/\/schema.org\",\"@graph\":[{\"@type\":\"WebPage\",\"@id\":\"https:\/\/www.camping-var-tomasses.fr\/de\/camping-animations-var\/\",\"url\":\"https:\/\/www.camping-var-tomasses.fr\/de\/camping-animations-var\/\",\"name\":\"Campingplatz mit Unterhaltung S\u00fcdfrankreich | Kinderclub C\u00f4te d'Azur\",\"isPartOf\":{\"@id\":\"https:\/\/www.camping-var-tomasses.fr\/de\/#website\"},\"datePublished\":\"2021-03-16T05:44:50+00:00\",\"dateModified\":\"2022-04-20T09:52:43+00:00\",\"description\":\"4*-Campingplatz mit Animation f\u00fcr die ganze Familie und Kinderclub in S\u00fcdfrankreich in Meeresn\u00e4he. Urlaub mit Animationen in famili\u00e4rer Atmosph\u00e4re in der N\u00e4he von Hy\u00e8res les Palmiers\",\"breadcrumb\":{\"@id\":\"https:\/\/www.camping-var-tomasses.fr\/de\/camping-animations-var\/#breadcrumb\"},\"inLanguage\":\"de\",\"potentialAction\":[{\"@type\":\"ReadAction\",\"target\":[\"https:\/\/www.camping-var-tomasses.fr\/de\/camping-animations-var\/\"]}]},{\"@type\":\"BreadcrumbList\",\"@id\":\"https:\/\/www.camping-var-tomasses.fr\/de\/camping-animations-var\/#breadcrumb\",\"itemListElement\":[{\"@type\":\"ListItem\",\"position\":1,\"name\":\"Campingplatz Var\",\"item\":\"https:\/\/www.camping-var-tomasses.fr\/de\/\"},{\"@type\":\"ListItem\",\"position\":2,\"name\":\"Camping Animationen Belgentier\"}]},{\"@type\":\"WebSite\",\"@id\":\"https:\/\/www.camping-var-tomasses.fr\/de\/#website\",\"url\":\"https:\/\/www.camping-var-tomasses.fr\/de\/\",\"name\":\"Camping les Tomasses\",\"description\":\"\",\"potentialAction\":[{\"@type\":\"SearchAction\",\"target\":{\"@type\":\"EntryPoint\",\"urlTemplate\":\"https:\/\/www.camping-var-tomasses.fr\/de\/?s={search_term_string}\"},\"query-input\":\"required name=search_term_string\"}],\"inLanguage\":\"de\"}]}<\/script>\n<!-- \/ Yoast SEO plugin. -->","yoast_head_json":{"title":"Campingplatz mit Unterhaltung S\u00fcdfrankreich | Kinderclub C\u00f4te d'Azur","description":"4*-Campingplatz mit Animation f\u00fcr die ganze Familie und Kinderclub in S\u00fcdfrankreich in Meeresn\u00e4he. Urlaub mit Animationen in famili\u00e4rer Atmosph\u00e4re in der N\u00e4he von Hy\u00e8res les Palmiers","robots":{"index":"index","follow":"follow","max-snippet":"max-snippet:-1","max-image-preview":"max-image-preview:large","max-video-preview":"max-video-preview:-1"},"canonical":"https:\/\/www.camping-var-tomasses.fr\/de\/camping-animations-var\/","og_locale":"de_DE","og_type":"article","og_title":"Campingplatz mit Unterhaltung S\u00fcdfrankreich | Kinderclub C\u00f4te d'Azur","og_description":"4*-Campingplatz mit Animation f\u00fcr die ganze Familie und Kinderclub in S\u00fcdfrankreich in Meeresn\u00e4he. Urlaub mit Animationen in famili\u00e4rer Atmosph\u00e4re in der N\u00e4he von Hy\u00e8res les Palmiers","og_url":"https:\/\/www.camping-var-tomasses.fr\/de\/camping-animations-var\/","og_site_name":"Camping les Tomasses","article_modified_time":"2022-04-20T09:52:43+00:00","og_image":[{"width":1903,"height":449,"url":"https:\/\/www.camping-var-tomasses.fr\/wp-content\/uploads\/2021\/05\/camping-animation-enfant-var-1.jpg","type":"image\/jpeg"}],"twitter_card":"summary_large_image","schema":{"@context":"https:\/\/schema.org","@graph":[{"@type":"WebPage","@id":"https:\/\/www.camping-var-tomasses.fr\/de\/camping-animations-var\/","url":"https:\/\/www.camping-var-tomasses.fr\/de\/camping-animations-var\/","name":"Campingplatz mit Unterhaltung S\u00fcdfrankreich | Kinderclub C\u00f4te d'Azur","isPartOf":{"@id":"https:\/\/www.camping-var-tomasses.fr\/de\/#website"},"datePublished":"2021-03-16T05:44:50+00:00","dateModified":"2022-04-20T09:52:43+00:00","description":"4*-Campingplatz mit Animation f\u00fcr die ganze Familie und Kinderclub in S\u00fcdfrankreich in Meeresn\u00e4he. Urlaub mit Animationen in famili\u00e4rer Atmosph\u00e4re in der N\u00e4he von Hy\u00e8res les Palmiers","breadcrumb":{"@id":"https:\/\/www.camping-var-tomasses.fr\/de\/camping-animations-var\/#breadcrumb"},"inLanguage":"de","potentialAction":[{"@type":"ReadAction","target":["https:\/\/www.camping-var-tomasses.fr\/de\/camping-animations-var\/"]}]},{"@type":"BreadcrumbList","@id":"https:\/\/www.camping-var-tomasses.fr\/de\/camping-animations-var\/#breadcrumb","itemListElement":[{"@type":"ListItem","position":1,"name":"Campingplatz Var","item":"https:\/\/www.camping-var-tomasses.fr\/de\/"},{"@type":"ListItem","position":2,"name":"Camping Animationen Belgentier"}]},{"@type":"WebSite","@id":"https:\/\/www.camping-var-tomasses.fr\/de\/#website","url":"https:\/\/www.camping-var-tomasses.fr\/de\/","name":"Camping les Tomasses","description":"","potentialAction":[{"@type":"SearchAction","target":{"@type":"EntryPoint","urlTemplate":"https:\/\/www.camping-var-tomasses.fr\/de\/?s={search_term_string}"},"query-input":"required name=search_term_string"}],"inLanguage":"de"}]}},"_links":{"self":[{"href":"https:\/\/www.camping-var-tomasses.fr\/de\/wp-json\/wp\/v2\/pages\/2939","targetHints":{"allow":["GET"]}}],"collection":[{"href":"https:\/\/www.camping-var-tomasses.fr\/de\/wp-json\/wp\/v2\/pages"}],"about":[{"href":"https:\/\/www.camping-var-tomasses.fr\/de\/wp-json\/wp\/v2\/types\/page"}],"author":[{"embeddable":true,"href":"https:\/\/www.camping-var-tomasses.fr\/de\/wp-json\/wp\/v2\/users\/1"}],"replies":[{"embeddable":true,"href":"https:\/\/www.camping-var-tomasses.fr\/de\/wp-json\/wp\/v2\/comments?post=2939"}],"version-history":[{"count":14,"href":"https:\/\/www.camping-var-tomasses.fr\/de\/wp-json\/wp\/v2\/pages\/2939\/revisions"}],"predecessor-version":[{"id":6660,"href":"https:\/\/www.camping-var-tomasses.fr\/de\/wp-json\/wp\/v2\/pages\/2939\/revisions\/6660"}],"wp:featuredmedia":[{"embeddable":true,"href":"https:\/\/www.camping-var-tomasses.fr\/de\/wp-json\/wp\/v2\/media\/7192"}],"wp:attachment":[{"href":"https:\/\/www.camping-var-tomasses.fr\/de\/wp-json\/wp\/v2\/media?parent=2939"}],"curies":[{"name":"wp","href":"https:\/\/api.w.org\/{rel}","templated":true}]}}