{"id":2935,"date":"2021-03-16T11:29:23","date_gmt":"2021-03-16T10:29:23","guid":{"rendered":"https:\/\/www.camping-var-tomasses.fr\/vacances-4-etoiles-var\/"},"modified":"2022-04-20T12:05:02","modified_gmt":"2022-04-20T10:05:02","slug":"4-sterne-campingplatz-sudfrankreich","status":"publish","type":"page","link":"https:\/\/www.camping-var-tomasses.fr\/de\/4-sterne-campingplatz-sudfrankreich\/","title":{"rendered":"Camping : Nos services"},"content":{"rendered":"<section id=\"section-60506e6b8641a\"\" class=\"section titre-interne bg-white p-b-0\" \/><div class=\"container extralarge\"><h1 class=\"element section-title center\">4-STERNE-CAMPING IN S\u00dcDFRANKREICH<\/h1><\/div><\/section>\n\n<section id=\"section-60506e6b86724\"\" class=\"section bg-white p-t-0 p-b-0\" \/><div class=\"container full\"><div class=\"colonnes-wrap valign-middle \"><div class=\"element colonne p-x-6\"><h2 class=\"element section-title justify\">4-STERNE-CAMPINGPLATZ AN DER FRANZ\u00d6SISCHEN RIVIERA IN MEERESN\u00c4HE<\/h2><div class=\"element bloc-text justify \">\n\t<p>Sie sind auf der Suche nach einem Urlaub auf einem 4-Sterne-Campingplatz in S\u00fcdfrankreich.<\/p>\n<p>Entdecken Sie unseren Flower camping les Tomasses, einen 4-Sterne-Campingplatz in S\u00fcdfrankreich in der N\u00e4he des Meeres. Unser Flower-Campingplatz ist ideal gelegen, 23 km von Hy\u00e8res und seinen sch\u00f6nen Str\u00e4nden und 22 km von Toulon in der Region Var. Eine Ecke f\u00fcr Naturliebhaber am Fluss. Einer der am meisten bewaldeten Campingpl\u00e4tze an der C\u00f4te d&#8217;Azur.<\/p>\n<p>Mieten Sie ein Mobilheim oder ein anderes und genie\u00dfen Sie unseren Service auf unserem Campingplatz in S\u00fcdfrankreich.<\/p>\n<\/div><\/div><div class=\"element colonne p-0\"><div class=\"element images scroll-x-mobile\"><div class=\"image\"><img decoding=\"async\" src=\"https:\/\/www.camping-var-tomasses.fr\/wp-content\/uploads\/2021\/03\/salade-plat-100x58.jpg\" data-src=\"https:\/\/www.camping-var-tomasses.fr\/wp-content\/uploads\/2021\/03\/salade-plat.jpg\" alt=\"salade plat\" class=\"images_image\"  loading=\"lazy\"\/><\/div><\/div><\/div><\/div><\/div><\/section>\n\n<section id=\"section-605067bcbc72a\"\" class=\"section bg-white p-t-0 p-b-0\" \/><div class=\"container full\"><div class=\"colonnes-wrap valign-middle \"><div class=\"element colonne p-0\"><div class=\"element images scroll-x-mobile\"><div class=\"image\"><img decoding=\"async\" src=\"https:\/\/www.camping-var-tomasses.fr\/wp-content\/uploads\/2021\/03\/croissant-dejeuner-100x58.jpg\" data-src=\"https:\/\/www.camping-var-tomasses.fr\/wp-content\/uploads\/2021\/03\/croissant-dejeuner.jpg\" alt=\"croissant dejeuner\" class=\"images_image\"  loading=\"lazy\"\/><\/div><\/div><\/div><div class=\"element colonne p-x-6\"><h2 class=\"element section-title justify\">4 STERNE FAMILIENCAMPINGPLATZ IN S\u00dcDFRANKREICH<\/h2><div class=\"element bloc-text justify \">\n\t<p>Unser Flower 4-Sterne-Campingplatz in der N\u00e4he von Hy\u00e8res in Provence Alpes C\u00f4te d&#8217;Azur begr\u00fc\u00dft Sie f\u00fcr Ihren Urlaub in der Region Var.<\/p>\n<p>Unser 4-Sterne-Familiencampingplatz Flower in S\u00fcdfrankreich bietet Ihnen Einrichtungen f\u00fcr Sport und lustige Aktivit\u00e4ten f\u00fcr die ganze Familie.<\/p>\n<ul>\n<li>Einen Wasserbereich mit Planschbecken und beheiztem Pool<\/li>\n<li>Ein Spielplatz f\u00fcr Kinder von 5 bis 12 Jahren mit Schaukeln, Rutsche, Federspielen, Holzkletterger\u00fcst,<\/li>\n<li>Ein Riesentrampolin,<\/li>\n<li>Ein Multisportplatz oder Stadtstadion f\u00fcr Fu\u00dfball, Basketball und Handball,<\/li>\n<li>eine Tischtennisplatte,<\/li>\n<li>Outdoor-Fitness- und Krafttrainingsger\u00e4te f\u00fcr den Sporturlaub,<\/li>\n<\/ul>\n<\/div><\/div><\/div><\/div><\/section>\n\n<section id=\"section-la\"\" class=\"section bg-white p-t-0 p-b-0\" \/><div class=\"container full\"><div class=\"colonnes-wrap valign-middle \"><div class=\"element colonne p-x-6\"><h2 class=\"element section-title justify m-t-4\">FERIEN AUF EINEM 4-STERNE-CAMPINGPLATZ BEI HYERES IN DER REGION VAR FRANKREICH<\/h2><div class=\"element bloc-text justify \">\n\t<p>Genie\u00dfen Sie Ihren Urlaub auf einem 4-Sterne-Campingplatz in S\u00fcdfrankreich, wir bieten eine Reihe von hochwertigen Dienstleistungen.<\/p>\n<ul>\n<li>Eine Rezeption, die Sie herzlich willkommen hei\u00dft, wenn Sie mit Ihrer Familie ankommen. Die \u00d6ffnungszeiten der Rezeption sind in der Nebensaison von 9 Uhr bis 19 Uhr und im Juli und August von 8.15 Uhr bis 19 Uhr. Ihr 4-Sterne-Campingplatz ist an jedem Tag des Jahres telefonisch oder per E-Mail erreichbar.<\/li>\n<li>Ein Pizzeria mit erschwinglichen Preisen f\u00fcr einen Moment des Austauschs und der Geselligkeit mit der Familie. Der Koch bereitet k\u00f6stliche hausgemachte Pizzen und Salate zum Vergn\u00fcgen aller zu. Alle unsere Gerichte k\u00f6nnen sowohl zum Verzehr als auch zum Mitnehmen angeboten werden. Das Restaurant ist nur im Juli und August jeden Abend (19 bis 23 Uhr) ge\u00f6ffnet. Take-away ist freitags und samstags in der Nebensaison m\u00f6glich (19.00 bis 20.30 Uhr) und an anderen Tagen nur abends nach vorheriger Absprache.<\/li>\n<li>Eine Bar zum Erfrischen und Entspannen. Die Bar empf\u00e4ngt Sie im Juli und August jeden Morgen ab 8:15 Uhr zum Familienfr\u00fchst\u00fcck auf der \u00fcberdachten Terrasse des Restaurants mit Blick auf den Swimmingpool. Wachen Sie im Herzen der Natur zum Klang der V\u00f6gel und Zikaden auf. Frische Getr\u00e4nke und Eis sind den ganzen Tag \u00fcber erh\u00e4ltlich, nur im Juli und August.<\/li>\n<\/ul>\n<\/div><\/div><div class=\"element colonne p-0\"><div class=\"element images scroll-x-mobile\"><div class=\"image\"><img decoding=\"async\" src=\"https:\/\/www.camping-var-tomasses.fr\/wp-content\/uploads\/2021\/11\/pizzeria-camping-var-100x74.jpg\" data-src=\"https:\/\/www.camping-var-tomasses.fr\/wp-content\/uploads\/2021\/11\/pizzeria-camping-var.jpg\" alt=\"burger restaurant var\" class=\"images_image\"  loading=\"lazy\"\/><\/div><\/div><\/div><\/div><\/div><\/section>\n\n<section id=\"section-groupe6\"\" class=\"section bg-white p-t-0 p-b-0\" \/><div class=\"container full\"><div class=\"colonnes-wrap valign-middle \"><div class=\"element colonne p-0\"><div class=\"element images scroll-x-mobile\"><div class=\"image\"><img decoding=\"async\" src=\"https:\/\/www.camping-var-tomasses.fr\/wp-content\/uploads\/2021\/03\/laverie-machine-100x58.jpg\" data-src=\"https:\/\/www.camping-var-tomasses.fr\/wp-content\/uploads\/2021\/03\/laverie-machine.jpg\" alt=\"laverie machine\" class=\"images_image\"  loading=\"lazy\"\/><\/div><\/div><\/div><div class=\"element colonne p-x-6\"><div class=\"element bloc-text justify \">\n\t<ul>\n<li>Zwei neue Sanit\u00e4ranlagen mit freiem Zugang 24 Stunden am Tag.<\/li>\n<li>Eine W\u00e4scherei mit einer Waschmaschine (10 kg) im gemeinsamen Sanit\u00e4rblock. Wertmarken werden an der Rezeption f\u00fcr 5 \u20ac verkauft. F\u00fcr Urlauber mit einem Wohnmobil finden Sie eine W\u00e4scheleine in Ihrer Unterkunft.<\/li>\n<li>Frisches Brot, Geb\u00e4ck und Zeitungen werden w\u00e4hrend der gesamten Saison verkauft (am Vortag zu bestellen).<\/li>\n<li>Kostenloses Wifi auf dem gesamten Campingplatz, um auch im Urlaub mit Ihrer Familie und Ihren Freunden in Verbindung zu bleiben.<\/li>\n<li>Vermietung eines K\u00fchlschranks mit Gefrierfach (mindestens 7 N\u00e4chte).<\/li>\n<li>Verleih eines Tisches + 4\/6 St\u00fchle (mindestens 7 N\u00e4chte).<\/li>\n<li>Verleih eines Liegestuhls (mindestens 7 N\u00e4chte).<\/li>\n<li>Vermietung von Baby-Kit bestehend aus einem Kinderbett + einer Badewanne + einem Hochstuhl.<\/li>\n<li>Verleih von Baumwollhandt\u00fcchern und Bettw\u00e4sche<\/li>\n<li>Verleih von Einwegbettw\u00e4sche.<\/li>\n<\/ul>\n<\/div><\/div><\/div><\/div><\/section>\n\n<section id=\"section-groupe3\"\" class=\"section bg-white p-t-0 p-b-0\" \/><div class=\"container full\"><div class=\"colonnes-wrap valign-middle \"><div class=\"element colonne p-x-6\"><div class=\"element bloc-text justify \">\n\t<ul>\n<li>Reinigungspaket am Ende Ihres Aufenthaltes f\u00fcr die Reinigung des Mobilheims.<\/li>\n<li>Stornierungsgarantie f\u00fcr Ihren Aufenthalt, um mit dem Unerwarteten fertig zu werden.<\/li>\n<li>Eine Facebook-Seite, um Sie \u00fcber die neuesten Nachrichten und Ereignisse auf dem Campingplatz zu informieren. Z\u00f6gern Sie nicht, \u00fcber uns zu sprechen und unsere Seite zu teilen !<\/li>\n<li>Die Buchungsgeb\u00fchren und die Kurtaxe sind kostenlos.<\/li>\n<li>Akzeptierte Zahlungsarten: Bargeld und Bankkarten.<\/li>\n<\/ul>\n<p>Genie\u00dfen Sie Ihren Urlaub auf einem 4-Sterne-Campingplatz im S\u00fcdosten, um unsere sch\u00f6ne Region Var zu besuchen und zu entdecken. Stecken Sie Ihre F\u00fc\u00dfe ins Wasser des Mittelmeers. Nehmen Sie ein Sonnenbad an den sch\u00f6nen Str\u00e4nden von Hy\u00e8res, der Halbinsel Giens und La Londe les Maures. Schlendern Sie durch die blumigen Stra\u00dfen von Bormes les Mimosas. Fahren Sie auf der K\u00fcstenstra\u00dfe von Bandol nach Saint Rapha\u00ebl. Halten Sie im Golf von Saint Tropez f\u00fcr ein Eis im Hafen oder mieten Sie ein Elektroboot in Saint Aygulf. Wandern Sie im Massif des Maures oder in der Sainte Baume. Und erkunden Sie die Gorges du Verdon und schwimmen Sie in den k\u00fchlen Gew\u00e4ssern von Sillans la Cascade.<\/p>\n<p>Buchen Sie Ihren Aufenthalt auf einem 4-Sterne-Campingplatz in S\u00fcdfrankreich auf unserem Flower camping les Tomasses an der C\u00f4te d&#8217;Azur f\u00fcr einen gelungenen Urlaub.<\/p>\n<\/div><\/div><div class=\"element colonne p-0\"><div class=\"element images scroll-x-mobile\"><div class=\"image\"><img decoding=\"async\" src=\"https:\/\/www.camping-var-tomasses.fr\/wp-content\/uploads\/2021\/03\/wifi-tente-100x58.jpg\" data-src=\"https:\/\/www.camping-var-tomasses.fr\/wp-content\/uploads\/2021\/03\/wifi-tente.jpg\" alt=\"wifi tente\" class=\"images_image\"  loading=\"lazy\"\/><\/div><\/div><\/div><\/div><\/div><\/section>\n\n<section id=\"section-60506e6b86fe6\"\" class=\"section bg-white\" \/><div class=\"container extralarge\"><div class=\"element section-title center titre-cta\">Entdecken Sie unsere Animationen und unser Schwimmbad <\/div><ul class=\"liste-de-page scroll-x-mobile\"><li class=\"element call-to-action center titre-cta call-to-action--style-1 call-to-action--small\"><a href=\"https:\/\/www.camping-var-tomasses.fr\/de\/camping-animations-var\/\"  class=\"call-to-action_link\" title=\"Lesen Sie mehr \u00fcber unsere animationen\"><div class=\"call-to-action_image\"><img decoding=\"async\" src=\"https:\/\/www.camping-var-tomasses.fr\/wp-content\/uploads\/2021\/03\/enfants-aire-jeux-100x56.jpg\" data-src=\"https:\/\/www.camping-var-tomasses.fr\/wp-content\/uploads\/2021\/03\/enfants-aire-jeux.jpg\" alt=\"\" class=\"small\"  loading=\"lazy\"\/><\/div><div class=\"call-to-action_contenu\"><div class=\"call-to-action_titre\">Unsere Animationen<\/div><\/div><\/a><\/li><li class=\"element call-to-action center titre-cta call-to-action--style-1 call-to-action--small call-to-action--style-1 call-to-action--small\"><a href=\"https:\/\/www.camping-var-tomasses.fr\/de\/familien-campingplatz-sudfrankreich\/\"  class=\"call-to-action_link\" title=\"Lesen Sie mehr \u00fcber natur\"><div class=\"call-to-action_image\"><img decoding=\"async\" src=\"https:\/\/www.camping-var-tomasses.fr\/wp-content\/uploads\/2021\/03\/couple-randonnee-100x56.jpg\" data-src=\"https:\/\/www.camping-var-tomasses.fr\/wp-content\/uploads\/2021\/03\/couple-randonnee.jpg\" alt=\"couple randonnee\" class=\"small\"  loading=\"lazy\"\/><\/div><div class=\"call-to-action_contenu\"><div class=\"call-to-action_titre\">Natur<\/div><\/div><\/a><\/li><li class=\"element call-to-action center titre-cta call-to-action--style-1 call-to-action--small call-to-action--style-1 call-to-action--small call-to-action--style-1 call-to-action--small\"><a href=\"https:\/\/www.camping-var-tomasses.fr\/de\/campingplatz-schwimmbad-sudfrankreich\/\"  class=\"call-to-action_link\" title=\"Lesen Sie mehr \u00fcber der pool\"><div class=\"call-to-action_image\"><img decoding=\"async\" src=\"https:\/\/www.camping-var-tomasses.fr\/wp-content\/uploads\/2024\/04\/20240413_143335-100x75.jpg\" data-src=\"https:\/\/www.camping-var-tomasses.fr\/wp-content\/uploads\/2024\/04\/20240413_143335.jpg\" alt=\"\" class=\"small\"  loading=\"lazy\"\/><\/div><div class=\"call-to-action_contenu\"><div class=\"call-to-action_titre\">Der Pool<\/div><\/div><\/a><\/li><\/ul><\/div><\/section>","protected":false},"excerpt":{"rendered":"","protected":false},"author":1,"featured_media":7869,"parent":0,"menu_order":0,"comment_status":"closed","ping_status":"closed","template":"","meta":{"_acf_changed":false,"footnotes":""},"class_list":["post-2935","page","type-page","status-publish","has-post-thumbnail","hentry"],"acf":[],"yoast_head":"<!-- This site is optimized with the Yoast SEO plugin v21.8.1 - https:\/\/yoast.com\/wordpress\/plugins\/seo\/ -->\n<title>4 Sterne Campingplatz Var | 4-Sterne-Campingurlaub im Var<\/title>\n<meta name=\"description\" content=\"4-Sterne-Campingplatz in S\u00fcdfrankreich f\u00fcr einen komfortablen Familienurlaub in Meeresn\u00e4he. Urlaub mit beheiztem Schwimmbad und klimatisierten Mobilheimen in der N\u00e4he von Hy\u00e8res les Palmiers.\" \/>\n<meta name=\"robots\" content=\"index, follow, max-snippet:-1, max-image-preview:large, max-video-preview:-1\" \/>\n<link rel=\"canonical\" href=\"https:\/\/www.camping-var-tomasses.fr\/de\/4-sterne-campingplatz-sudfrankreich\/\" \/>\n<meta property=\"og:locale\" content=\"de_DE\" \/>\n<meta property=\"og:type\" content=\"article\" \/>\n<meta property=\"og:title\" content=\"4 Sterne Campingplatz Var | 4-Sterne-Campingurlaub im Var\" \/>\n<meta property=\"og:description\" content=\"4-Sterne-Campingplatz in S\u00fcdfrankreich f\u00fcr einen komfortablen Familienurlaub in Meeresn\u00e4he. Urlaub mit beheiztem Schwimmbad und klimatisierten Mobilheimen in der N\u00e4he von Hy\u00e8res les Palmiers.\" \/>\n<meta property=\"og:url\" content=\"https:\/\/www.camping-var-tomasses.fr\/de\/4-sterne-campingplatz-sudfrankreich\/\" \/>\n<meta property=\"og:site_name\" content=\"Camping les Tomasses\" \/>\n<meta property=\"article:modified_time\" content=\"2022-04-20T10:05:02+00:00\" \/>\n<meta property=\"og:image\" content=\"https:\/\/www.camping-var-tomasses.fr\/wp-content\/uploads\/2021\/03\/pancarte-bienvenue.jpg\" \/>\n\t<meta property=\"og:image:width\" content=\"1903\" \/>\n\t<meta property=\"og:image:height\" content=\"450\" \/>\n\t<meta property=\"og:image:type\" content=\"image\/jpeg\" \/>\n<meta name=\"twitter:card\" content=\"summary_large_image\" \/>\n<script type=\"application\/ld+json\" class=\"yoast-schema-graph\">{\"@context\":\"https:\/\/schema.org\",\"@graph\":[{\"@type\":\"WebPage\",\"@id\":\"https:\/\/www.camping-var-tomasses.fr\/de\/4-sterne-campingplatz-sudfrankreich\/\",\"url\":\"https:\/\/www.camping-var-tomasses.fr\/de\/4-sterne-campingplatz-sudfrankreich\/\",\"name\":\"4 Sterne Campingplatz Var | 4-Sterne-Campingurlaub im Var\",\"isPartOf\":{\"@id\":\"https:\/\/www.camping-var-tomasses.fr\/de\/#website\"},\"datePublished\":\"2021-03-16T10:29:23+00:00\",\"dateModified\":\"2022-04-20T10:05:02+00:00\",\"description\":\"4-Sterne-Campingplatz in S\u00fcdfrankreich f\u00fcr einen komfortablen Familienurlaub in Meeresn\u00e4he. Urlaub mit beheiztem Schwimmbad und klimatisierten Mobilheimen in der N\u00e4he von Hy\u00e8res les Palmiers.\",\"breadcrumb\":{\"@id\":\"https:\/\/www.camping-var-tomasses.fr\/de\/4-sterne-campingplatz-sudfrankreich\/#breadcrumb\"},\"inLanguage\":\"de\",\"potentialAction\":[{\"@type\":\"ReadAction\",\"target\":[\"https:\/\/www.camping-var-tomasses.fr\/de\/4-sterne-campingplatz-sudfrankreich\/\"]}]},{\"@type\":\"BreadcrumbList\",\"@id\":\"https:\/\/www.camping-var-tomasses.fr\/de\/4-sterne-campingplatz-sudfrankreich\/#breadcrumb\",\"itemListElement\":[{\"@type\":\"ListItem\",\"position\":1,\"name\":\"Campingplatz Var\",\"item\":\"https:\/\/www.camping-var-tomasses.fr\/de\/\"},{\"@type\":\"ListItem\",\"position\":2,\"name\":\"Verpflegung, W\u00e4scherei Var\"}]},{\"@type\":\"WebSite\",\"@id\":\"https:\/\/www.camping-var-tomasses.fr\/de\/#website\",\"url\":\"https:\/\/www.camping-var-tomasses.fr\/de\/\",\"name\":\"Camping les Tomasses\",\"description\":\"\",\"potentialAction\":[{\"@type\":\"SearchAction\",\"target\":{\"@type\":\"EntryPoint\",\"urlTemplate\":\"https:\/\/www.camping-var-tomasses.fr\/de\/?s={search_term_string}\"},\"query-input\":\"required name=search_term_string\"}],\"inLanguage\":\"de\"}]}<\/script>\n<!-- \/ Yoast SEO plugin. -->","yoast_head_json":{"title":"4 Sterne Campingplatz Var | 4-Sterne-Campingurlaub im Var","description":"4-Sterne-Campingplatz in S\u00fcdfrankreich f\u00fcr einen komfortablen Familienurlaub in Meeresn\u00e4he. Urlaub mit beheiztem Schwimmbad und klimatisierten Mobilheimen in der N\u00e4he von Hy\u00e8res les Palmiers.","robots":{"index":"index","follow":"follow","max-snippet":"max-snippet:-1","max-image-preview":"max-image-preview:large","max-video-preview":"max-video-preview:-1"},"canonical":"https:\/\/www.camping-var-tomasses.fr\/de\/4-sterne-campingplatz-sudfrankreich\/","og_locale":"de_DE","og_type":"article","og_title":"4 Sterne Campingplatz Var | 4-Sterne-Campingurlaub im Var","og_description":"4-Sterne-Campingplatz in S\u00fcdfrankreich f\u00fcr einen komfortablen Familienurlaub in Meeresn\u00e4he. Urlaub mit beheiztem Schwimmbad und klimatisierten Mobilheimen in der N\u00e4he von Hy\u00e8res les Palmiers.","og_url":"https:\/\/www.camping-var-tomasses.fr\/de\/4-sterne-campingplatz-sudfrankreich\/","og_site_name":"Camping les Tomasses","article_modified_time":"2022-04-20T10:05:02+00:00","og_image":[{"width":1903,"height":450,"url":"https:\/\/www.camping-var-tomasses.fr\/wp-content\/uploads\/2021\/03\/pancarte-bienvenue.jpg","type":"image\/jpeg"}],"twitter_card":"summary_large_image","schema":{"@context":"https:\/\/schema.org","@graph":[{"@type":"WebPage","@id":"https:\/\/www.camping-var-tomasses.fr\/de\/4-sterne-campingplatz-sudfrankreich\/","url":"https:\/\/www.camping-var-tomasses.fr\/de\/4-sterne-campingplatz-sudfrankreich\/","name":"4 Sterne Campingplatz Var | 4-Sterne-Campingurlaub im Var","isPartOf":{"@id":"https:\/\/www.camping-var-tomasses.fr\/de\/#website"},"datePublished":"2021-03-16T10:29:23+00:00","dateModified":"2022-04-20T10:05:02+00:00","description":"4-Sterne-Campingplatz in S\u00fcdfrankreich f\u00fcr einen komfortablen Familienurlaub in Meeresn\u00e4he. Urlaub mit beheiztem Schwimmbad und klimatisierten Mobilheimen in der N\u00e4he von Hy\u00e8res les Palmiers.","breadcrumb":{"@id":"https:\/\/www.camping-var-tomasses.fr\/de\/4-sterne-campingplatz-sudfrankreich\/#breadcrumb"},"inLanguage":"de","potentialAction":[{"@type":"ReadAction","target":["https:\/\/www.camping-var-tomasses.fr\/de\/4-sterne-campingplatz-sudfrankreich\/"]}]},{"@type":"BreadcrumbList","@id":"https:\/\/www.camping-var-tomasses.fr\/de\/4-sterne-campingplatz-sudfrankreich\/#breadcrumb","itemListElement":[{"@type":"ListItem","position":1,"name":"Campingplatz Var","item":"https:\/\/www.camping-var-tomasses.fr\/de\/"},{"@type":"ListItem","position":2,"name":"Verpflegung, W\u00e4scherei Var"}]},{"@type":"WebSite","@id":"https:\/\/www.camping-var-tomasses.fr\/de\/#website","url":"https:\/\/www.camping-var-tomasses.fr\/de\/","name":"Camping les Tomasses","description":"","potentialAction":[{"@type":"SearchAction","target":{"@type":"EntryPoint","urlTemplate":"https:\/\/www.camping-var-tomasses.fr\/de\/?s={search_term_string}"},"query-input":"required name=search_term_string"}],"inLanguage":"de"}]}},"_links":{"self":[{"href":"https:\/\/www.camping-var-tomasses.fr\/de\/wp-json\/wp\/v2\/pages\/2935","targetHints":{"allow":["GET"]}}],"collection":[{"href":"https:\/\/www.camping-var-tomasses.fr\/de\/wp-json\/wp\/v2\/pages"}],"about":[{"href":"https:\/\/www.camping-var-tomasses.fr\/de\/wp-json\/wp\/v2\/types\/page"}],"author":[{"embeddable":true,"href":"https:\/\/www.camping-var-tomasses.fr\/de\/wp-json\/wp\/v2\/users\/1"}],"replies":[{"embeddable":true,"href":"https:\/\/www.camping-var-tomasses.fr\/de\/wp-json\/wp\/v2\/comments?post=2935"}],"version-history":[{"count":10,"href":"https:\/\/www.camping-var-tomasses.fr\/de\/wp-json\/wp\/v2\/pages\/2935\/revisions"}],"predecessor-version":[{"id":6676,"href":"https:\/\/www.camping-var-tomasses.fr\/de\/wp-json\/wp\/v2\/pages\/2935\/revisions\/6676"}],"wp:featuredmedia":[{"embeddable":true,"href":"https:\/\/www.camping-var-tomasses.fr\/de\/wp-json\/wp\/v2\/media\/7869"}],"wp:attachment":[{"href":"https:\/\/www.camping-var-tomasses.fr\/de\/wp-json\/wp\/v2\/media?parent=2935"}],"curies":[{"name":"wp","href":"https:\/\/api.w.org\/{rel}","templated":true}]}}